{"id":1337,"date":"2014-12-22T14:36:13","date_gmt":"2014-12-22T12:36:13","guid":{"rendered":"http:\/\/www.muvika.com\/site\/?page_id=1337"},"modified":"2023-08-03T08:37:42","modified_gmt":"2023-08-03T06:37:42","slug":"karaokelevyt","status":"publish","type":"page","link":"https:\/\/www.muvika.com\/site\/fi\/muvika-karaoke\/karaokelevyt\/","title":{"rendered":"Karaokelevyt?"},"content":{"rendered":"<p>[vc_row][vc_column width=&#8221;2\/3&#8243;][vc_column_text]Kuten musiikissa ja elokuvissa, karaokessa on k\u00e4ynniss\u00e4 muutos cd- ja dvd-levymyynnist\u00e4 nettipohjaisiin palveluihin.<\/p>\n<p>Toistaiseksi karaoken nettipalveluissa on ollut joko liian v\u00e4h\u00e4n sis\u00e4lt\u00f6\u00e4 tai niist\u00e4 on puuttunut t\u00e4rkeit\u00e4 ominaisuuksia kuten s\u00e4velkorkeuden s\u00e4\u00e4t\u00f6. Lis\u00e4ksi uuden harrastajan on t\u00e4ytynyt hankkia erikseen karaokelaitteet.<\/p>\n<p>Muvika Box ratkaisee ongelmat yhdist\u00e4m\u00e4ll\u00e4 karaokemikserin ja laajan online-katalogin yhteen pakettiin. Laite lataa videot suoraan Muvikan palvelimilta netist\u00e4. N\u00e4in helppoa karaoken harrastaminen ei ole viel\u00e4 ollut. Ne joilla karaokelaitteisto jo on, voivat toistaa videoita Muvika Online Karaoke -nettisivun kautta esimerkiksi tietokoneella tai k\u00e4nnyk\u00e4ll\u00e4 ja k\u00e4ytt\u00e4\u00e4 mikseri\u00e4 vanhaan tapaan.<\/p>\n<p>DVD-levyj\u00e4 ei en\u00e4\u00e4 tarvita. Yhdell\u00e4 kuukausimaksulla k\u00e4ytett\u00e4viss\u00e4si on jatkuvasti koko katalogi, eik\u00e4 uusien hittien per\u00e4ss\u00e4 tarvitse juosta kaupassa.<\/p>\n<p>Muvikan kappalevalikoimasta l\u00f6ytyv\u00e4t niin tunnetuimmat klassikkokappaleet kuin uusimmat radiohititkin.\u00a0Palvelusta l\u00f6yd\u00e4t seuraavien tuttujen karaoketuottajien kappaleita laadukkaina versioina: <strong>Finnkaraoke, Laulavakoira, Tatsia, Magnum, KSF, Karaoke Festival, Edel, Party Tyme, Power, Finlanders, Poptori, Klamydia Karaoke, Finnhits Karaoke, Warner MTG, Cover Karaoke, Svenska Karaoke Fabriken, Jurvan Musiikkipaja, KTM Musabox, Hevikaraoke, Raskasta Iskelm\u00e4\u00e4, Mana Banana,<br \/>\nTauski Karaoke, Exlibris, Heavykaraoke, Putte Karaoke, Raskasta Joulua, Duo Records, Karaoke Butik, Reijo P\u00e4kkil\u00e4, S\u00e4vel Soi, SunFly, Stingray ja Digitrax.<\/strong><\/p>\n<p><a class=\"btn btn-primary\" title=\"Muvika Karaoke\" href=\"https:\/\/www.muvika.com\/site\/fi\/muvika-karaoke\/\">&lt;&lt; Muvika Karaoke<\/a>[\/vc_column_text][vc_column_text][insert_php]try { print file_get_contents(&#8220;https:\/\/www.muvika.com\/tmp\/latest_tracks_karaoke_eu_fi.html&#8221;); } catch (Exception $e) {};[\/insert_php][\/vc_column_text][\/vc_column][vc_column width=&#8221;1\/3&#8243;][vc_btn title=&#8221;Ilmainen kuukausi&#8221; color=&#8221;sky&#8221; align=&#8221;center&#8221; button_block=&#8221;true&#8221; link=&#8221;url:http%3A%2F%2Fwww.muvika.com%2Fsite%2Ffi%2Fmuvika-karaoke%2Filmainen-kuukausi%2F|||&#8221;][vc_btn title=&#8221;Karaokelevyt&#8221; color=&#8221;sky&#8221; align=&#8221;center&#8221; button_block=&#8221;true&#8221; link=&#8221;url:http%3A%2F%2Fwww.muvika.com%2Fsite%2Ffi%2Fmuvika-karaoke%2Fkaraokelevyt%2F|||&#8221;][vc_btn title=&#8221;Muvika Online Karaoke&#8221; color=&#8221;sky&#8221; align=&#8221;center&#8221; button_block=&#8221;true&#8221; link=&#8221;url:http%3A%2F%2Fwww.muvika.com%2Fsite%2Ffi%2Fmuvika-karaoke%2Fmuvika-online-karaoke%2F|||&#8221;][vc_btn title=&#8221;Muvika Box -karaokelaite&#8221; color=&#8221;sky&#8221; align=&#8221;center&#8221; button_block=&#8221;true&#8221; link=&#8221;url:http%3A%2F%2Fwww.muvika.com%2Fsite%2Ffi%2Fmuvika-karaoke%2Fmuvika-box-karaokelaite%2F|||&#8221;][vc_single_image image=&#8221;2705&#8243; img_size=&#8221;large&#8221; alignment=&#8221;center&#8221; style=&#8221;vc_box_rounded&#8221; onclick=&#8221;link_image&#8221;][\/vc_column][\/vc_row]<\/p>\n","protected":false},"excerpt":{"rendered":"<p>[vc_row][vc_column width=&#8221;2\/3&#8243;][vc_column_text]Kuten musiikissa ja elokuvissa, karaokessa on k\u00e4ynniss\u00e4 muutos cd- ja dvd-levymyynnist\u00e4 nettipohjaisiin palveluihin. Toistaiseksi karaoken nettipalveluissa on ollut joko liian v\u00e4h\u00e4n sis\u00e4lt\u00f6\u00e4 tai niist\u00e4 on puuttunut t\u00e4rkeit\u00e4 ominaisuuksia kuten s\u00e4velkorkeuden s\u00e4\u00e4t\u00f6. Lis\u00e4ksi uuden harrastajan on t\u00e4ytynyt hankkia erikseen karaokelaitteet. Muvika Box ratkaisee ongelmat yhdist\u00e4m\u00e4ll\u00e4 karaokemikserin ja laajan online-katalogin yhteen [&hellip;]<\/p>\n","protected":false},"author":1,"featured_media":0,"parent":813,"menu_order":0,"comment_status":"closed","ping_status":"closed","template":"page-templates\/template-fullwidth.php","meta":{"_mi_skip_tracking":false},"yoast_head":"<!-- This site is optimized with the Yoast SEO plugin v20.3 - https:\/\/yoast.com\/wordpress\/plugins\/seo\/ -->\n<title>Karaokelevyt? - MUVIKA<\/title>\n<meta name=\"robots\" content=\"index, follow, max-snippet:-1, max-image-preview:large, max-video-preview:-1\" \/>\n<link rel=\"canonical\" href=\"https:\/\/www.muvika.com\/site\/muvika-karaoke\/karaokelevyt\/\" \/>\n<meta property=\"og:locale\" content=\"en_US\" \/>\n<meta property=\"og:type\" content=\"article\" \/>\n<meta property=\"og:title\" content=\"Karaokelevyt? - MUVIKA\" \/>\n<meta property=\"og:description\" content=\"[vc_row][vc_column width=&#8221;2\/3&#8243;][vc_column_text]Kuten musiikissa ja elokuvissa, karaokessa on k\u00e4ynniss\u00e4 muutos cd- ja dvd-levymyynnist\u00e4 nettipohjaisiin palveluihin. Toistaiseksi karaoken nettipalveluissa on ollut joko liian v\u00e4h\u00e4n sis\u00e4lt\u00f6\u00e4 tai niist\u00e4 on puuttunut t\u00e4rkeit\u00e4 ominaisuuksia kuten s\u00e4velkorkeuden s\u00e4\u00e4t\u00f6. Lis\u00e4ksi uuden harrastajan on t\u00e4ytynyt hankkia erikseen karaokelaitteet. Muvika Box ratkaisee ongelmat yhdist\u00e4m\u00e4ll\u00e4 karaokemikserin ja laajan online-katalogin yhteen [&hellip;]\" \/>\n<meta property=\"og:url\" content=\"https:\/\/www.muvika.com\/site\/fi\/muvika-karaoke\/karaokelevyt\/\" \/>\n<meta property=\"og:site_name\" content=\"MUVIKA\" \/>\n<meta property=\"article:publisher\" content=\"https:\/\/www.facebook.com\/muvikasuomi\/\" \/>\n<meta property=\"article:modified_time\" content=\"2023-08-03T06:37:42+00:00\" \/>\n<meta property=\"og:image\" content=\"https:\/\/www.muvika.com\/site\/wp-content\/uploads\/2016\/12\/Muvika-tv-mainos-2.jpg\" \/>\n\t<meta property=\"og:image:width\" content=\"1920\" \/>\n\t<meta property=\"og:image:height\" content=\"1080\" \/>\n\t<meta property=\"og:image:type\" content=\"image\/jpeg\" \/>\n<meta name=\"twitter:card\" content=\"summary_large_image\" \/>\n<meta name=\"twitter:label1\" content=\"Est. reading time\" \/>\n\t<meta name=\"twitter:data1\" content=\"1 minute\" \/>\n<script type=\"application\/ld+json\" class=\"yoast-schema-graph\">{\"@context\":\"https:\/\/schema.org\",\"@graph\":[{\"@type\":\"WebPage\",\"@id\":\"https:\/\/www.muvika.com\/site\/fi\/muvika-karaoke\/karaokelevyt\/\",\"url\":\"https:\/\/www.muvika.com\/site\/fi\/muvika-karaoke\/karaokelevyt\/\",\"name\":\"Karaokelevyt? - MUVIKA\",\"isPartOf\":{\"@id\":\"https:\/\/www.muvika.com\/site\/#website\"},\"datePublished\":\"2014-12-22T12:36:13+00:00\",\"dateModified\":\"2023-08-03T06:37:42+00:00\",\"breadcrumb\":{\"@id\":\"https:\/\/www.muvika.com\/site\/fi\/muvika-karaoke\/karaokelevyt\/#breadcrumb\"},\"inLanguage\":\"en-US\",\"potentialAction\":[{\"@type\":\"ReadAction\",\"target\":[\"https:\/\/www.muvika.com\/site\/fi\/muvika-karaoke\/karaokelevyt\/\"]}]},{\"@type\":\"BreadcrumbList\",\"@id\":\"https:\/\/www.muvika.com\/site\/fi\/muvika-karaoke\/karaokelevyt\/#breadcrumb\",\"itemListElement\":[{\"@type\":\"ListItem\",\"position\":1,\"name\":\"Home\",\"item\":\"https:\/\/www.muvika.com\/site\/\"},{\"@type\":\"ListItem\",\"position\":2,\"name\":\"Muvika Karaoke\",\"item\":\"https:\/\/www.muvika.com\/site\/fi\/muvika-karaoke\/\"},{\"@type\":\"ListItem\",\"position\":3,\"name\":\"Karaokelevyt?\"}]},{\"@type\":\"WebSite\",\"@id\":\"https:\/\/www.muvika.com\/site\/#website\",\"url\":\"https:\/\/www.muvika.com\/site\/\",\"name\":\"MUVIKA\",\"description\":\"Streaming online karaoke service\",\"publisher\":{\"@id\":\"https:\/\/www.muvika.com\/site\/#organization\"},\"potentialAction\":[{\"@type\":\"SearchAction\",\"target\":{\"@type\":\"EntryPoint\",\"urlTemplate\":\"https:\/\/www.muvika.com\/site\/?s={search_term_string}\"},\"query-input\":\"required name=search_term_string\"}],\"inLanguage\":\"en-US\"},{\"@type\":\"Organization\",\"@id\":\"https:\/\/www.muvika.com\/site\/#organization\",\"name\":\"Muvika Oy\",\"url\":\"https:\/\/www.muvika.com\/site\/\",\"logo\":{\"@type\":\"ImageObject\",\"inLanguage\":\"en-US\",\"@id\":\"https:\/\/www.muvika.com\/site\/#\/schema\/logo\/image\/\",\"url\":\"https:\/\/www.muvika.com\/site\/wp-content\/uploads\/2014\/11\/MUVIKA-karaoke-logo-no-shadow.png\",\"contentUrl\":\"https:\/\/www.muvika.com\/site\/wp-content\/uploads\/2014\/11\/MUVIKA-karaoke-logo-no-shadow.png\",\"width\":2048,\"height\":1288,\"caption\":\"Muvika Oy\"},\"image\":{\"@id\":\"https:\/\/www.muvika.com\/site\/#\/schema\/logo\/image\/\"},\"sameAs\":[\"https:\/\/www.facebook.com\/muvikasuomi\/\"]}]}<\/script>\n<!-- \/ Yoast SEO plugin. -->","yoast_head_json":{"title":"Karaokelevyt? - MUVIKA","robots":{"index":"index","follow":"follow","max-snippet":"max-snippet:-1","max-image-preview":"max-image-preview:large","max-video-preview":"max-video-preview:-1"},"canonical":"https:\/\/www.muvika.com\/site\/muvika-karaoke\/karaokelevyt\/","og_locale":"en_US","og_type":"article","og_title":"Karaokelevyt? - MUVIKA","og_description":"[vc_row][vc_column width=&#8221;2\/3&#8243;][vc_column_text]Kuten musiikissa ja elokuvissa, karaokessa on k\u00e4ynniss\u00e4 muutos cd- ja dvd-levymyynnist\u00e4 nettipohjaisiin palveluihin. Toistaiseksi karaoken nettipalveluissa on ollut joko liian v\u00e4h\u00e4n sis\u00e4lt\u00f6\u00e4 tai niist\u00e4 on puuttunut t\u00e4rkeit\u00e4 ominaisuuksia kuten s\u00e4velkorkeuden s\u00e4\u00e4t\u00f6. Lis\u00e4ksi uuden harrastajan on t\u00e4ytynyt hankkia erikseen karaokelaitteet. Muvika Box ratkaisee ongelmat yhdist\u00e4m\u00e4ll\u00e4 karaokemikserin ja laajan online-katalogin yhteen [&hellip;]","og_url":"https:\/\/www.muvika.com\/site\/fi\/muvika-karaoke\/karaokelevyt\/","og_site_name":"MUVIKA","article_publisher":"https:\/\/www.facebook.com\/muvikasuomi\/","article_modified_time":"2023-08-03T06:37:42+00:00","og_image":[{"width":1920,"height":1080,"url":"https:\/\/www.muvika.com\/site\/wp-content\/uploads\/2016\/12\/Muvika-tv-mainos-2.jpg","type":"image\/jpeg"}],"twitter_card":"summary_large_image","twitter_misc":{"Est. reading time":"1 minute"},"schema":{"@context":"https:\/\/schema.org","@graph":[{"@type":"WebPage","@id":"https:\/\/www.muvika.com\/site\/fi\/muvika-karaoke\/karaokelevyt\/","url":"https:\/\/www.muvika.com\/site\/fi\/muvika-karaoke\/karaokelevyt\/","name":"Karaokelevyt? - MUVIKA","isPartOf":{"@id":"https:\/\/www.muvika.com\/site\/#website"},"datePublished":"2014-12-22T12:36:13+00:00","dateModified":"2023-08-03T06:37:42+00:00","breadcrumb":{"@id":"https:\/\/www.muvika.com\/site\/fi\/muvika-karaoke\/karaokelevyt\/#breadcrumb"},"inLanguage":"en-US","potentialAction":[{"@type":"ReadAction","target":["https:\/\/www.muvika.com\/site\/fi\/muvika-karaoke\/karaokelevyt\/"]}]},{"@type":"BreadcrumbList","@id":"https:\/\/www.muvika.com\/site\/fi\/muvika-karaoke\/karaokelevyt\/#breadcrumb","itemListElement":[{"@type":"ListItem","position":1,"name":"Home","item":"https:\/\/www.muvika.com\/site\/"},{"@type":"ListItem","position":2,"name":"Muvika Karaoke","item":"https:\/\/www.muvika.com\/site\/fi\/muvika-karaoke\/"},{"@type":"ListItem","position":3,"name":"Karaokelevyt?"}]},{"@type":"WebSite","@id":"https:\/\/www.muvika.com\/site\/#website","url":"https:\/\/www.muvika.com\/site\/","name":"MUVIKA","description":"Streaming online karaoke service","publisher":{"@id":"https:\/\/www.muvika.com\/site\/#organization"},"potentialAction":[{"@type":"SearchAction","target":{"@type":"EntryPoint","urlTemplate":"https:\/\/www.muvika.com\/site\/?s={search_term_string}"},"query-input":"required name=search_term_string"}],"inLanguage":"en-US"},{"@type":"Organization","@id":"https:\/\/www.muvika.com\/site\/#organization","name":"Muvika Oy","url":"https:\/\/www.muvika.com\/site\/","logo":{"@type":"ImageObject","inLanguage":"en-US","@id":"https:\/\/www.muvika.com\/site\/#\/schema\/logo\/image\/","url":"https:\/\/www.muvika.com\/site\/wp-content\/uploads\/2014\/11\/MUVIKA-karaoke-logo-no-shadow.png","contentUrl":"https:\/\/www.muvika.com\/site\/wp-content\/uploads\/2014\/11\/MUVIKA-karaoke-logo-no-shadow.png","width":2048,"height":1288,"caption":"Muvika Oy"},"image":{"@id":"https:\/\/www.muvika.com\/site\/#\/schema\/logo\/image\/"},"sameAs":["https:\/\/www.facebook.com\/muvikasuomi\/"]}]}},"_links":{"self":[{"href":"https:\/\/www.muvika.com\/site\/wp-json\/wp\/v2\/pages\/1337"}],"collection":[{"href":"https:\/\/www.muvika.com\/site\/wp-json\/wp\/v2\/pages"}],"about":[{"href":"https:\/\/www.muvika.com\/site\/wp-json\/wp\/v2\/types\/page"}],"author":[{"embeddable":true,"href":"https:\/\/www.muvika.com\/site\/wp-json\/wp\/v2\/users\/1"}],"replies":[{"embeddable":true,"href":"https:\/\/www.muvika.com\/site\/wp-json\/wp\/v2\/comments?post=1337"}],"version-history":[{"count":2,"href":"https:\/\/www.muvika.com\/site\/wp-json\/wp\/v2\/pages\/1337\/revisions"}],"predecessor-version":[{"id":5595,"href":"https:\/\/www.muvika.com\/site\/wp-json\/wp\/v2\/pages\/1337\/revisions\/5595"}],"up":[{"embeddable":true,"href":"https:\/\/www.muvika.com\/site\/wp-json\/wp\/v2\/pages\/813"}],"wp:attachment":[{"href":"https:\/\/www.muvika.com\/site\/wp-json\/wp\/v2\/media?parent=1337"}],"curies":[{"name":"wp","href":"https:\/\/api.w.org\/{rel}","templated":true}]}}