{"id":1343,"date":"2014-12-22T17:57:56","date_gmt":"2014-12-22T15:57:56","guid":{"rendered":"http:\/\/www.muvika.com\/site\/?page_id=1343"},"modified":"2023-08-02T09:07:59","modified_gmt":"2023-08-02T07:07:59","slug":"muvika-online-karaoke","status":"publish","type":"page","link":"https:\/\/www.muvika.com\/site\/fi\/muvika-karaoke\/muvika-online-karaoke\/","title":{"rendered":"Muvika Online Karaoke"},"content":{"rendered":"<p>[vc_row][vc_column width=&#8221;2\/3&#8243;][vc_column_text]Muvika Online Karaoke -palvelun nettisivun avulla voit j\u00e4rjest\u00e4\u00e4 karaokeillan omalla mobiililaitteellasi tai PC:ll\u00e4si &#8211; tai lauleskella vain omaksi iloksesi.<\/p>\n<p>K\u00e4ytt\u00f6liittym\u00e4 on suunniteltu mahdollisimman helppok\u00e4ytt\u00f6iseksi. Ominaisuuksista ei ole silti tingitty, vaan normaalien haku- ja soittolistatoimintojen lis\u00e4ksi mukana ovat s\u00e4velkorkeuden s\u00e4\u00e4t\u00f6 ja muut edistyneemm\u00e4t toiminnot.<\/p>\n<p>Videotoiston aikana ruudulla etenee sanoitus normaaliin tapaan ja taustalla soi korkealaatuinen karaokemusiikkitausta.<strong><a href=\"https:\/\/player.muvika.com\/shop\"><\/a><\/strong><\/p>\n<p>T\u00e4rkeimpi\u00e4 ominaisuuksia:<\/p>\n<ul>\n<li>Eritt\u00e4in monipuolinen valikoima kappaleita kymmenilt\u00e4 tuottajilta: Finnkaraoke, Power, Laulavakoira, Finnhits, Tatsia, Magnum ja niin edelleen. Katso koko lista <a href=\"https:\/\/www.muvika.com\/site\/fi\/faq\/\">FAQ-sivulta<\/a>.<\/li>\n<li>Kappalehaku ja genret sek\u00e4 suosituimmat kappaleet<\/li>\n<li>Omat soittolistat<\/li>\n<li>Omat suosikkikappaleet<\/li>\n<li>S\u00e4velkorkeuden s\u00e4\u00e4t\u00f6<\/li>\n<li>Opaslauluraidat<\/li>\n<li>SongBook-toiminto kappaleiden lis\u00e4\u00e4miseen toiselta laitteelta<\/li>\n<li>Laulajalistalle voi tallettaa perheenj\u00e4senet ja kaverit, joten yhteisen karaokeillan py\u00f6ritt\u00e4minen onnistuu k\u00e4tev\u00e4sti<\/li>\n<li>Kaikki normaalit videotoistotoiminnot mukaan lukien kokoruutun\u00e4ytt\u00f6<\/li>\n<li>Karaokevideon esitt\u00e4minen erillisess\u00e4 ikkunassa tai esimerkiksi tv-ruudulla, jolloin voit samaan aikaan etsi\u00e4 uusia kappaleita tietokoneen n\u00e4yt\u00f6lt\u00e4.<\/li>\n<\/ul>\n<p>Muvika Online Karaoke -palvelu toimii yleisimmill\u00e4 p\u00e4\u00e4telaitteilla ja selaimilla.<\/p>\n<p>[\/vc_column_text][vc_column_text]<\/p>\n<p><a class=\"btn btn-primary\" title=\"Muvika Karaoke\" href=\"https:\/\/www.muvika.com\/site\/fi\/muvika-karaoke\/\">&lt;&lt; Muvika Karaoke<\/a>[\/vc_column_text][\/vc_column][vc_column width=&#8221;1\/3&#8243;][vc_btn title=&#8221;Ilmainen kuukausi&#8221; color=&#8221;sky&#8221; align=&#8221;center&#8221; button_block=&#8221;true&#8221; link=&#8221;url:http%3A%2F%2Fwww.muvika.com%2Fsite%2Ffi%2Fmuvika-karaoke%2Filmainen-kuukausi%2F|||&#8221;][vc_btn title=&#8221;Karaokelevyt&#8221; color=&#8221;sky&#8221; align=&#8221;center&#8221; button_block=&#8221;true&#8221; link=&#8221;url:http%3A%2F%2Fwww.muvika.com%2Fsite%2Ffi%2Fmuvika-karaoke%2Fkaraokelevyt%2F|||&#8221;][vc_btn title=&#8221;Muvika Online Karaoke&#8221; color=&#8221;sky&#8221; align=&#8221;center&#8221; button_block=&#8221;true&#8221; link=&#8221;url:http%3A%2F%2Fwww.muvika.com%2Fsite%2Ffi%2Fmuvika-karaoke%2Fmuvika-online-karaoke%2F|||&#8221;][vc_btn title=&#8221;Muvika Box -karaokelaite&#8221; color=&#8221;sky&#8221; align=&#8221;center&#8221; button_block=&#8221;true&#8221; link=&#8221;url:http%3A%2F%2Fwww.muvika.com%2Fsite%2Ffi%2Fmuvika-karaoke%2Fmuvika-box-karaokelaite%2F|||&#8221;][vc_btn title=&#8221;Luo tili nyt!&#8221; color=&#8221;success&#8221; align=&#8221;center&#8221; link=&#8221;url:http%3A%2F%2Fplayer.muvika.com%2Fkaraoke%2Fregistration_start|||&#8221;][vc_column_text css=&#8221;.vc_custom_1544973962076{margin-top: -10px !important;}&#8221;]<\/p>\n<p style=\"text-align: center;\">Ensimm\u00e4inen kuukausi ilmaiseksi.<\/p>\n<p>[\/vc_column_text][vc_single_image image=&#8221;4873&#8243; img_size=&#8221;large&#8221; alignment=&#8221;center&#8221; style=&#8221;vc_box_rounded&#8221; onclick=&#8221;link_image&#8221;][vc_single_image image=&#8221;4879&#8243; img_size=&#8221;large&#8221; alignment=&#8221;center&#8221; style=&#8221;vc_box_rounded&#8221; onclick=&#8221;link_image&#8221;][vc_single_image image=&#8221;4883&#8243; img_size=&#8221;large&#8221; alignment=&#8221;center&#8221; style=&#8221;vc_box_rounded&#8221; onclick=&#8221;link_image&#8221;][vc_single_image image=&#8221;4887&#8243; img_size=&#8221;large&#8221; alignment=&#8221;center&#8221; style=&#8221;vc_box_rounded&#8221; onclick=&#8221;link_image&#8221;][\/vc_column][\/vc_row]<\/p>\n","protected":false},"excerpt":{"rendered":"<p>[vc_row][vc_column width=&#8221;2\/3&#8243;][vc_column_text]Muvika Online Karaoke -palvelun nettisivun avulla voit j\u00e4rjest\u00e4\u00e4 karaokeillan omalla mobiililaitteellasi tai PC:ll\u00e4si &#8211; tai lauleskella vain omaksi iloksesi. K\u00e4ytt\u00f6liittym\u00e4 on suunniteltu mahdollisimman helppok\u00e4ytt\u00f6iseksi. Ominaisuuksista ei ole silti tingitty, vaan normaalien haku- ja soittolistatoimintojen lis\u00e4ksi mukana ovat s\u00e4velkorkeuden s\u00e4\u00e4t\u00f6 ja muut edistyneemm\u00e4t toiminnot. Videotoiston aikana ruudulla etenee sanoitus normaaliin [&hellip;]<\/p>\n","protected":false},"author":1,"featured_media":0,"parent":813,"menu_order":0,"comment_status":"closed","ping_status":"closed","template":"page-templates\/template-fullwidth.php","meta":{"_mi_skip_tracking":false},"yoast_head":"<!-- This site is optimized with the Yoast SEO plugin v20.3 - https:\/\/yoast.com\/wordpress\/plugins\/seo\/ -->\n<title>Muvika Online Karaoke - MUVIKA<\/title>\n<meta name=\"robots\" content=\"index, follow, max-snippet:-1, max-image-preview:large, max-video-preview:-1\" \/>\n<link rel=\"canonical\" href=\"https:\/\/www.muvika.com\/site\/muvika-karaoke\/muvika-online-karaoke\/\" \/>\n<meta property=\"og:locale\" content=\"en_US\" \/>\n<meta property=\"og:type\" content=\"article\" \/>\n<meta property=\"og:title\" content=\"Muvika Online Karaoke - MUVIKA\" \/>\n<meta property=\"og:description\" content=\"[vc_row][vc_column width=&#8221;2\/3&#8243;][vc_column_text]Muvika Online Karaoke -palvelun nettisivun avulla voit j\u00e4rjest\u00e4\u00e4 karaokeillan omalla mobiililaitteellasi tai PC:ll\u00e4si &#8211; tai lauleskella vain omaksi iloksesi. K\u00e4ytt\u00f6liittym\u00e4 on suunniteltu mahdollisimman helppok\u00e4ytt\u00f6iseksi. Ominaisuuksista ei ole silti tingitty, vaan normaalien haku- ja soittolistatoimintojen lis\u00e4ksi mukana ovat s\u00e4velkorkeuden s\u00e4\u00e4t\u00f6 ja muut edistyneemm\u00e4t toiminnot. Videotoiston aikana ruudulla etenee sanoitus normaaliin [&hellip;]\" \/>\n<meta property=\"og:url\" content=\"https:\/\/www.muvika.com\/site\/fi\/muvika-karaoke\/muvika-online-karaoke\/\" \/>\n<meta property=\"og:site_name\" content=\"MUVIKA\" \/>\n<meta property=\"article:publisher\" content=\"https:\/\/www.facebook.com\/muvikasuomi\/\" \/>\n<meta property=\"article:modified_time\" content=\"2023-08-02T07:07:59+00:00\" \/>\n<meta property=\"og:image\" content=\"https:\/\/www.muvika.com\/site\/wp-content\/uploads\/2016\/12\/Muvika-tv-mainos-2.jpg\" \/>\n\t<meta property=\"og:image:width\" content=\"1920\" \/>\n\t<meta property=\"og:image:height\" content=\"1080\" \/>\n\t<meta property=\"og:image:type\" content=\"image\/jpeg\" \/>\n<meta name=\"twitter:card\" content=\"summary_large_image\" \/>\n<meta name=\"twitter:label1\" content=\"Est. reading time\" \/>\n\t<meta name=\"twitter:data1\" content=\"1 minute\" \/>\n<script type=\"application\/ld+json\" class=\"yoast-schema-graph\">{\"@context\":\"https:\/\/schema.org\",\"@graph\":[{\"@type\":\"WebPage\",\"@id\":\"https:\/\/www.muvika.com\/site\/fi\/muvika-karaoke\/muvika-online-karaoke\/\",\"url\":\"https:\/\/www.muvika.com\/site\/fi\/muvika-karaoke\/muvika-online-karaoke\/\",\"name\":\"Muvika Online Karaoke - MUVIKA\",\"isPartOf\":{\"@id\":\"https:\/\/www.muvika.com\/site\/#website\"},\"datePublished\":\"2014-12-22T15:57:56+00:00\",\"dateModified\":\"2023-08-02T07:07:59+00:00\",\"breadcrumb\":{\"@id\":\"https:\/\/www.muvika.com\/site\/fi\/muvika-karaoke\/muvika-online-karaoke\/#breadcrumb\"},\"inLanguage\":\"en-US\",\"potentialAction\":[{\"@type\":\"ReadAction\",\"target\":[\"https:\/\/www.muvika.com\/site\/fi\/muvika-karaoke\/muvika-online-karaoke\/\"]}]},{\"@type\":\"BreadcrumbList\",\"@id\":\"https:\/\/www.muvika.com\/site\/fi\/muvika-karaoke\/muvika-online-karaoke\/#breadcrumb\",\"itemListElement\":[{\"@type\":\"ListItem\",\"position\":1,\"name\":\"Home\",\"item\":\"https:\/\/www.muvika.com\/site\/\"},{\"@type\":\"ListItem\",\"position\":2,\"name\":\"Muvika Karaoke\",\"item\":\"https:\/\/www.muvika.com\/site\/fi\/muvika-karaoke\/\"},{\"@type\":\"ListItem\",\"position\":3,\"name\":\"Muvika Online Karaoke\"}]},{\"@type\":\"WebSite\",\"@id\":\"https:\/\/www.muvika.com\/site\/#website\",\"url\":\"https:\/\/www.muvika.com\/site\/\",\"name\":\"MUVIKA\",\"description\":\"Streaming online karaoke service\",\"publisher\":{\"@id\":\"https:\/\/www.muvika.com\/site\/#organization\"},\"potentialAction\":[{\"@type\":\"SearchAction\",\"target\":{\"@type\":\"EntryPoint\",\"urlTemplate\":\"https:\/\/www.muvika.com\/site\/?s={search_term_string}\"},\"query-input\":\"required name=search_term_string\"}],\"inLanguage\":\"en-US\"},{\"@type\":\"Organization\",\"@id\":\"https:\/\/www.muvika.com\/site\/#organization\",\"name\":\"Muvika Oy\",\"url\":\"https:\/\/www.muvika.com\/site\/\",\"logo\":{\"@type\":\"ImageObject\",\"inLanguage\":\"en-US\",\"@id\":\"https:\/\/www.muvika.com\/site\/#\/schema\/logo\/image\/\",\"url\":\"https:\/\/www.muvika.com\/site\/wp-content\/uploads\/2014\/11\/MUVIKA-karaoke-logo-no-shadow.png\",\"contentUrl\":\"https:\/\/www.muvika.com\/site\/wp-content\/uploads\/2014\/11\/MUVIKA-karaoke-logo-no-shadow.png\",\"width\":2048,\"height\":1288,\"caption\":\"Muvika Oy\"},\"image\":{\"@id\":\"https:\/\/www.muvika.com\/site\/#\/schema\/logo\/image\/\"},\"sameAs\":[\"https:\/\/www.facebook.com\/muvikasuomi\/\"]}]}<\/script>\n<!-- \/ Yoast SEO plugin. -->","yoast_head_json":{"title":"Muvika Online Karaoke - MUVIKA","robots":{"index":"index","follow":"follow","max-snippet":"max-snippet:-1","max-image-preview":"max-image-preview:large","max-video-preview":"max-video-preview:-1"},"canonical":"https:\/\/www.muvika.com\/site\/muvika-karaoke\/muvika-online-karaoke\/","og_locale":"en_US","og_type":"article","og_title":"Muvika Online Karaoke - MUVIKA","og_description":"[vc_row][vc_column width=&#8221;2\/3&#8243;][vc_column_text]Muvika Online Karaoke -palvelun nettisivun avulla voit j\u00e4rjest\u00e4\u00e4 karaokeillan omalla mobiililaitteellasi tai PC:ll\u00e4si &#8211; tai lauleskella vain omaksi iloksesi. K\u00e4ytt\u00f6liittym\u00e4 on suunniteltu mahdollisimman helppok\u00e4ytt\u00f6iseksi. Ominaisuuksista ei ole silti tingitty, vaan normaalien haku- ja soittolistatoimintojen lis\u00e4ksi mukana ovat s\u00e4velkorkeuden s\u00e4\u00e4t\u00f6 ja muut edistyneemm\u00e4t toiminnot. Videotoiston aikana ruudulla etenee sanoitus normaaliin [&hellip;]","og_url":"https:\/\/www.muvika.com\/site\/fi\/muvika-karaoke\/muvika-online-karaoke\/","og_site_name":"MUVIKA","article_publisher":"https:\/\/www.facebook.com\/muvikasuomi\/","article_modified_time":"2023-08-02T07:07:59+00:00","og_image":[{"width":1920,"height":1080,"url":"https:\/\/www.muvika.com\/site\/wp-content\/uploads\/2016\/12\/Muvika-tv-mainos-2.jpg","type":"image\/jpeg"}],"twitter_card":"summary_large_image","twitter_misc":{"Est. reading time":"1 minute"},"schema":{"@context":"https:\/\/schema.org","@graph":[{"@type":"WebPage","@id":"https:\/\/www.muvika.com\/site\/fi\/muvika-karaoke\/muvika-online-karaoke\/","url":"https:\/\/www.muvika.com\/site\/fi\/muvika-karaoke\/muvika-online-karaoke\/","name":"Muvika Online Karaoke - MUVIKA","isPartOf":{"@id":"https:\/\/www.muvika.com\/site\/#website"},"datePublished":"2014-12-22T15:57:56+00:00","dateModified":"2023-08-02T07:07:59+00:00","breadcrumb":{"@id":"https:\/\/www.muvika.com\/site\/fi\/muvika-karaoke\/muvika-online-karaoke\/#breadcrumb"},"inLanguage":"en-US","potentialAction":[{"@type":"ReadAction","target":["https:\/\/www.muvika.com\/site\/fi\/muvika-karaoke\/muvika-online-karaoke\/"]}]},{"@type":"BreadcrumbList","@id":"https:\/\/www.muvika.com\/site\/fi\/muvika-karaoke\/muvika-online-karaoke\/#breadcrumb","itemListElement":[{"@type":"ListItem","position":1,"name":"Home","item":"https:\/\/www.muvika.com\/site\/"},{"@type":"ListItem","position":2,"name":"Muvika Karaoke","item":"https:\/\/www.muvika.com\/site\/fi\/muvika-karaoke\/"},{"@type":"ListItem","position":3,"name":"Muvika Online Karaoke"}]},{"@type":"WebSite","@id":"https:\/\/www.muvika.com\/site\/#website","url":"https:\/\/www.muvika.com\/site\/","name":"MUVIKA","description":"Streaming online karaoke service","publisher":{"@id":"https:\/\/www.muvika.com\/site\/#organization"},"potentialAction":[{"@type":"SearchAction","target":{"@type":"EntryPoint","urlTemplate":"https:\/\/www.muvika.com\/site\/?s={search_term_string}"},"query-input":"required name=search_term_string"}],"inLanguage":"en-US"},{"@type":"Organization","@id":"https:\/\/www.muvika.com\/site\/#organization","name":"Muvika Oy","url":"https:\/\/www.muvika.com\/site\/","logo":{"@type":"ImageObject","inLanguage":"en-US","@id":"https:\/\/www.muvika.com\/site\/#\/schema\/logo\/image\/","url":"https:\/\/www.muvika.com\/site\/wp-content\/uploads\/2014\/11\/MUVIKA-karaoke-logo-no-shadow.png","contentUrl":"https:\/\/www.muvika.com\/site\/wp-content\/uploads\/2014\/11\/MUVIKA-karaoke-logo-no-shadow.png","width":2048,"height":1288,"caption":"Muvika Oy"},"image":{"@id":"https:\/\/www.muvika.com\/site\/#\/schema\/logo\/image\/"},"sameAs":["https:\/\/www.facebook.com\/muvikasuomi\/"]}]}},"_links":{"self":[{"href":"https:\/\/www.muvika.com\/site\/wp-json\/wp\/v2\/pages\/1343"}],"collection":[{"href":"https:\/\/www.muvika.com\/site\/wp-json\/wp\/v2\/pages"}],"about":[{"href":"https:\/\/www.muvika.com\/site\/wp-json\/wp\/v2\/types\/page"}],"author":[{"embeddable":true,"href":"https:\/\/www.muvika.com\/site\/wp-json\/wp\/v2\/users\/1"}],"replies":[{"embeddable":true,"href":"https:\/\/www.muvika.com\/site\/wp-json\/wp\/v2\/comments?post=1343"}],"version-history":[{"count":5,"href":"https:\/\/www.muvika.com\/site\/wp-json\/wp\/v2\/pages\/1343\/revisions"}],"predecessor-version":[{"id":5569,"href":"https:\/\/www.muvika.com\/site\/wp-json\/wp\/v2\/pages\/1343\/revisions\/5569"}],"up":[{"embeddable":true,"href":"https:\/\/www.muvika.com\/site\/wp-json\/wp\/v2\/pages\/813"}],"wp:attachment":[{"href":"https:\/\/www.muvika.com\/site\/wp-json\/wp\/v2\/media?parent=1343"}],"curies":[{"name":"wp","href":"https:\/\/api.w.org\/{rel}","templated":true}]}}