{"id":1357,"date":"2014-12-22T18:07:49","date_gmt":"2014-12-22T16:07:49","guid":{"rendered":"http:\/\/www.muvika.com\/site\/?page_id=1357"},"modified":"2026-01-07T08:10:57","modified_gmt":"2026-01-07T06:10:57","slug":"muvika-box-karaokelaite","status":"publish","type":"page","link":"https:\/\/www.muvika.com\/site\/fi\/muvika-karaoke\/muvika-box-karaokelaite\/","title":{"rendered":"Muvika Box -karaokelaite"},"content":{"rendered":"<p>[vc_row][vc_column width=&#8221;2\/3&#8243;][vc_column_text]Parhaan karaoke-el\u00e4myksen tuottaa oman laulu\u00e4\u00e4nen miksaus musiikkiin. Siihen tarvitaan mikrofoni ja mikseri.<\/p>\n<p>Muvika Box on t\u00e4ydellinen digitaalinen ratkaisu kodin karaokej\u00e4rjestelm\u00e4ksi. Laitteeseen voi liitt\u00e4\u00e4 kaksi mikrofonia, ja siin\u00e4 on kaikki tarvittavat miksaus- ja s\u00e4\u00e4t\u00f6toiminnot. Laite yhdistet\u00e4\u00e4n nettiin, televisioon ja kodin \u00e4\u00e4nentoistoj\u00e4rjestelm\u00e4\u00e4n, ja laulaminen voi alkaa. Muvika Box toistaa kappaleet suoraan verkosta Muvikan palvelimilta.<\/p>\n<p>Kaukos\u00e4\u00e4timell\u00e4 on helppo k\u00e4ytt\u00e4\u00e4 kaikkia toimintoja kotisohvalta. Kaukos\u00e4\u00e4timess\u00e4 on my\u00f6s qwerty-n\u00e4pp\u00e4imist\u00f6, jolla kappaleiden etsiminen sujuu k\u00e4tev\u00e4sti.<\/p>\n<p>Tilatessasi Muvika Boxin saat samalla kolme kuukautta ilmaista k\u00e4ytt\u00f6aikaa Muvika Karaoke -palveluun.<\/p>\n<p><a class=\"btn btn-primary\" title=\"Osta Muvika Box\" href=\"https:\/\/player.muvika.com\/shop\">Osta Muvika Box nyt!<\/a>[\/vc_column_text][vc_column_text]Ominaisuuksia:<\/p>\n<ul>\n<li>Jatkuvasti internetin kautta p\u00e4ivittyv\u00e4 kappalevalikoima<\/li>\n<li>K\u00e4ytett\u00e4viss\u00e4 my\u00f6s ilman nettiyhteytt\u00e4 tilap\u00e4isesti<\/li>\n<li>\u00c4lyk\u00e4s kauko-ohjain liiketunnistimella ja n\u00e4pp\u00e4imist\u00f6ll\u00e4<\/li>\n<li>Sis\u00e4\u00e4nrakennettu mikseri kaikuefekteill\u00e4<\/li>\n<li>Karaokemusiikin s\u00e4velkorkeuden s\u00e4\u00e4t\u00f6<\/li>\n<li>Opaslauluraita (saatavilla n. 80% kappaleista)<\/li>\n<li>Taustamusiikki karaokekappaleiden v\u00e4lill\u00e4<\/li>\n<li>Kytket\u00e4\u00e4n televisioon ja \u00e4\u00e4nentoistoon<\/li>\n<li>Helppo k\u00e4ytt\u00e4\u00e4<\/li>\n<\/ul>\n<p>Tuotepakkausen sis\u00e4lt\u00f6:<\/p>\n<ul>\n<li>Muvika Box -karaokelaite<\/li>\n<li>hdmi-videoulostulo tv-kytkent\u00e4\u00e4 varten<\/li>\n<li>WiFi &amp; LAN -verkkoliit\u00e4nn\u00e4t (internetyhteys vaaditaan)<\/li>\n<li>RCA \u00e4\u00e4niulostulo<\/li>\n<li>kaksi mikrofoniliit\u00e4nt\u00e4\u00e4<\/li>\n<li>\u00e4lyk\u00e4s kauko-ohjain liiketunnistimella ja n\u00e4pp\u00e4imist\u00f6ll\u00e4<\/li>\n<li>hdmi-kaapeli, rca-kaapeli ja virtal\u00e4hde<\/li>\n<li>pika-asennusopas<\/li>\n<li>3kk k\u00e4ytt\u00f6aikaa suomalaiseen Muvika Online -palveluun<\/li>\n<li>tuhansien kappaleiden jatkuvasti p\u00e4ivittyv\u00e4 valikoima<\/li>\n<li>kappaleita monilla kielill\u00e4, mukaan lukien suomi, ruotsi ja englanti<\/li>\n<\/ul>\n<p>Pakkauksen mitat ja paino:<\/p>\n<ul>\n<li>Korkeus: 8,7cm<\/li>\n<li>Leveys: 18,9cm<\/li>\n<li>Pituus: 27cm<\/li>\n<li>Paino: 0,91kg<\/li>\n<\/ul>\n<p>Tekniset tiedot:<\/p>\n<ul>\n<li>Suoritin: 2GHz Quad Core ARM A9R4<\/li>\n<li>RAM-muisti: 1Gt DDR3<\/li>\n<li>Tallennustila: 8Gt<\/li>\n<\/ul>\n<p>Liit\u00e4nn\u00e4t:<\/p>\n<ul>\n<li>HDMI-videoulostulo<\/li>\n<li>2 x RCA (\u00e4\u00e4niulostulo)<\/li>\n<li>RJ-45 -verkkoliit\u00e4nt\u00e4<\/li>\n<li>2 x 6,3mm mikrofonisis\u00e4\u00e4ntulo<\/li>\n<li>Wi-Fi: 802.11b\/g\/n<\/li>\n<\/ul>\n<p>Virtal\u00e4hde:<\/p>\n<ul>\n<li>Sis\u00e4\u00e4ntulo: 100-240V<\/li>\n<li>Ulostulo: 12V \/ 0,6A<\/li>\n<\/ul>\n<p>Laitevaatimukset:<\/p>\n<ul>\n<li>TV tai muu n\u00e4ytt\u00f6laite<\/li>\n<li>Internet-yhteys (tilap\u00e4inen k\u00e4ytt\u00f6 mahdollista ilman internet-yhteytt\u00e4)<\/li>\n<li>Kotiteatteri tai muu \u00e4\u00e4nentoisto*<\/li>\n<\/ul>\n<p>*) Suosittelemme \u00e4\u00e4nentoistoj\u00e4rjestelm\u00e4ksi: aktiivikaiutin, tietokonekaiutin tai kotiteatterij\u00e4rjestelm\u00e4, jossa \u00e4\u00e4nensiirto tapahtuu analogisesti johtoa pitkin. D\/A-muunnoksen vaativat HDMI, SPDIF sek\u00e4 langattomat Sound Bar ja BlueTooth -kaiutinj\u00e4rjestelm\u00e4t voivat aiheuttaa viiveen mikro\u00e4\u00e4neen laulettaessa. Jos olet ep\u00e4varma, ota yhteytt\u00e4 asiakaspalveluumme tai j\u00e4lleenmyyj\u00e4\u00e4si.<\/p>\n<p>Hinta:<\/p>\n<ul>\n<li>Muvika Box -laite ja kaukos\u00e4\u00e4din: 299 \u20ac<\/li>\n<li>Muvika Box -laite, kaukos\u00e4\u00e4din ja kaksi mikrofonia: 319 \u20ac<\/li>\n<\/ul>\n<p>Muuta:<\/p>\n<ul>\n<li>Laitteen k\u00e4ytt\u00f6 vaatii voimassa olevan tilauksen Muvika-palvelussa<\/li>\n<li>T\u00e4m\u00e4 laite soveltuu vain kotik\u00e4ytt\u00f6\u00f6n. Jos tarvitset laitetta julkiseen k\u00e4ytt\u00f6\u00f6n kuten ravintolaan, katso sivu\u00a0<a href=\"\/site\/fi\/muvika-pro\/\">Pro<\/a><\/li>\n<\/ul>\n<p>Netin kautta ostettaessa toimitus Postipakettina (nouto Postista tai pakettiautomaatista). 14 p\u00e4iv\u00e4n palautusoikeus.<strong><\/strong><\/p>\n<p>Laitteella on vuoden takuu. Mikrofonin johto on kuluva osa, jolla on 14 p\u00e4iv\u00e4n palautus- ja vaihto-oikeus uuteen muttei takuuta.<\/p>\n<p><a class=\"btn btn-primary\" title=\"Osta Muvika Box\" href=\"https:\/\/player.muvika.com\/shop\">Siirry Muvika-kauppaan ostamaan<\/a>[\/vc_column_text][\/vc_column][vc_column width=&#8221;1\/3&#8243;][vc_btn title=&#8221;Ilmainen kuukausi&#8221; color=&#8221;sky&#8221; align=&#8221;center&#8221; button_block=&#8221;true&#8221; link=&#8221;url:http%3A%2F%2Fwww.muvika.com%2Fsite%2Ffi%2Fmuvika-karaoke%2Filmainen-kuukausi%2F|||&#8221;][vc_btn title=&#8221;Karaokelevyt&#8221; color=&#8221;sky&#8221; align=&#8221;center&#8221; button_block=&#8221;true&#8221; link=&#8221;url:http%3A%2F%2Fwww.muvika.com%2Fsite%2Ffi%2Fmuvika-karaoke%2Fkaraokelevyt%2F|||&#8221;][vc_btn title=&#8221;Muvika Online Karaoke&#8221; color=&#8221;sky&#8221; align=&#8221;center&#8221; button_block=&#8221;true&#8221; link=&#8221;url:http%3A%2F%2Fwww.muvika.com%2Fsite%2Ffi%2Fmuvika-karaoke%2Fmuvika-online-karaoke%2F|||&#8221;][vc_btn title=&#8221;Muvika Box -karaokelaite&#8221; color=&#8221;sky&#8221; align=&#8221;center&#8221; button_block=&#8221;true&#8221; link=&#8221;url:http%3A%2F%2Fwww.muvika.com%2Fsite%2Ffi%2Fmuvika-karaoke%2Fmuvika-box-karaokelaite%2F|||&#8221;][vc_btn title=&#8221;Luo tili nyt!&#8221; color=&#8221;success&#8221; align=&#8221;center&#8221; link=&#8221;url:http%3A%2F%2Fplayer.muvika.com%2Fkaraoke%2Fregistration_start|||&#8221;][vc_column_text css=&#8221;.vc_custom_1544973962076{margin-top: -10px !important;}&#8221;]<\/p>\n<p style=\"text-align: center;\">Ensimm\u00e4inen kuukausi ilmaiseksi.<\/p>\n<p>[\/vc_column_text][vc_single_image image=&#8221;2701&#8243; img_size=&#8221;large&#8221; alignment=&#8221;center&#8221; style=&#8221;vc_box_rounded&#8221; onclick=&#8221;link_image&#8221;][vc_single_image image=&#8221;2709&#8243; img_size=&#8221;large&#8221; alignment=&#8221;center&#8221; style=&#8221;vc_box_rounded&#8221; onclick=&#8221;link_image&#8221;][vc_single_image image=&#8221;2727&#8243; img_size=&#8221;large&#8221; alignment=&#8221;center&#8221; style=&#8221;vc_box_rounded&#8221; onclick=&#8221;link_image&#8221;][vc_single_image image=&#8221;4955&#8243; img_size=&#8221;large&#8221; alignment=&#8221;center&#8221; style=&#8221;vc_box_rounded&#8221; onclick=&#8221;link_image&#8221;][\/vc_column][\/vc_row]<\/p>\n","protected":false},"excerpt":{"rendered":"<p>[vc_row][vc_column width=&#8221;2\/3&#8243;][vc_column_text]Parhaan karaoke-el\u00e4myksen tuottaa oman laulu\u00e4\u00e4nen miksaus musiikkiin. Siihen tarvitaan mikrofoni ja mikseri. Muvika Box on t\u00e4ydellinen digitaalinen ratkaisu kodin karaokej\u00e4rjestelm\u00e4ksi. Laitteeseen voi liitt\u00e4\u00e4 kaksi mikrofonia, ja siin\u00e4 on kaikki tarvittavat miksaus- ja s\u00e4\u00e4t\u00f6toiminnot. Laite yhdistet\u00e4\u00e4n nettiin, televisioon ja kodin \u00e4\u00e4nentoistoj\u00e4rjestelm\u00e4\u00e4n, ja laulaminen voi alkaa. Muvika Box toistaa kappaleet suoraan [&hellip;]<\/p>\n","protected":false},"author":1,"featured_media":0,"parent":813,"menu_order":0,"comment_status":"closed","ping_status":"closed","template":"page-templates\/template-fullwidth.php","meta":{"_mi_skip_tracking":false},"yoast_head":"<!-- This site is optimized with the Yoast SEO plugin v20.3 - https:\/\/yoast.com\/wordpress\/plugins\/seo\/ -->\n<title>Muvika Box -karaokelaite - MUVIKA<\/title>\n<meta name=\"robots\" content=\"index, follow, max-snippet:-1, max-image-preview:large, max-video-preview:-1\" \/>\n<link rel=\"canonical\" href=\"https:\/\/www.muvika.com\/site\/muvika-karaoke\/muvika-box-karaokelaite\/\" \/>\n<meta property=\"og:locale\" content=\"en_US\" \/>\n<meta property=\"og:type\" content=\"article\" \/>\n<meta property=\"og:title\" content=\"Muvika Box -karaokelaite - MUVIKA\" \/>\n<meta property=\"og:description\" content=\"[vc_row][vc_column width=&#8221;2\/3&#8243;][vc_column_text]Parhaan karaoke-el\u00e4myksen tuottaa oman laulu\u00e4\u00e4nen miksaus musiikkiin. Siihen tarvitaan mikrofoni ja mikseri. Muvika Box on t\u00e4ydellinen digitaalinen ratkaisu kodin karaokej\u00e4rjestelm\u00e4ksi. Laitteeseen voi liitt\u00e4\u00e4 kaksi mikrofonia, ja siin\u00e4 on kaikki tarvittavat miksaus- ja s\u00e4\u00e4t\u00f6toiminnot. Laite yhdistet\u00e4\u00e4n nettiin, televisioon ja kodin \u00e4\u00e4nentoistoj\u00e4rjestelm\u00e4\u00e4n, ja laulaminen voi alkaa. Muvika Box toistaa kappaleet suoraan [&hellip;]\" \/>\n<meta property=\"og:url\" content=\"https:\/\/www.muvika.com\/site\/fi\/muvika-karaoke\/muvika-box-karaokelaite\/\" \/>\n<meta property=\"og:site_name\" content=\"MUVIKA\" \/>\n<meta property=\"article:publisher\" content=\"https:\/\/www.facebook.com\/muvikasuomi\/\" \/>\n<meta property=\"article:modified_time\" content=\"2026-01-07T06:10:57+00:00\" \/>\n<meta property=\"og:image\" content=\"https:\/\/www.muvika.com\/site\/wp-content\/uploads\/2016\/12\/Muvika-tv-mainos-2.jpg\" \/>\n\t<meta property=\"og:image:width\" content=\"1920\" \/>\n\t<meta property=\"og:image:height\" content=\"1080\" \/>\n\t<meta property=\"og:image:type\" content=\"image\/jpeg\" \/>\n<meta name=\"twitter:card\" content=\"summary_large_image\" \/>\n<meta name=\"twitter:label1\" content=\"Est. reading time\" \/>\n\t<meta name=\"twitter:data1\" content=\"2 minutes\" \/>\n<script type=\"application\/ld+json\" class=\"yoast-schema-graph\">{\"@context\":\"https:\/\/schema.org\",\"@graph\":[{\"@type\":\"WebPage\",\"@id\":\"https:\/\/www.muvika.com\/site\/fi\/muvika-karaoke\/muvika-box-karaokelaite\/\",\"url\":\"https:\/\/www.muvika.com\/site\/fi\/muvika-karaoke\/muvika-box-karaokelaite\/\",\"name\":\"Muvika Box -karaokelaite - MUVIKA\",\"isPartOf\":{\"@id\":\"https:\/\/www.muvika.com\/site\/#website\"},\"datePublished\":\"2014-12-22T16:07:49+00:00\",\"dateModified\":\"2026-01-07T06:10:57+00:00\",\"breadcrumb\":{\"@id\":\"https:\/\/www.muvika.com\/site\/fi\/muvika-karaoke\/muvika-box-karaokelaite\/#breadcrumb\"},\"inLanguage\":\"en-US\",\"potentialAction\":[{\"@type\":\"ReadAction\",\"target\":[\"https:\/\/www.muvika.com\/site\/fi\/muvika-karaoke\/muvika-box-karaokelaite\/\"]}]},{\"@type\":\"BreadcrumbList\",\"@id\":\"https:\/\/www.muvika.com\/site\/fi\/muvika-karaoke\/muvika-box-karaokelaite\/#breadcrumb\",\"itemListElement\":[{\"@type\":\"ListItem\",\"position\":1,\"name\":\"Home\",\"item\":\"https:\/\/www.muvika.com\/site\/\"},{\"@type\":\"ListItem\",\"position\":2,\"name\":\"Muvika Karaoke\",\"item\":\"https:\/\/www.muvika.com\/site\/fi\/muvika-karaoke\/\"},{\"@type\":\"ListItem\",\"position\":3,\"name\":\"Muvika Box -karaokelaite\"}]},{\"@type\":\"WebSite\",\"@id\":\"https:\/\/www.muvika.com\/site\/#website\",\"url\":\"https:\/\/www.muvika.com\/site\/\",\"name\":\"MUVIKA\",\"description\":\"Streaming online karaoke service\",\"publisher\":{\"@id\":\"https:\/\/www.muvika.com\/site\/#organization\"},\"potentialAction\":[{\"@type\":\"SearchAction\",\"target\":{\"@type\":\"EntryPoint\",\"urlTemplate\":\"https:\/\/www.muvika.com\/site\/?s={search_term_string}\"},\"query-input\":\"required name=search_term_string\"}],\"inLanguage\":\"en-US\"},{\"@type\":\"Organization\",\"@id\":\"https:\/\/www.muvika.com\/site\/#organization\",\"name\":\"Muvika Oy\",\"url\":\"https:\/\/www.muvika.com\/site\/\",\"logo\":{\"@type\":\"ImageObject\",\"inLanguage\":\"en-US\",\"@id\":\"https:\/\/www.muvika.com\/site\/#\/schema\/logo\/image\/\",\"url\":\"https:\/\/www.muvika.com\/site\/wp-content\/uploads\/2014\/11\/MUVIKA-karaoke-logo-no-shadow.png\",\"contentUrl\":\"https:\/\/www.muvika.com\/site\/wp-content\/uploads\/2014\/11\/MUVIKA-karaoke-logo-no-shadow.png\",\"width\":2048,\"height\":1288,\"caption\":\"Muvika Oy\"},\"image\":{\"@id\":\"https:\/\/www.muvika.com\/site\/#\/schema\/logo\/image\/\"},\"sameAs\":[\"https:\/\/www.facebook.com\/muvikasuomi\/\"]}]}<\/script>\n<!-- \/ Yoast SEO plugin. -->","yoast_head_json":{"title":"Muvika Box -karaokelaite - MUVIKA","robots":{"index":"index","follow":"follow","max-snippet":"max-snippet:-1","max-image-preview":"max-image-preview:large","max-video-preview":"max-video-preview:-1"},"canonical":"https:\/\/www.muvika.com\/site\/muvika-karaoke\/muvika-box-karaokelaite\/","og_locale":"en_US","og_type":"article","og_title":"Muvika Box -karaokelaite - MUVIKA","og_description":"[vc_row][vc_column width=&#8221;2\/3&#8243;][vc_column_text]Parhaan karaoke-el\u00e4myksen tuottaa oman laulu\u00e4\u00e4nen miksaus musiikkiin. Siihen tarvitaan mikrofoni ja mikseri. Muvika Box on t\u00e4ydellinen digitaalinen ratkaisu kodin karaokej\u00e4rjestelm\u00e4ksi. Laitteeseen voi liitt\u00e4\u00e4 kaksi mikrofonia, ja siin\u00e4 on kaikki tarvittavat miksaus- ja s\u00e4\u00e4t\u00f6toiminnot. Laite yhdistet\u00e4\u00e4n nettiin, televisioon ja kodin \u00e4\u00e4nentoistoj\u00e4rjestelm\u00e4\u00e4n, ja laulaminen voi alkaa. Muvika Box toistaa kappaleet suoraan [&hellip;]","og_url":"https:\/\/www.muvika.com\/site\/fi\/muvika-karaoke\/muvika-box-karaokelaite\/","og_site_name":"MUVIKA","article_publisher":"https:\/\/www.facebook.com\/muvikasuomi\/","article_modified_time":"2026-01-07T06:10:57+00:00","og_image":[{"width":1920,"height":1080,"url":"https:\/\/www.muvika.com\/site\/wp-content\/uploads\/2016\/12\/Muvika-tv-mainos-2.jpg","type":"image\/jpeg"}],"twitter_card":"summary_large_image","twitter_misc":{"Est. reading time":"2 minutes"},"schema":{"@context":"https:\/\/schema.org","@graph":[{"@type":"WebPage","@id":"https:\/\/www.muvika.com\/site\/fi\/muvika-karaoke\/muvika-box-karaokelaite\/","url":"https:\/\/www.muvika.com\/site\/fi\/muvika-karaoke\/muvika-box-karaokelaite\/","name":"Muvika Box -karaokelaite - MUVIKA","isPartOf":{"@id":"https:\/\/www.muvika.com\/site\/#website"},"datePublished":"2014-12-22T16:07:49+00:00","dateModified":"2026-01-07T06:10:57+00:00","breadcrumb":{"@id":"https:\/\/www.muvika.com\/site\/fi\/muvika-karaoke\/muvika-box-karaokelaite\/#breadcrumb"},"inLanguage":"en-US","potentialAction":[{"@type":"ReadAction","target":["https:\/\/www.muvika.com\/site\/fi\/muvika-karaoke\/muvika-box-karaokelaite\/"]}]},{"@type":"BreadcrumbList","@id":"https:\/\/www.muvika.com\/site\/fi\/muvika-karaoke\/muvika-box-karaokelaite\/#breadcrumb","itemListElement":[{"@type":"ListItem","position":1,"name":"Home","item":"https:\/\/www.muvika.com\/site\/"},{"@type":"ListItem","position":2,"name":"Muvika Karaoke","item":"https:\/\/www.muvika.com\/site\/fi\/muvika-karaoke\/"},{"@type":"ListItem","position":3,"name":"Muvika Box -karaokelaite"}]},{"@type":"WebSite","@id":"https:\/\/www.muvika.com\/site\/#website","url":"https:\/\/www.muvika.com\/site\/","name":"MUVIKA","description":"Streaming online karaoke service","publisher":{"@id":"https:\/\/www.muvika.com\/site\/#organization"},"potentialAction":[{"@type":"SearchAction","target":{"@type":"EntryPoint","urlTemplate":"https:\/\/www.muvika.com\/site\/?s={search_term_string}"},"query-input":"required name=search_term_string"}],"inLanguage":"en-US"},{"@type":"Organization","@id":"https:\/\/www.muvika.com\/site\/#organization","name":"Muvika Oy","url":"https:\/\/www.muvika.com\/site\/","logo":{"@type":"ImageObject","inLanguage":"en-US","@id":"https:\/\/www.muvika.com\/site\/#\/schema\/logo\/image\/","url":"https:\/\/www.muvika.com\/site\/wp-content\/uploads\/2014\/11\/MUVIKA-karaoke-logo-no-shadow.png","contentUrl":"https:\/\/www.muvika.com\/site\/wp-content\/uploads\/2014\/11\/MUVIKA-karaoke-logo-no-shadow.png","width":2048,"height":1288,"caption":"Muvika Oy"},"image":{"@id":"https:\/\/www.muvika.com\/site\/#\/schema\/logo\/image\/"},"sameAs":["https:\/\/www.facebook.com\/muvikasuomi\/"]}]}},"_links":{"self":[{"href":"https:\/\/www.muvika.com\/site\/wp-json\/wp\/v2\/pages\/1357"}],"collection":[{"href":"https:\/\/www.muvika.com\/site\/wp-json\/wp\/v2\/pages"}],"about":[{"href":"https:\/\/www.muvika.com\/site\/wp-json\/wp\/v2\/types\/page"}],"author":[{"embeddable":true,"href":"https:\/\/www.muvika.com\/site\/wp-json\/wp\/v2\/users\/1"}],"replies":[{"embeddable":true,"href":"https:\/\/www.muvika.com\/site\/wp-json\/wp\/v2\/comments?post=1357"}],"version-history":[{"count":11,"href":"https:\/\/www.muvika.com\/site\/wp-json\/wp\/v2\/pages\/1357\/revisions"}],"predecessor-version":[{"id":6303,"href":"https:\/\/www.muvika.com\/site\/wp-json\/wp\/v2\/pages\/1357\/revisions\/6303"}],"up":[{"embeddable":true,"href":"https:\/\/www.muvika.com\/site\/wp-json\/wp\/v2\/pages\/813"}],"wp:attachment":[{"href":"https:\/\/www.muvika.com\/site\/wp-json\/wp\/v2\/media?parent=1357"}],"curies":[{"name":"wp","href":"https:\/\/api.w.org\/{rel}","templated":true}]}}