{"id":1363,"date":"2014-12-22T18:11:00","date_gmt":"2014-12-22T16:11:00","guid":{"rendered":"http:\/\/www.muvika.com\/site\/?page_id=1363"},"modified":"2018-12-17T13:26:00","modified_gmt":"2018-12-17T11:26:00","slug":"ilmainen-kuukausi","status":"publish","type":"page","link":"https:\/\/www.muvika.com\/site\/fi\/muvika-karaoke\/ilmainen-kuukausi\/","title":{"rendered":"Ilmainen kuukausi"},"content":{"rendered":"<p>[vc_row][vc_column width=&#8221;2\/3&#8243;][vc_column_text]<\/p>\n<div>Kun rekister\u00f6idyt Muvika Online Karaoken k\u00e4ytt\u00e4j\u00e4ksi, saat palvelun ilmaiseksi k\u00e4ytt\u00f6\u00f6n kuukauden ajaksi.<\/div>\n<div><\/div>\n<div>Ilmainen kuukausi -tarjous on voimassa Muvika Karaoke -palvelun uusille k\u00e4ytt\u00e4jille, ja se edellytt\u00e4\u00e4 maksukortin tai PayPal-maksutietojen sy\u00f6tt\u00e4mist\u00e4. Jos keskeyt\u00e4t tilauksen kokeilukuukauden aikana, sinua ei veloiteta. Keskeytt\u00e4m\u00e4t\u00f6n tilaus jatkuu automaattisesti kuukausi kerrallaan, ja on keskeytett\u00e4viss\u00e4 milloin tahansa. Kuukausihinta on 9,95 \u20ac.<\/div>\n<p><strong><a class=\"btn btn-primary\" title=\"Muvika Online Karaoke\" href=\"http:\/\/player.muvika.com\/karaoke\/registration_start\">Aloita ilmainen kuukausi nyt!<\/a><\/strong><\/p>\n<p>&nbsp;<\/p>\n<p><a class=\"btn btn-primary\" title=\"Muvika Karaoke\" href=\"https:\/\/www.muvika.com\/site\/fi\/muvika-karaoke\/\">&lt;&lt; Muvika Karaoke<\/a>[\/vc_column_text][\/vc_column][vc_column width=&#8221;1\/3&#8243;][vc_btn title=&#8221;Ilmainen kuukausi&#8221; color=&#8221;sky&#8221; align=&#8221;center&#8221; button_block=&#8221;true&#8221; link=&#8221;url:http%3A%2F%2Fwww.muvika.com%2Fsite%2Ffi%2Fmuvika-karaoke%2Filmainen-kuukausi%2F|||&#8221;][vc_btn title=&#8221;Karaokelevyt&#8221; color=&#8221;sky&#8221; align=&#8221;center&#8221; button_block=&#8221;true&#8221; link=&#8221;url:http%3A%2F%2Fwww.muvika.com%2Fsite%2Ffi%2Fmuvika-karaoke%2Fkaraokelevyt%2F|||&#8221;][vc_btn title=&#8221;Muvika Online Karaoke&#8221; color=&#8221;sky&#8221; align=&#8221;center&#8221; button_block=&#8221;true&#8221; link=&#8221;url:http%3A%2F%2Fwww.muvika.com%2Fsite%2Ffi%2Fmuvika-karaoke%2Fmuvika-online-karaoke%2F|||&#8221;][vc_btn title=&#8221;Muvika Box -karaokelaite&#8221; color=&#8221;sky&#8221; align=&#8221;center&#8221; button_block=&#8221;true&#8221; link=&#8221;url:http%3A%2F%2Fwww.muvika.com%2Fsite%2Ffi%2Fmuvika-karaoke%2Fmuvika-box-karaokelaite%2F|||&#8221;][\/vc_column][\/vc_row]<\/p>\n","protected":false},"excerpt":{"rendered":"<p>[vc_row][vc_column width=&#8221;2\/3&#8243;][vc_column_text] Kun rekister\u00f6idyt Muvika Online Karaoken k\u00e4ytt\u00e4j\u00e4ksi, saat palvelun ilmaiseksi k\u00e4ytt\u00f6\u00f6n kuukauden ajaksi. Ilmainen kuukausi -tarjous on voimassa Muvika Karaoke -palvelun uusille k\u00e4ytt\u00e4jille, ja se edellytt\u00e4\u00e4 maksukortin tai PayPal-maksutietojen sy\u00f6tt\u00e4mist\u00e4. Jos keskeyt\u00e4t tilauksen kokeilukuukauden aikana, sinua ei veloiteta. Keskeytt\u00e4m\u00e4t\u00f6n tilaus jatkuu automaattisesti kuukausi kerrallaan, ja on keskeytett\u00e4viss\u00e4 milloin tahansa. [&hellip;]<\/p>\n","protected":false},"author":1,"featured_media":0,"parent":813,"menu_order":0,"comment_status":"closed","ping_status":"closed","template":"page-templates\/template-fullwidth.php","meta":{"_mi_skip_tracking":false},"yoast_head":"<!-- This site is optimized with the Yoast SEO plugin v20.3 - https:\/\/yoast.com\/wordpress\/plugins\/seo\/ -->\n<title>Ilmainen kuukausi - MUVIKA<\/title>\n<meta name=\"robots\" content=\"index, follow, max-snippet:-1, max-image-preview:large, max-video-preview:-1\" \/>\n<link rel=\"canonical\" href=\"https:\/\/www.muvika.com\/site\/muvika-karaoke\/ilmainen-kuukausi\/\" \/>\n<meta property=\"og:locale\" content=\"en_US\" \/>\n<meta property=\"og:type\" content=\"article\" \/>\n<meta property=\"og:title\" content=\"Ilmainen kuukausi - MUVIKA\" \/>\n<meta property=\"og:description\" content=\"[vc_row][vc_column width=&#8221;2\/3&#8243;][vc_column_text] Kun rekister\u00f6idyt Muvika Online Karaoken k\u00e4ytt\u00e4j\u00e4ksi, saat palvelun ilmaiseksi k\u00e4ytt\u00f6\u00f6n kuukauden ajaksi. Ilmainen kuukausi -tarjous on voimassa Muvika Karaoke -palvelun uusille k\u00e4ytt\u00e4jille, ja se edellytt\u00e4\u00e4 maksukortin tai PayPal-maksutietojen sy\u00f6tt\u00e4mist\u00e4. Jos keskeyt\u00e4t tilauksen kokeilukuukauden aikana, sinua ei veloiteta. Keskeytt\u00e4m\u00e4t\u00f6n tilaus jatkuu automaattisesti kuukausi kerrallaan, ja on keskeytett\u00e4viss\u00e4 milloin tahansa. [&hellip;]\" \/>\n<meta property=\"og:url\" content=\"https:\/\/www.muvika.com\/site\/fi\/muvika-karaoke\/ilmainen-kuukausi\/\" \/>\n<meta property=\"og:site_name\" content=\"MUVIKA\" \/>\n<meta property=\"article:publisher\" content=\"https:\/\/www.facebook.com\/muvikasuomi\/\" \/>\n<meta property=\"article:modified_time\" content=\"2018-12-17T11:26:00+00:00\" \/>\n<meta property=\"og:image\" content=\"https:\/\/www.muvika.com\/site\/wp-content\/uploads\/2016\/12\/Muvika-tv-mainos-2.jpg\" \/>\n\t<meta property=\"og:image:width\" content=\"1920\" \/>\n\t<meta property=\"og:image:height\" content=\"1080\" \/>\n\t<meta property=\"og:image:type\" content=\"image\/jpeg\" \/>\n<meta name=\"twitter:card\" content=\"summary_large_image\" \/>\n<meta name=\"twitter:label1\" content=\"Est. reading time\" \/>\n\t<meta name=\"twitter:data1\" content=\"1 minute\" \/>\n<script type=\"application\/ld+json\" class=\"yoast-schema-graph\">{\"@context\":\"https:\/\/schema.org\",\"@graph\":[{\"@type\":\"WebPage\",\"@id\":\"https:\/\/www.muvika.com\/site\/fi\/muvika-karaoke\/ilmainen-kuukausi\/\",\"url\":\"https:\/\/www.muvika.com\/site\/fi\/muvika-karaoke\/ilmainen-kuukausi\/\",\"name\":\"Ilmainen kuukausi - MUVIKA\",\"isPartOf\":{\"@id\":\"https:\/\/www.muvika.com\/site\/#website\"},\"datePublished\":\"2014-12-22T16:11:00+00:00\",\"dateModified\":\"2018-12-17T11:26:00+00:00\",\"breadcrumb\":{\"@id\":\"https:\/\/www.muvika.com\/site\/fi\/muvika-karaoke\/ilmainen-kuukausi\/#breadcrumb\"},\"inLanguage\":\"en-US\",\"potentialAction\":[{\"@type\":\"ReadAction\",\"target\":[\"https:\/\/www.muvika.com\/site\/fi\/muvika-karaoke\/ilmainen-kuukausi\/\"]}]},{\"@type\":\"BreadcrumbList\",\"@id\":\"https:\/\/www.muvika.com\/site\/fi\/muvika-karaoke\/ilmainen-kuukausi\/#breadcrumb\",\"itemListElement\":[{\"@type\":\"ListItem\",\"position\":1,\"name\":\"Home\",\"item\":\"https:\/\/www.muvika.com\/site\/\"},{\"@type\":\"ListItem\",\"position\":2,\"name\":\"Muvika Karaoke\",\"item\":\"https:\/\/www.muvika.com\/site\/fi\/muvika-karaoke\/\"},{\"@type\":\"ListItem\",\"position\":3,\"name\":\"Ilmainen kuukausi\"}]},{\"@type\":\"WebSite\",\"@id\":\"https:\/\/www.muvika.com\/site\/#website\",\"url\":\"https:\/\/www.muvika.com\/site\/\",\"name\":\"MUVIKA\",\"description\":\"Streaming online karaoke service\",\"publisher\":{\"@id\":\"https:\/\/www.muvika.com\/site\/#organization\"},\"potentialAction\":[{\"@type\":\"SearchAction\",\"target\":{\"@type\":\"EntryPoint\",\"urlTemplate\":\"https:\/\/www.muvika.com\/site\/?s={search_term_string}\"},\"query-input\":\"required name=search_term_string\"}],\"inLanguage\":\"en-US\"},{\"@type\":\"Organization\",\"@id\":\"https:\/\/www.muvika.com\/site\/#organization\",\"name\":\"Muvika Oy\",\"url\":\"https:\/\/www.muvika.com\/site\/\",\"logo\":{\"@type\":\"ImageObject\",\"inLanguage\":\"en-US\",\"@id\":\"https:\/\/www.muvika.com\/site\/#\/schema\/logo\/image\/\",\"url\":\"https:\/\/www.muvika.com\/site\/wp-content\/uploads\/2014\/11\/MUVIKA-karaoke-logo-no-shadow.png\",\"contentUrl\":\"https:\/\/www.muvika.com\/site\/wp-content\/uploads\/2014\/11\/MUVIKA-karaoke-logo-no-shadow.png\",\"width\":2048,\"height\":1288,\"caption\":\"Muvika Oy\"},\"image\":{\"@id\":\"https:\/\/www.muvika.com\/site\/#\/schema\/logo\/image\/\"},\"sameAs\":[\"https:\/\/www.facebook.com\/muvikasuomi\/\"]}]}<\/script>\n<!-- \/ Yoast SEO plugin. -->","yoast_head_json":{"title":"Ilmainen kuukausi - MUVIKA","robots":{"index":"index","follow":"follow","max-snippet":"max-snippet:-1","max-image-preview":"max-image-preview:large","max-video-preview":"max-video-preview:-1"},"canonical":"https:\/\/www.muvika.com\/site\/muvika-karaoke\/ilmainen-kuukausi\/","og_locale":"en_US","og_type":"article","og_title":"Ilmainen kuukausi - MUVIKA","og_description":"[vc_row][vc_column width=&#8221;2\/3&#8243;][vc_column_text] Kun rekister\u00f6idyt Muvika Online Karaoken k\u00e4ytt\u00e4j\u00e4ksi, saat palvelun ilmaiseksi k\u00e4ytt\u00f6\u00f6n kuukauden ajaksi. Ilmainen kuukausi -tarjous on voimassa Muvika Karaoke -palvelun uusille k\u00e4ytt\u00e4jille, ja se edellytt\u00e4\u00e4 maksukortin tai PayPal-maksutietojen sy\u00f6tt\u00e4mist\u00e4. Jos keskeyt\u00e4t tilauksen kokeilukuukauden aikana, sinua ei veloiteta. Keskeytt\u00e4m\u00e4t\u00f6n tilaus jatkuu automaattisesti kuukausi kerrallaan, ja on keskeytett\u00e4viss\u00e4 milloin tahansa. [&hellip;]","og_url":"https:\/\/www.muvika.com\/site\/fi\/muvika-karaoke\/ilmainen-kuukausi\/","og_site_name":"MUVIKA","article_publisher":"https:\/\/www.facebook.com\/muvikasuomi\/","article_modified_time":"2018-12-17T11:26:00+00:00","og_image":[{"width":1920,"height":1080,"url":"https:\/\/www.muvika.com\/site\/wp-content\/uploads\/2016\/12\/Muvika-tv-mainos-2.jpg","type":"image\/jpeg"}],"twitter_card":"summary_large_image","twitter_misc":{"Est. reading time":"1 minute"},"schema":{"@context":"https:\/\/schema.org","@graph":[{"@type":"WebPage","@id":"https:\/\/www.muvika.com\/site\/fi\/muvika-karaoke\/ilmainen-kuukausi\/","url":"https:\/\/www.muvika.com\/site\/fi\/muvika-karaoke\/ilmainen-kuukausi\/","name":"Ilmainen kuukausi - MUVIKA","isPartOf":{"@id":"https:\/\/www.muvika.com\/site\/#website"},"datePublished":"2014-12-22T16:11:00+00:00","dateModified":"2018-12-17T11:26:00+00:00","breadcrumb":{"@id":"https:\/\/www.muvika.com\/site\/fi\/muvika-karaoke\/ilmainen-kuukausi\/#breadcrumb"},"inLanguage":"en-US","potentialAction":[{"@type":"ReadAction","target":["https:\/\/www.muvika.com\/site\/fi\/muvika-karaoke\/ilmainen-kuukausi\/"]}]},{"@type":"BreadcrumbList","@id":"https:\/\/www.muvika.com\/site\/fi\/muvika-karaoke\/ilmainen-kuukausi\/#breadcrumb","itemListElement":[{"@type":"ListItem","position":1,"name":"Home","item":"https:\/\/www.muvika.com\/site\/"},{"@type":"ListItem","position":2,"name":"Muvika Karaoke","item":"https:\/\/www.muvika.com\/site\/fi\/muvika-karaoke\/"},{"@type":"ListItem","position":3,"name":"Ilmainen kuukausi"}]},{"@type":"WebSite","@id":"https:\/\/www.muvika.com\/site\/#website","url":"https:\/\/www.muvika.com\/site\/","name":"MUVIKA","description":"Streaming online karaoke service","publisher":{"@id":"https:\/\/www.muvika.com\/site\/#organization"},"potentialAction":[{"@type":"SearchAction","target":{"@type":"EntryPoint","urlTemplate":"https:\/\/www.muvika.com\/site\/?s={search_term_string}"},"query-input":"required name=search_term_string"}],"inLanguage":"en-US"},{"@type":"Organization","@id":"https:\/\/www.muvika.com\/site\/#organization","name":"Muvika Oy","url":"https:\/\/www.muvika.com\/site\/","logo":{"@type":"ImageObject","inLanguage":"en-US","@id":"https:\/\/www.muvika.com\/site\/#\/schema\/logo\/image\/","url":"https:\/\/www.muvika.com\/site\/wp-content\/uploads\/2014\/11\/MUVIKA-karaoke-logo-no-shadow.png","contentUrl":"https:\/\/www.muvika.com\/site\/wp-content\/uploads\/2014\/11\/MUVIKA-karaoke-logo-no-shadow.png","width":2048,"height":1288,"caption":"Muvika Oy"},"image":{"@id":"https:\/\/www.muvika.com\/site\/#\/schema\/logo\/image\/"},"sameAs":["https:\/\/www.facebook.com\/muvikasuomi\/"]}]}},"_links":{"self":[{"href":"https:\/\/www.muvika.com\/site\/wp-json\/wp\/v2\/pages\/1363"}],"collection":[{"href":"https:\/\/www.muvika.com\/site\/wp-json\/wp\/v2\/pages"}],"about":[{"href":"https:\/\/www.muvika.com\/site\/wp-json\/wp\/v2\/types\/page"}],"author":[{"embeddable":true,"href":"https:\/\/www.muvika.com\/site\/wp-json\/wp\/v2\/users\/1"}],"replies":[{"embeddable":true,"href":"https:\/\/www.muvika.com\/site\/wp-json\/wp\/v2\/comments?post=1363"}],"version-history":[{"count":0,"href":"https:\/\/www.muvika.com\/site\/wp-json\/wp\/v2\/pages\/1363\/revisions"}],"up":[{"embeddable":true,"href":"https:\/\/www.muvika.com\/site\/wp-json\/wp\/v2\/pages\/813"}],"wp:attachment":[{"href":"https:\/\/www.muvika.com\/site\/wp-json\/wp\/v2\/media?parent=1363"}],"curies":[{"name":"wp","href":"https:\/\/api.w.org\/{rel}","templated":true}]}}