{"id":2037,"date":"2015-12-24T15:35:49","date_gmt":"2015-12-24T13:35:49","guid":{"rendered":"http:\/\/www.muvika.com\/site\/fi\/?page_id=2037"},"modified":"2019-01-19T13:43:41","modified_gmt":"2019-01-19T11:43:41","slug":"suomen-virallinen-karaokelista","status":"publish","type":"page","link":"https:\/\/www.muvika.com\/site\/fi\/suomen-virallinen-karaokelista\/","title":{"rendered":"Suomen virallinen karaokelista"},"content":{"rendered":"<p>[vc_row][vc_column width=&#8221;2\/3&#8243;][vc_column_text]<\/p>\n<h2>Finnish karaoke top 10, week 17\/2026<\/h2>\n<div class=\"\" wpb_text_column=\"\" wpb_content_element=\"\">\n<div class=\"\" wpb_wrapper=\"\">\n<ol>\n<li><strong>Syd\u00e4men Lupaus<\/strong> - Marko Maunuksela<\/li>\n<li><strong>Syv\u00e4lle silmiin<\/strong> - Arja Havakka<\/li>\n<li><strong>Satumaa<\/strong> - Reijo Taipale<\/li>\n<li><strong>El\u00e4m\u00e4ni sirpaleet<\/strong> - Reijo Taipale<\/li>\n<li><strong>Rakkauden J\u00e4lkeen<\/strong> - Carola<\/li>\n<li><strong>Sininen Huivi<\/strong> - Souvarit<\/li>\n<li><strong>Nocturne<\/strong> - Vesa-Matti Loiri<\/li>\n<li><strong>Valkoinen Ruusu<\/strong> - Saija Tuupanen<\/li>\n<li><strong>Hiljainen On Laulu Rakkauden<\/strong> - Taikakuu<\/li>\n<li><strong>Suviserenadi<\/strong> - Pasi Kaunisto \/ Kauko K\u00e4yhk\u00f6<\/li>\n<\/ol>\n<\/div>\n<\/div>\n<br \/>\n<\/p>\n<h2>Finnish karaoke top 10, week 16\/2026<\/h2>\n<div class=\"\" wpb_text_column=\"\" wpb_content_element=\"\">\n<div class=\"\" wpb_wrapper=\"\">\n<ol>\n<li><strong>Hiljaiset Sillat<\/strong> - Finlanders<\/li>\n<li><strong>Sininen Huivi<\/strong> - Souvarit<\/li>\n<li><strong>Valkoinen Ruusu<\/strong> - Saija Tuupanen<\/li>\n<li><strong>Suviserenadi<\/strong> - Pasi Kaunisto \/ Kauko K\u00e4yhk\u00f6<\/li>\n<li><strong>Liekinheitin<\/strong> - Linda Lampenius, Pete Parkkonen<\/li>\n<li><strong>Nocturne<\/strong> - Vesa-Matti Loiri<\/li>\n<li><strong>Vahvempi<\/strong> - Saija Tuupanen<\/li>\n<li><strong>Kirje<\/strong> - Janne Hurme<\/li>\n<li><strong>Syv\u00e4lle silmiin<\/strong> - Arja Havakka<\/li>\n<li><strong>Olen Suomalainen<\/strong> - Kari Tapio<\/li>\n<\/ol>\n<\/div>\n<\/div>\n<br \/>\n<\/p>\n<h2>Finnish karaoke top 10, week 15\/2026<\/h2>\n<div class=\"\" wpb_text_column=\"\" wpb_content_element=\"\">\n<div class=\"\" wpb_wrapper=\"\">\n<ol>\n<li><strong>Vahvempi<\/strong> - Saija Tuupanen<\/li>\n<li><strong>Liekinheitin<\/strong> - Linda Lampenius, Pete Parkkonen<\/li>\n<li><strong>Suviserenadi<\/strong> - Pasi Kaunisto \/ Kauko K\u00e4yhk\u00f6<\/li>\n<li><strong>El\u00e4m\u00e4ni sirpaleet<\/strong> - Reijo Taipale<\/li>\n<li><strong>Kun Paljon Antaa<\/strong> - Kisu<\/li>\n<li><strong>Anna Mun J\u00e4\u00e4d\u00e4 Sun Luo<\/strong> - Tapani Kansa<\/li>\n<li><strong>Syv\u00e4lle silmiin<\/strong> - Arja Havakka<\/li>\n<li><strong>Hiljaiset Sillat<\/strong> - Finlanders<\/li>\n<li><strong>Sininen Huivi<\/strong> - Souvarit<\/li>\n<li><strong>Mun Aika Menn\u00e4 On<\/strong> - Sauli Lehtonen<\/li>\n<\/ol>\n<\/div>\n<\/div>\n<br \/>\n<\/p>\n<h2>Finnish karaoke top 10, week 14\/2026<\/h2>\n<div class=\"\" wpb_text_column=\"\" wpb_content_element=\"\">\n<div class=\"\" wpb_wrapper=\"\">\n<ol>\n<li><strong>Liekinheitin<\/strong> - Linda Lampenius, Pete Parkkonen<\/li>\n<li><strong>Vahvempi<\/strong> - Saija Tuupanen<\/li>\n<li><strong>Kirje<\/strong> - Janne Hurme<\/li>\n<li><strong>Hiljaiset Sillat<\/strong> - Finlanders<\/li>\n<li><strong>Voiko enkelitkin eksy\u00e4<\/strong> - Haloo Helsinki<\/li>\n<li><strong>Sininen Huivi<\/strong> - Souvarit<\/li>\n<li><strong>Punatukkaiselle Tyt\u00f6lleni<\/strong> - Olavi Virta<\/li>\n<li><strong>Aamu Toi, Ilta Vei<\/strong> - Jamppa Tuominen<\/li>\n<li><strong>Oikeesti<\/strong> - Finlanders<\/li>\n<li><strong>Levoton Tuhkimo<\/strong> - Dingo<\/li>\n<\/ol>\n<\/div>\n<\/div>\n<br \/>\n<\/p>\n<h2>Finnish karaoke top 10, week 13\/2026<\/h2>\n<div class=\"\" wpb_text_column=\"\" wpb_content_element=\"\">\n<div class=\"\" wpb_wrapper=\"\">\n<ol>\n<li><strong>Vahvempi<\/strong> - Saija Tuupanen<\/li>\n<li><strong>Liekinheitin<\/strong> - Linda Lampenius, Pete Parkkonen<\/li>\n<li><strong>Pyyd\u00e4 Vain<\/strong> - Kirka<\/li>\n<li><strong>Vihre\u00e4t Niityt<\/strong> - Olavi Virta<\/li>\n<li><strong>Hiljaiset Sillat<\/strong> - Finlanders<\/li>\n<li><strong>Satulinna<\/strong> - Jari Sillanp\u00e4\u00e4<\/li>\n<li><strong>Voiko enkelitkin eksy\u00e4<\/strong> - Haloo Helsinki<\/li>\n<li><strong>J\u00e4tk\u00e4n Humppa<\/strong> - Mutkattomat<\/li>\n<li><strong>Kun Paljon Antaa<\/strong> - Kisu<\/li>\n<li><strong>Myrskyn J\u00e4lkeen<\/strong> - Kari Tapio<\/li>\n<\/ol>\n<\/div>\n<\/div>\n<br \/>\n<\/p>\n<h2>Finnish karaoke top 10, week 12\/2026<\/h2>\n<div class=\"\" wpb_text_column=\"\" wpb_content_element=\"\">\n<div class=\"\" wpb_wrapper=\"\">\n<ol>\n<li><strong>Mun Aika Menn\u00e4 On<\/strong> - Sauli Lehtonen<\/li>\n<li><strong>Liekinheitin<\/strong> - Linda Lampenius, Pete Parkkonen<\/li>\n<li><strong>Vahvempi<\/strong> - Saija Tuupanen<\/li>\n<li><strong>Hiljainen On Laulu Rakkauden<\/strong> - Taikakuu<\/li>\n<li><strong>Anteeksi Suo<\/strong> - Katri Helena<\/li>\n<li><strong>Myrskyn J\u00e4lkeen<\/strong> - Kari Tapio<\/li>\n<li><strong>Lintu Ja Lapsi<\/strong> - Katri Helena<\/li>\n<li><strong>Paljon Sanomatta J\u00e4\u00e4<\/strong> - Jukka Kuoppam\u00e4ki<\/li>\n<li><strong>Voiko enkelitkin eksy\u00e4<\/strong> - Haloo Helsinki<\/li>\n<li><strong>Anna Jatkua Y\u00f6n<\/strong> - Finlanders<\/li>\n<\/ol>\n<\/div>\n<\/div>\n<br \/>\n<\/p>\n<h2>Finnish karaoke top 10, week 11\/2026<\/h2>\n<div class=\"\" wpb_text_column=\"\" wpb_content_element=\"\">\n<div class=\"\" wpb_wrapper=\"\">\n<ol>\n<li><strong>Liekinheitin<\/strong> - Pete Parkkonen & Linda Lampenius<\/li>\n<li><strong>Satumaa<\/strong> - Reijo Taipale<\/li>\n<li><strong>Lululai<\/strong> - Komiat<\/li>\n<li><strong>T\u00e4hdet Meren Yll\u00e4<\/strong> - Reijo Taipale<\/li>\n<li><strong>Lapin Tango<\/strong> - Tamara Lund<\/li>\n<li><strong>Mun Syd\u00e4meni T\u00e4nne J\u00e4\u00e4<\/strong> - Katri Helena<\/li>\n<li><strong>Kaksi maailmaa<\/strong> - Kari Tapio<\/li>\n<li><strong>Maailma On Sun<\/strong> - Tehosekoitin<\/li>\n<li><strong>Ajomies<\/strong> - Olavi Virta<\/li>\n<li><strong>Voiko enkelitkin eksy\u00e4<\/strong> - Haloo Helsinki<\/li>\n<\/ol>\n<\/div>\n<\/div>\n<br \/>\n<\/p>\n<h2>Finnish karaoke top 10, week 10\/2026<\/h2>\n<div class=\"\" wpb_text_column=\"\" wpb_content_element=\"\">\n<div class=\"\" wpb_wrapper=\"\">\n<ol>\n<li><strong>Liekinheitin<\/strong> - Pete Parkkonen & Linda Lampenius<\/li>\n<li><strong>Satumaa<\/strong> - Reijo Taipale<\/li>\n<li><strong>Oot T\u00e4ydellinen<\/strong> - Jari Sillanp\u00e4\u00e4<\/li>\n<li><strong>Aamu Toi, Ilta Vei<\/strong> - Jamppa Tuominen<\/li>\n<li><strong>Sininen Huivi<\/strong> - Souvarit<\/li>\n<li><strong>Anna Mun J\u00e4\u00e4d\u00e4 Sun Luo<\/strong> - Tapani Kansa<\/li>\n<li><strong>Lui<\/strong> - Katri Helena<\/li>\n<li><strong>Lululai<\/strong> - Komiat<\/li>\n<li><strong>Ajomies<\/strong> - Olavi Virta<\/li>\n<li><strong>Hiljaiset Sillat<\/strong> - Finlanders<\/li>\n<\/ol>\n<\/div>\n<\/div>\n<br \/>\n<\/p>\n<h2>Finnish karaoke top 10, week 9\/2026<\/h2>\n<div class=\"\" wpb_text_column=\"\" wpb_content_element=\"\">\n<div class=\"\" wpb_wrapper=\"\">\n<ol>\n<li><strong>Kun Paljon Antaa<\/strong> - Kisu<\/li>\n<li><strong>Pyyd\u00e4 Vain<\/strong> - Kirka<\/li>\n<li><strong>Pariiseja<\/strong> - Souvarit<\/li>\n<li><strong>Voiko enkelitkin eksy\u00e4<\/strong> - Haloo Helsinki<\/li>\n<li><strong>Rakkauden J\u00e4lkeen<\/strong> - Carola<\/li>\n<li><strong>Ajomies<\/strong> - Olavi Virta<\/li>\n<li><strong>Sininen Huivi<\/strong> - Souvarit<\/li>\n<li><strong>Anna Mun J\u00e4\u00e4d\u00e4 Sun Luo<\/strong> - Tapani Kansa<\/li>\n<li><strong>Satumaa<\/strong> - Reijo Taipale<\/li>\n<li><strong>Hetken tie on kevyt<\/strong> - Tehosekoitin<\/li>\n<\/ol>\n<\/div>\n<br \/>\n<\/p>\n<h2>Finnish karaoke top 10, week 8\/2026<\/h2>\n<div class=\"\" wpb_text_column=\"\" wpb_content_element=\"\">\n<div class=\"\" wpb_wrapper=\"\">\n<ol>\n<li><strong>S\u00e4kkij\u00e4rven polkka<\/strong> - Retropop<\/li>\n<li><strong>Anna Mun J\u00e4\u00e4d\u00e4 Sun Luo<\/strong> - Tapani Kansa<\/li>\n<li><strong>Hiljaiset Sillat<\/strong> - Finlanders<\/li>\n<li><strong>Sininen Huivi<\/strong> - Souvarit<\/li>\n<li><strong>Satumaa<\/strong> - Reijo Taipale<\/li>\n<li><strong>Bella Capri<\/strong> - Kari Tapio<\/li>\n<li><strong>Paratiisi<\/strong> - Rauli Badding Somerjoki<\/li>\n<li><strong>M\u00e4 Putoan<\/strong> - Y\u00f6lintu<\/li>\n<li><strong>Aamu Toi, Ilta Vei<\/strong> - Jamppa Tuominen<\/li>\n<li><strong>Myrskyn J\u00e4lkeen<\/strong> - Kari Tapio<\/li>\n<\/ol>\n<\/div>\n<\/div>\n<br \/>\n<\/p>\n<div id=\"loopage_top10p\" class=\"pagination-wrap\"><ul class=\"pagination\"><li class=\"active \"><span class=\"page-numbers current\">1<\/span><\/li><li><a class=\"page-numbers\" href=\"https:\/\/www.muvika.com\/site\/wp-json\/wp\/v2\/pages\/2037\/?top10p=2\">2<\/a><\/li><li><a class=\"page-numbers\" href=\"https:\/\/www.muvika.com\/site\/wp-json\/wp\/v2\/pages\/2037\/?top10p=3\">3<\/a><\/li><li><a class=\"page-numbers\" href=\"https:\/\/www.muvika.com\/site\/wp-json\/wp\/v2\/pages\/2037\/?top10p=4\">4<\/a><\/li><li><a class=\"page-numbers\" href=\"https:\/\/www.muvika.com\/site\/wp-json\/wp\/v2\/pages\/2037\/?top10p=5\">5<\/a><\/li><li><a class=\"page-numbers\" href=\"https:\/\/www.muvika.com\/site\/wp-json\/wp\/v2\/pages\/2037\/?top10p=6\">6<\/a><\/li><li><a class=\"page-numbers\" href=\"https:\/\/www.muvika.com\/site\/wp-json\/wp\/v2\/pages\/2037\/?top10p=7\">7<\/a><\/li><li><a class=\"page-numbers\" href=\"https:\/\/www.muvika.com\/site\/wp-json\/wp\/v2\/pages\/2037\/?top10p=8\">8<\/a><\/li><li><a class=\"page-numbers\" href=\"https:\/\/www.muvika.com\/site\/wp-json\/wp\/v2\/pages\/2037\/?top10p=9\">9<\/a><\/li><li><a class=\"page-numbers\" href=\"https:\/\/www.muvika.com\/site\/wp-json\/wp\/v2\/pages\/2037\/?top10p=10\">10<\/a><\/li><li><a class=\"page-numbers\" href=\"https:\/\/www.muvika.com\/site\/wp-json\/wp\/v2\/pages\/2037\/?top10p=11\">11<\/a><\/li><li><a class=\"page-numbers\" href=\"https:\/\/www.muvika.com\/site\/wp-json\/wp\/v2\/pages\/2037\/?top10p=12\">12<\/a><\/li><li><a class=\"page-numbers\" href=\"https:\/\/www.muvika.com\/site\/wp-json\/wp\/v2\/pages\/2037\/?top10p=13\">13<\/a><\/li><li><a class=\"page-numbers\" href=\"https:\/\/www.muvika.com\/site\/wp-json\/wp\/v2\/pages\/2037\/?top10p=14\">14<\/a><\/li><li><a class=\"page-numbers\" href=\"https:\/\/www.muvika.com\/site\/wp-json\/wp\/v2\/pages\/2037\/?top10p=15\">15<\/a><\/li><li><a class=\"page-numbers\" href=\"https:\/\/www.muvika.com\/site\/wp-json\/wp\/v2\/pages\/2037\/?top10p=16\">16<\/a><\/li><li><a class=\"page-numbers\" href=\"https:\/\/www.muvika.com\/site\/wp-json\/wp\/v2\/pages\/2037\/?top10p=17\">17<\/a><\/li><li><a class=\"page-numbers\" href=\"https:\/\/www.muvika.com\/site\/wp-json\/wp\/v2\/pages\/2037\/?top10p=18\">18<\/a><\/li><li><a class=\"page-numbers\" href=\"https:\/\/www.muvika.com\/site\/wp-json\/wp\/v2\/pages\/2037\/?top10p=19\">19<\/a><\/li><li><a class=\"page-numbers\" href=\"https:\/\/www.muvika.com\/site\/wp-json\/wp\/v2\/pages\/2037\/?top10p=20\">20<\/a><\/li><li><a class=\"page-numbers\" href=\"https:\/\/www.muvika.com\/site\/wp-json\/wp\/v2\/pages\/2037\/?top10p=21\">21<\/a><\/li><li><a class=\"page-numbers\" href=\"https:\/\/www.muvika.com\/site\/wp-json\/wp\/v2\/pages\/2037\/?top10p=22\">22<\/a><\/li><li><a class=\"page-numbers\" href=\"https:\/\/www.muvika.com\/site\/wp-json\/wp\/v2\/pages\/2037\/?top10p=23\">23<\/a><\/li><li><a class=\"page-numbers\" href=\"https:\/\/www.muvika.com\/site\/wp-json\/wp\/v2\/pages\/2037\/?top10p=24\">24<\/a><\/li><li><a class=\"page-numbers\" href=\"https:\/\/www.muvika.com\/site\/wp-json\/wp\/v2\/pages\/2037\/?top10p=25\">25<\/a><\/li><li><a class=\"page-numbers\" href=\"https:\/\/www.muvika.com\/site\/wp-json\/wp\/v2\/pages\/2037\/?top10p=26\">26<\/a><\/li><li><a class=\"page-numbers\" href=\"https:\/\/www.muvika.com\/site\/wp-json\/wp\/v2\/pages\/2037\/?top10p=27\">27<\/a><\/li><li><a class=\"page-numbers\" href=\"https:\/\/www.muvika.com\/site\/wp-json\/wp\/v2\/pages\/2037\/?top10p=28\">28<\/a><\/li><li><a class=\"page-numbers\" href=\"https:\/\/www.muvika.com\/site\/wp-json\/wp\/v2\/pages\/2037\/?top10p=29\">29<\/a><\/li><li><a class=\"page-numbers\" href=\"https:\/\/www.muvika.com\/site\/wp-json\/wp\/v2\/pages\/2037\/?top10p=30\">30<\/a><\/li><li><a class=\"page-numbers\" href=\"https:\/\/www.muvika.com\/site\/wp-json\/wp\/v2\/pages\/2037\/?top10p=31\">31<\/a><\/li><li><a class=\"page-numbers\" href=\"https:\/\/www.muvika.com\/site\/wp-json\/wp\/v2\/pages\/2037\/?top10p=32\">32<\/a><\/li><li><a class=\"page-numbers\" href=\"https:\/\/www.muvika.com\/site\/wp-json\/wp\/v2\/pages\/2037\/?top10p=33\">33<\/a><\/li><li><a class=\"page-numbers\" href=\"https:\/\/www.muvika.com\/site\/wp-json\/wp\/v2\/pages\/2037\/?top10p=34\">34<\/a><\/li><li><a class=\"page-numbers\" href=\"https:\/\/www.muvika.com\/site\/wp-json\/wp\/v2\/pages\/2037\/?top10p=35\">35<\/a><\/li><li><a class=\"page-numbers\" href=\"https:\/\/www.muvika.com\/site\/wp-json\/wp\/v2\/pages\/2037\/?top10p=36\">36<\/a><\/li><li><a class=\"page-numbers\" href=\"https:\/\/www.muvika.com\/site\/wp-json\/wp\/v2\/pages\/2037\/?top10p=37\">37<\/a><\/li><li><a class=\"page-numbers\" href=\"https:\/\/www.muvika.com\/site\/wp-json\/wp\/v2\/pages\/2037\/?top10p=38\">38<\/a><\/li><li><a class=\"page-numbers\" href=\"https:\/\/www.muvika.com\/site\/wp-json\/wp\/v2\/pages\/2037\/?top10p=39\">39<\/a><\/li><li><a class=\"page-numbers\" href=\"https:\/\/www.muvika.com\/site\/wp-json\/wp\/v2\/pages\/2037\/?top10p=40\">40<\/a><\/li><li><a class=\"page-numbers\" href=\"https:\/\/www.muvika.com\/site\/wp-json\/wp\/v2\/pages\/2037\/?top10p=41\">41<\/a><\/li><li><a class=\"page-numbers\" href=\"https:\/\/www.muvika.com\/site\/wp-json\/wp\/v2\/pages\/2037\/?top10p=42\">42<\/a><\/li><li><a class=\"page-numbers\" href=\"https:\/\/www.muvika.com\/site\/wp-json\/wp\/v2\/pages\/2037\/?top10p=43\">43<\/a><\/li><li><a class=\"page-numbers\" href=\"https:\/\/www.muvika.com\/site\/wp-json\/wp\/v2\/pages\/2037\/?top10p=44\">44<\/a><\/li><li><a class=\"page-numbers\" href=\"https:\/\/www.muvika.com\/site\/wp-json\/wp\/v2\/pages\/2037\/?top10p=45\">45<\/a><\/li><li><a class=\"page-numbers\" href=\"https:\/\/www.muvika.com\/site\/wp-json\/wp\/v2\/pages\/2037\/?top10p=46\">46<\/a><\/li><li><a class=\"page-numbers\" href=\"https:\/\/www.muvika.com\/site\/wp-json\/wp\/v2\/pages\/2037\/?top10p=47\">47<\/a><\/li><li><a class=\"page-numbers\" href=\"https:\/\/www.muvika.com\/site\/wp-json\/wp\/v2\/pages\/2037\/?top10p=48\">48<\/a><\/li><li><a class=\"page-numbers\" href=\"https:\/\/www.muvika.com\/site\/wp-json\/wp\/v2\/pages\/2037\/?top10p=49\">49<\/a><\/li><li><a class=\"page-numbers\" href=\"https:\/\/www.muvika.com\/site\/wp-json\/wp\/v2\/pages\/2037\/?top10p=50\">50<\/a><\/li><li><a class=\"page-numbers\" href=\"https:\/\/www.muvika.com\/site\/wp-json\/wp\/v2\/pages\/2037\/?top10p=51\">51<\/a><\/li><li><a class=\"page-numbers\" href=\"https:\/\/www.muvika.com\/site\/wp-json\/wp\/v2\/pages\/2037\/?top10p=52\">52<\/a><\/li><li><a class=\"next page-numbers\" href=\"https:\/\/www.muvika.com\/site\/wp-json\/wp\/v2\/pages\/2037\/?top10p=2\">&raquo;<\/a><\/li><\/ul><\/div>[\/vc_column_text][\/vc_column][vc_column width=&#8221;1\/3&#8243;][vc_single_image image=&#8221;4065&#8243; img_size=&#8221;medium&#8221; alignment=&#8221;center&#8221;][vc_column_text]<\/p>\n<p style=\"text-align: center;\">Suomen virallisen karaokelistan\u2122 kokoaa Muvika Oy. Kaikki oikeudet pid\u00e4tet\u00e4\u00e4n.<\/p>\n<p style=\"text-align: center;\">Lista koostetaan viikoittain valtakunnallisesti useasta l\u00e4hteest\u00e4 sis\u00e4lt\u00e4en Muvika-palvelun ja ravintoloiden lauletuimmat kappaleet.<\/p>\n<p>[\/vc_column_text][\/vc_column][\/vc_row]<\/p>\n","protected":false},"excerpt":{"rendered":"<p>[vc_row][vc_column width=&#8221;2\/3&#8243;][vc_column_text] [\/vc_column_text][\/vc_column][vc_column width=&#8221;1\/3&#8243;][vc_single_image image=&#8221;4065&#8243; img_size=&#8221;medium&#8221; alignment=&#8221;center&#8221;][vc_column_text] Suomen virallisen karaokelistan\u2122 kokoaa Muvika Oy. Kaikki oikeudet pid\u00e4tet\u00e4\u00e4n. Lista koostetaan viikoittain valtakunnallisesti useasta l\u00e4hteest\u00e4 sis\u00e4lt\u00e4en Muvika-palvelun ja ravintoloiden lauletuimmat kappaleet. [\/vc_column_text][\/vc_column][\/vc_row]<\/p>\n","protected":false},"author":1,"featured_media":0,"parent":0,"menu_order":0,"comment_status":"closed","ping_status":"closed","template":"page-templates\/template-fullwidth.php","meta":{"_mi_skip_tracking":false},"yoast_head":"<!-- This site is optimized with the Yoast SEO plugin v20.3 - https:\/\/yoast.com\/wordpress\/plugins\/seo\/ -->\n<title>Suomen virallinen karaokelista - MUVIKA<\/title>\n<meta name=\"description\" content=\"Suomen virallisen karaokelistan\u2122 kokoaa Muvika Oy. Kaikki oikeudet pid\u00e4tet\u00e4\u00e4n. Lista koostetaan viikoittain valtakunnallisesti useasta l\u00e4hteest\u00e4 sis\u00e4lt\u00e4en Muvika-palvelun ja ravintoloiden lauletuimmat kappaleet.\" \/>\n<meta name=\"robots\" content=\"index, follow, max-snippet:-1, max-image-preview:large, max-video-preview:-1\" \/>\n<link rel=\"canonical\" href=\"https:\/\/www.muvika.com\/site\/suomen-virallinen-karaokelista\/\" \/>\n<meta property=\"og:locale\" content=\"en_US\" \/>\n<meta property=\"og:type\" content=\"article\" \/>\n<meta property=\"og:title\" content=\"Suomen virallinen karaokelista - MUVIKA\" \/>\n<meta property=\"og:description\" content=\"Suomen virallisen karaokelistan\u2122 kokoaa Muvika Oy. Kaikki oikeudet pid\u00e4tet\u00e4\u00e4n. Lista koostetaan viikoittain valtakunnallisesti useasta l\u00e4hteest\u00e4 sis\u00e4lt\u00e4en Muvika-palvelun ja ravintoloiden lauletuimmat kappaleet.\" \/>\n<meta property=\"og:url\" content=\"https:\/\/www.muvika.com\/site\/fi\/suomen-virallinen-karaokelista\/\" \/>\n<meta property=\"og:site_name\" content=\"MUVIKA\" \/>\n<meta property=\"article:publisher\" content=\"https:\/\/www.facebook.com\/muvikasuomi\/\" \/>\n<meta property=\"article:modified_time\" content=\"2019-01-19T11:43:41+00:00\" \/>\n<meta property=\"og:image\" content=\"https:\/\/www.muvika.com\/site\/wp-content\/uploads\/2016\/12\/Muvika-tv-mainos-2.jpg\" \/>\n\t<meta property=\"og:image:width\" content=\"1920\" \/>\n\t<meta property=\"og:image:height\" content=\"1080\" \/>\n\t<meta property=\"og:image:type\" content=\"image\/jpeg\" \/>\n<meta name=\"twitter:card\" content=\"summary_large_image\" \/>\n<script type=\"application\/ld+json\" class=\"yoast-schema-graph\">{\"@context\":\"https:\/\/schema.org\",\"@graph\":[{\"@type\":\"WebPage\",\"@id\":\"https:\/\/www.muvika.com\/site\/fi\/suomen-virallinen-karaokelista\/\",\"url\":\"https:\/\/www.muvika.com\/site\/fi\/suomen-virallinen-karaokelista\/\",\"name\":\"Suomen virallinen karaokelista - MUVIKA\",\"isPartOf\":{\"@id\":\"https:\/\/www.muvika.com\/site\/#website\"},\"datePublished\":\"2015-12-24T13:35:49+00:00\",\"dateModified\":\"2019-01-19T11:43:41+00:00\",\"description\":\"Suomen virallisen karaokelistan\u2122 kokoaa Muvika Oy. Kaikki oikeudet pid\u00e4tet\u00e4\u00e4n. Lista koostetaan viikoittain valtakunnallisesti useasta l\u00e4hteest\u00e4 sis\u00e4lt\u00e4en Muvika-palvelun ja ravintoloiden lauletuimmat kappaleet.\",\"breadcrumb\":{\"@id\":\"https:\/\/www.muvika.com\/site\/fi\/suomen-virallinen-karaokelista\/#breadcrumb\"},\"inLanguage\":\"en-US\",\"potentialAction\":[{\"@type\":\"ReadAction\",\"target\":[\"https:\/\/www.muvika.com\/site\/fi\/suomen-virallinen-karaokelista\/\"]}]},{\"@type\":\"BreadcrumbList\",\"@id\":\"https:\/\/www.muvika.com\/site\/fi\/suomen-virallinen-karaokelista\/#breadcrumb\",\"itemListElement\":[{\"@type\":\"ListItem\",\"position\":1,\"name\":\"Home\",\"item\":\"https:\/\/www.muvika.com\/site\/\"},{\"@type\":\"ListItem\",\"position\":2,\"name\":\"Suomen virallinen karaokelista\"}]},{\"@type\":\"WebSite\",\"@id\":\"https:\/\/www.muvika.com\/site\/#website\",\"url\":\"https:\/\/www.muvika.com\/site\/\",\"name\":\"MUVIKA\",\"description\":\"Streaming online karaoke service\",\"publisher\":{\"@id\":\"https:\/\/www.muvika.com\/site\/#organization\"},\"potentialAction\":[{\"@type\":\"SearchAction\",\"target\":{\"@type\":\"EntryPoint\",\"urlTemplate\":\"https:\/\/www.muvika.com\/site\/?s={search_term_string}\"},\"query-input\":\"required name=search_term_string\"}],\"inLanguage\":\"en-US\"},{\"@type\":\"Organization\",\"@id\":\"https:\/\/www.muvika.com\/site\/#organization\",\"name\":\"Muvika Oy\",\"url\":\"https:\/\/www.muvika.com\/site\/\",\"logo\":{\"@type\":\"ImageObject\",\"inLanguage\":\"en-US\",\"@id\":\"https:\/\/www.muvika.com\/site\/#\/schema\/logo\/image\/\",\"url\":\"https:\/\/www.muvika.com\/site\/wp-content\/uploads\/2014\/11\/MUVIKA-karaoke-logo-no-shadow.png\",\"contentUrl\":\"https:\/\/www.muvika.com\/site\/wp-content\/uploads\/2014\/11\/MUVIKA-karaoke-logo-no-shadow.png\",\"width\":2048,\"height\":1288,\"caption\":\"Muvika Oy\"},\"image\":{\"@id\":\"https:\/\/www.muvika.com\/site\/#\/schema\/logo\/image\/\"},\"sameAs\":[\"https:\/\/www.facebook.com\/muvikasuomi\/\"]}]}<\/script>\n<!-- \/ Yoast SEO plugin. -->","yoast_head_json":{"title":"Suomen virallinen karaokelista - MUVIKA","description":"Suomen virallisen karaokelistan\u2122 kokoaa Muvika Oy. Kaikki oikeudet pid\u00e4tet\u00e4\u00e4n. Lista koostetaan viikoittain valtakunnallisesti useasta l\u00e4hteest\u00e4 sis\u00e4lt\u00e4en Muvika-palvelun ja ravintoloiden lauletuimmat kappaleet.","robots":{"index":"index","follow":"follow","max-snippet":"max-snippet:-1","max-image-preview":"max-image-preview:large","max-video-preview":"max-video-preview:-1"},"canonical":"https:\/\/www.muvika.com\/site\/suomen-virallinen-karaokelista\/","og_locale":"en_US","og_type":"article","og_title":"Suomen virallinen karaokelista - MUVIKA","og_description":"Suomen virallisen karaokelistan\u2122 kokoaa Muvika Oy. Kaikki oikeudet pid\u00e4tet\u00e4\u00e4n. Lista koostetaan viikoittain valtakunnallisesti useasta l\u00e4hteest\u00e4 sis\u00e4lt\u00e4en Muvika-palvelun ja ravintoloiden lauletuimmat kappaleet.","og_url":"https:\/\/www.muvika.com\/site\/fi\/suomen-virallinen-karaokelista\/","og_site_name":"MUVIKA","article_publisher":"https:\/\/www.facebook.com\/muvikasuomi\/","article_modified_time":"2019-01-19T11:43:41+00:00","og_image":[{"width":1920,"height":1080,"url":"https:\/\/www.muvika.com\/site\/wp-content\/uploads\/2016\/12\/Muvika-tv-mainos-2.jpg","type":"image\/jpeg"}],"twitter_card":"summary_large_image","schema":{"@context":"https:\/\/schema.org","@graph":[{"@type":"WebPage","@id":"https:\/\/www.muvika.com\/site\/fi\/suomen-virallinen-karaokelista\/","url":"https:\/\/www.muvika.com\/site\/fi\/suomen-virallinen-karaokelista\/","name":"Suomen virallinen karaokelista - MUVIKA","isPartOf":{"@id":"https:\/\/www.muvika.com\/site\/#website"},"datePublished":"2015-12-24T13:35:49+00:00","dateModified":"2019-01-19T11:43:41+00:00","description":"Suomen virallisen karaokelistan\u2122 kokoaa Muvika Oy. Kaikki oikeudet pid\u00e4tet\u00e4\u00e4n. Lista koostetaan viikoittain valtakunnallisesti useasta l\u00e4hteest\u00e4 sis\u00e4lt\u00e4en Muvika-palvelun ja ravintoloiden lauletuimmat kappaleet.","breadcrumb":{"@id":"https:\/\/www.muvika.com\/site\/fi\/suomen-virallinen-karaokelista\/#breadcrumb"},"inLanguage":"en-US","potentialAction":[{"@type":"ReadAction","target":["https:\/\/www.muvika.com\/site\/fi\/suomen-virallinen-karaokelista\/"]}]},{"@type":"BreadcrumbList","@id":"https:\/\/www.muvika.com\/site\/fi\/suomen-virallinen-karaokelista\/#breadcrumb","itemListElement":[{"@type":"ListItem","position":1,"name":"Home","item":"https:\/\/www.muvika.com\/site\/"},{"@type":"ListItem","position":2,"name":"Suomen virallinen karaokelista"}]},{"@type":"WebSite","@id":"https:\/\/www.muvika.com\/site\/#website","url":"https:\/\/www.muvika.com\/site\/","name":"MUVIKA","description":"Streaming online karaoke service","publisher":{"@id":"https:\/\/www.muvika.com\/site\/#organization"},"potentialAction":[{"@type":"SearchAction","target":{"@type":"EntryPoint","urlTemplate":"https:\/\/www.muvika.com\/site\/?s={search_term_string}"},"query-input":"required name=search_term_string"}],"inLanguage":"en-US"},{"@type":"Organization","@id":"https:\/\/www.muvika.com\/site\/#organization","name":"Muvika Oy","url":"https:\/\/www.muvika.com\/site\/","logo":{"@type":"ImageObject","inLanguage":"en-US","@id":"https:\/\/www.muvika.com\/site\/#\/schema\/logo\/image\/","url":"https:\/\/www.muvika.com\/site\/wp-content\/uploads\/2014\/11\/MUVIKA-karaoke-logo-no-shadow.png","contentUrl":"https:\/\/www.muvika.com\/site\/wp-content\/uploads\/2014\/11\/MUVIKA-karaoke-logo-no-shadow.png","width":2048,"height":1288,"caption":"Muvika Oy"},"image":{"@id":"https:\/\/www.muvika.com\/site\/#\/schema\/logo\/image\/"},"sameAs":["https:\/\/www.facebook.com\/muvikasuomi\/"]}]}},"_links":{"self":[{"href":"https:\/\/www.muvika.com\/site\/wp-json\/wp\/v2\/pages\/2037"}],"collection":[{"href":"https:\/\/www.muvika.com\/site\/wp-json\/wp\/v2\/pages"}],"about":[{"href":"https:\/\/www.muvika.com\/site\/wp-json\/wp\/v2\/types\/page"}],"author":[{"embeddable":true,"href":"https:\/\/www.muvika.com\/site\/wp-json\/wp\/v2\/users\/1"}],"replies":[{"embeddable":true,"href":"https:\/\/www.muvika.com\/site\/wp-json\/wp\/v2\/comments?post=2037"}],"version-history":[{"count":0,"href":"https:\/\/www.muvika.com\/site\/wp-json\/wp\/v2\/pages\/2037\/revisions"}],"wp:attachment":[{"href":"https:\/\/www.muvika.com\/site\/wp-json\/wp\/v2\/media?parent=2037"}],"curies":[{"name":"wp","href":"https:\/\/api.w.org\/{rel}","templated":true}]}}