{"id":2429,"date":"2016-12-06T16:25:38","date_gmt":"2016-12-06T14:25:38","guid":{"rendered":"http:\/\/www.muvika.com\/site\/fi\/?page_id=2429"},"modified":"2025-09-02T11:37:59","modified_gmt":"2025-09-02T09:37:59","slug":"muvika-pro","status":"publish","type":"page","link":"https:\/\/www.muvika.com\/site\/fi\/muvika-pro\/","title":{"rendered":"Muvika ravintoloille ja yhdistyksille"},"content":{"rendered":"<p>[vc_row][vc_column width=&#8221;7\/12&#8243;][vc_column_text]<\/p>\n<h2>Mik\u00e4 on Muvika Karaoke Pro?<\/h2>\n<p><strong>Muvika Karaoke Pro<\/strong> on karaokepalvelu julkiseen ammattik\u00e4ytt\u00f6\u00f6n ravintoloissa, tapahtumissa ja muissa julkisissa tiloissa ja tilaisuuksissa. Saat k\u00e4ytt\u00f6\u00f6si tuhansia karaokekappaleita yhdell\u00e4 edullisella kuukausimaksulla. Muvika Karaoke Pro toimii joko tietokoneella, tabletilla tai Muvika Box Pro -laitteella.<\/p>\n<p>&nbsp;<\/p>\n<p><iframe loading=\"lazy\" title=\"Muvika Karaoke Pro\" width=\"750\" height=\"422\" src=\"https:\/\/www.youtube.com\/embed\/rvE6WDTLlAg?feature=oembed\" frameborder=\"0\" allow=\"accelerometer; autoplay; clipboard-write; encrypted-media; gyroscope; picture-in-picture; web-share\" referrerpolicy=\"strict-origin-when-cross-origin\" allowfullscreen><\/iframe><\/p>\n<p>[\/vc_column_text][vc_tta_accordion style=&#8221;flat&#8221; color=&#8221;green&#8221; active_section=&#8221;1&#8243; no_fill=&#8221;true&#8221; title=&#8221;Ominaisuuksia&#8221;][vc_tta_section title=&#8221;Karaokekappaleet&#8221; tab_id=&#8221;1481037044865-8bbbbcec-0d76&#8243;][vc_column_text]K\u00e4yt\u00f6ss\u00e4si on jatkuvasti tuhansien kappaleiden valikoima, johon uusimmat hitit p\u00e4ivittyv\u00e4t automaattisesti. Kaikki kappaleet Muvikan palvelussa ovat korkealuokkaisia lisensoituja karaokevideoita. Eniten kappaleita on suomeksi, englanniksi ja ruotsiksi.<\/p>\n<p>T\u00e4ll\u00e4 hetkell\u00e4 kappaleita on jo yli 100 000 ja valikoima p\u00e4ivittyy viikottain. Katalogistamme l\u00f6ytyy mm. seuraavien karaoketuottajien kappaleita laadukkaina versioina:<\/p>\n<ul>\n<li>Finnkaraoke<\/li>\n<li>Laulavakoira<\/li>\n<li>Tatsia<\/li>\n<li>Magnum<\/li>\n<li>KSF<\/li>\n<li>Karaoke Festival<\/li>\n<li>Edel<\/li>\n<li>Party Tyme<\/li>\n<li>Power<\/li>\n<li>Finlanders<\/li>\n<li>Poptori<\/li>\n<li>Klamydia Karaoke<\/li>\n<li>Finnhits Karaoke<\/li>\n<li>Warner MTG<\/li>\n<li>Svenska Karaoke Fabriken<\/li>\n<li>Tauski Karaoke<\/li>\n<li>Pelika Digital<\/li>\n<li>Mana Banana<\/li>\n<li>Karaoke Channel<\/li>\n<li>United Karaoke Systems<\/li>\n<li>Raskasta Joulua<\/li>\n<li>S\u00e4velsoi<\/li>\n<li>Hevikaraoke<\/li>\n<li>Cover Karaoke<\/li>\n<li>Raskasta Iskelm\u00e4\u00e4<\/li>\n<li>Jurvan Musiikkipaja<\/li>\n<li>Exlibris<\/li>\n<li>Putte Karaoke<\/li>\n<li>Reijo P\u00e4kkil\u00e4<\/li>\n<li>Karaoke Butik<\/li>\n<li>Digitrax<\/li>\n<li>SunFly<\/li>\n<li>Stingray<\/li>\n<\/ul>\n<p>[\/vc_column_text][\/vc_tta_section][vc_tta_section title=&#8221;S\u00e4hk\u00f6iset karaokelistat&#8221; tab_id=&#8221;1481037597639-14a17a4d-f435&#8243;][vc_column_text]Muvika SongBookin avulla kaikki karaokeen osallistuvat voivat selata katalogia ja valita kappaleensa itsen\u00e4isesti k\u00e4ytt\u00e4en esimerkiksi omaa k\u00e4nnykk\u00e4\u00e4ns\u00e4. Toimii mill\u00e4 tahansa laitteella, jossa on nettiselain. Ei hankalaa sovelluksen asentamista tai tilin luomista.[\/vc_column_text][\/vc_tta_section][vc_tta_section title=&#8221;Jonoautomatiikka&#8221; tab_id=&#8221;1481037649771-7c13e694-de31&#8243;][vc_column_text]SmartQ<b>&#8211;<\/b>jonoautomatiikka j\u00e4rjestelee laulujonon automaattisesti niin, ett\u00e4 kaikki p\u00e4\u00e4sev\u00e4t laulamaan sopivin v\u00e4liajoin.[\/vc_column_text][\/vc_tta_section][vc_tta_section title=&#8221;Taustamusiikki&#8221; tab_id=&#8221;1561450522632-0b26d9e5-9386&#8243;][vc_column_text]Karaokekappaleiden v\u00e4liss\u00e4 voidaan soittaa automaattisesti taustamusiikkia, joten tunnelma pysyy korkealla seuraavaa laulajaa odotellessa. Taustamusiikin tyypin voi valita genreist\u00e4 ja vuosikymmenist\u00e4.[\/vc_column_text][\/vc_tta_section][vc_tta_section title=&#8221;Opaslauluraidat&#8221; tab_id=&#8221;1572965462037-0db7196c-348a&#8221;][vc_column_text]Voit laittaa opaslauluraidan p\u00e4\u00e4lle tai pois yhdell\u00e4 napinpainalluksella. Todella k\u00e4tev\u00e4\u00e4![\/vc_column_text][\/vc_tta_section][vc_tta_section title=&#8221;Hinnasto&#8221; tab_id=&#8221;1692268938709-8aa91c54-6211&#8243;][vc_column_text]<strong>Muvika Pro hinnasto<\/strong><\/p>\n<p>Toistaiseksi voimassaoleva kuukausitilaus <strong>299 \u20ac \/ kk<\/strong>. Kaikki kappaleet k\u00e4ytett\u00e4viss\u00e4 ilman muita maksuja, keskeytett\u00e4viss\u00e4 koska tahansa.<\/p>\n<p>Vuorokausitilaus <strong>49 \u20ac <\/strong>Kaikki kappaleet, voimassa 24 tuntia tilauksesta.<\/p>\n<p>On-demand kappalekohtainen veloitus.<strong> 0,57 \u20ac \/ soitettu kappale.<\/strong> Kaikki kappaleet k\u00e4ytett\u00e4viss\u00e4. Toistaiseksi voimassaoleva, ei muita maksuja. Keskeytett\u00e4viss\u00e4 koska tahansa.<\/p>\n<p>Kaikki em. hinnat ennen arvonlis\u00e4veroa 25,5%.<\/p>\n<p>Kysy my\u00f6s tarjousta m\u00e4\u00e4r\u00e4aikaisesta sopimuksesta tai erikoistarjouksesta yhdistykselle!<\/p>\n<p>T\u00e4yt\u00e4 alla oleva lomake ja saat meilt\u00e4 Muvika Pro -tunnukset ja ohjeet s\u00e4hk\u00f6postiisi.[\/vc_column_text][\/vc_tta_section][vc_tta_section title=&#8221;Paras k\u00e4ytt\u00f6liittym\u00e4&#8221; tab_id=&#8221;1704311019121-d49f7257-0ed8&#8243;][vc_column_text]Muvikan palvelu on suunniteltu tarkasti asiakkaita kuunnellen, ja teemme samaa ty\u00f6t\u00e4 edelleen. Siksi monen mielest\u00e4 Muvikan k\u00e4ytt\u00f6liittym\u00e4 on helpoin ja paras k\u00e4ytt\u00e4\u00e4.[\/vc_column_text][\/vc_tta_section][\/vc_tta_accordion][vc_column_text][\/vc_column_text][vc_column_text][\/vc_column_text][vc_column_text]<\/p>\n<h3>Tilaa t\u00e4st\u00e4 Muvika Karaoke Pro -tunnukset tai pyyd\u00e4 tarjous.<\/h3>\n<p>T\u00e4yt\u00e4 alla oleva lomake ja myyntitiimimme ottaa sinuun pian yhteytt\u00e4. Jos sinulla ei ole yrityst\u00e4, tai haluat vain lis\u00e4tietoja tai tarjouksen, voit laittaa yrityksen kohdalle vain nimesi ja y-tunnuksen kohdalle pelk\u00e4n viivan. Kysy my\u00f6s erikoishintaa yleishy\u00f6dyllisille yhdistyksille ja yhteis\u00f6ille!<\/p>\n<p>Voit my\u00f6s ottaa yhteytt\u00e4 asiakaspalveluumme puhelimitse numeroon 010 326 3130 (ark. 9-18, norm. mpm\/pvm) tai s\u00e4hk\u00f6postitse osoitteeseen asiakaspalvelu@muvika.com<br \/>\n\n<div class=\"wpcf7 no-js\" id=\"wpcf7-f2641-o1\" lang=\"en-US\" dir=\"ltr\">\n<div class=\"screen-reader-response\"><p role=\"status\" aria-live=\"polite\" aria-atomic=\"true\"><\/p> <ul><\/ul><\/div>\n<form action=\"\/site\/wp-json\/wp\/v2\/pages\/2429#wpcf7-f2641-o1\" method=\"post\" class=\"wpcf7-form init\" aria-label=\"Contact form\" novalidate=\"novalidate\" data-status=\"init\">\n<div style=\"display: none;\">\n<input type=\"hidden\" name=\"_wpcf7\" value=\"2641\" \/>\n<input type=\"hidden\" name=\"_wpcf7_version\" value=\"5.7.5.1\" \/>\n<input type=\"hidden\" name=\"_wpcf7_locale\" value=\"en_US\" \/>\n<input type=\"hidden\" name=\"_wpcf7_unit_tag\" value=\"wpcf7-f2641-o1\" \/>\n<input type=\"hidden\" name=\"_wpcf7_container_post\" value=\"0\" \/>\n<input type=\"hidden\" name=\"_wpcf7_posted_data_hash\" value=\"\" \/>\n<input type=\"hidden\" name=\"_wpcf7_recaptcha_response\" value=\"\" \/>\n<\/div>\n<p>Yritys \/ yhteis\u00f6 (pakollinen)\n<\/p>\n<p><span class=\"wpcf7-form-control-wrap\" data-name=\"company-name\"><input size=\"40\" class=\"wpcf7-form-control wpcf7-text wpcf7-validates-as-required\" aria-required=\"true\" aria-invalid=\"false\" value=\"\" type=\"text\" name=\"company-name\" \/><\/span>\n<\/p>\n<p>Y-tunnus (pakollinen)\n<\/p>\n<p><span class=\"wpcf7-form-control-wrap\" data-name=\"vat-number\"><input size=\"40\" class=\"wpcf7-form-control wpcf7-text wpcf7-validates-as-required\" aria-required=\"true\" aria-invalid=\"false\" value=\"\" type=\"text\" name=\"vat-number\" \/><\/span>\n<\/p>\n<p>Yhteyshenkil\u00f6 (pakollinen)\n<\/p>\n<p><span class=\"wpcf7-form-control-wrap\" data-name=\"contact-person\"><input size=\"40\" class=\"wpcf7-form-control wpcf7-text wpcf7-validates-as-required\" aria-required=\"true\" aria-invalid=\"false\" value=\"\" type=\"text\" name=\"contact-person\" \/><\/span>\n<\/p>\n<p>S\u00e4hk\u00f6posti (pakollinen)\n<\/p>\n<p><span class=\"wpcf7-form-control-wrap\" data-name=\"your-email\"><input size=\"40\" class=\"wpcf7-form-control wpcf7-text wpcf7-email wpcf7-validates-as-required wpcf7-validates-as-email\" aria-required=\"true\" aria-invalid=\"false\" value=\"\" type=\"email\" name=\"your-email\" \/><\/span>\n<\/p>\n<p>Puhelin (pakollinen)\n<\/p>\n<p><span class=\"wpcf7-form-control-wrap\" data-name=\"phone-number\"><input size=\"40\" class=\"wpcf7-form-control wpcf7-text wpcf7-validates-as-required\" aria-required=\"true\" aria-invalid=\"false\" value=\"\" type=\"text\" name=\"phone-number\" \/><\/span>\n<\/p>\n<p>Muita tietoja tai kysymyksi\u00e4\n<\/p>\n<p><span class=\"wpcf7-form-control-wrap\" data-name=\"your-message\"><textarea cols=\"40\" rows=\"10\" class=\"wpcf7-form-control wpcf7-textarea\" aria-invalid=\"false\" name=\"your-message\"><\/textarea><\/span>\n<\/p>\n<p><span class=\"wpcf7-form-control-wrap\" data-name=\"random-math-quiz\"><label><span class=\"wpcf7-quiz-label\">Paljonko on 5+5?<\/span> <input size=\"40\" class=\"wpcf7-form-control wpcf7-quiz\" autocomplete=\"off\" aria-required=\"true\" aria-invalid=\"false\" type=\"text\" name=\"random-math-quiz\" \/><\/label><input type=\"hidden\" name=\"_wpcf7_quiz_answer_random-math-quiz\" value=\"163e161308dbd3f82ebb100b4b2514c5\" \/><\/span>\n<\/p>\n<p><input class=\"wpcf7-form-control has-spinner wpcf7-submit\" type=\"submit\" value=\"L\u00e4het\u00e4\" \/>\n<\/p><div class=\"wpcf7-response-output\" aria-hidden=\"true\"><\/div>\n<\/form>\n<\/div>\n[\/vc_column_text][\/vc_column][vc_column width=&#8221;5\/12&#8243;][vc_column_text]<\/p>\n<h4 style=\"text-align: center;\">Asiakaspalautteita<\/h4>\n<p>[\/vc_column_text][vc_column_text css=&#8221;.vc_custom_1704973815615{margin-bottom: 4px !important;}&#8221;]<a href=\"https:\/\/cael.fi\"><img decoding=\"async\" src=\"https:\/\/www.muvika.com\/site\/wp-content\/uploads\/2024\/01\/cael-1024x573-1-300x168.jpg\" alt=\"\" class=\"alignnone size-medium wp-image-5479\" style=\"float: left; margin: 0px 10px 20px 0;\" width=\"100\" \/><\/a>\u201cMuvika on yksinkertaisesti paras.\u201d<br \/>\n<strong>CA&#8217;EL KARAOKE, Elias &amp; Carita Isorinne<\/strong>[\/vc_column_text][vc_column_text css=&#8221;.vc_custom_1713281325461{margin-bottom: 4px ! important;}]<\/p>\n<p>&nbsp;<\/p>\n<p><a href=\"https:\/\/idanpiste.fi\"><img decoding=\"async\" loading=\"lazy\" src=\"https:\/\/www.muvika.com\/site\/wp-content\/uploads\/2024\/04\/idan-piste-150x150.jpg\" alt=\"\" class=\"alignnone wp-image-5819\" style=\"float: left; margin: 0px 10px 20px 0;\" width=\"100\" height=\"100\" srcset=\"https:\/\/www.muvika.com\/site\/wp-content\/uploads\/2024\/04\/idan-piste-150x150.jpg 150w, https:\/\/www.muvika.com\/site\/wp-content\/uploads\/2024\/04\/idan-piste-300x300.jpg 300w, https:\/\/www.muvika.com\/site\/wp-content\/uploads\/2024\/04\/idan-piste-768x768.jpg 768w, https:\/\/www.muvika.com\/site\/wp-content\/uploads\/2024\/04\/idan-piste.jpg 800w\" sizes=\"(max-width: 100px) 100vw, 100px\" \/><\/a>&#8220;Muvika toimii hienosti ja biisivalikoima on huikea.\u201d<br \/>\n<strong>Id\u00e4n Piste, Helsinki<br \/>\n<\/strong>[\/vc_column_text][vc_column_text]<\/p>\n<p>&nbsp;<\/p>\n<p><img decoding=\"async\" src=\"https:\/\/www.muvika.com\/site\/wp-content\/uploads\/2023\/06\/femma-300x300.jpg\" alt=\"\" class=\"alignnone size-medium wp-image-5449\" style=\"float: left; margin: 10px 10px 10px 0;\" width=\"100\" srcset=\"https:\/\/www.muvika.com\/site\/wp-content\/uploads\/2023\/06\/femma-300x300.jpg 300w, https:\/\/www.muvika.com\/site\/wp-content\/uploads\/2023\/06\/femma-150x150.jpg 150w, https:\/\/www.muvika.com\/site\/wp-content\/uploads\/2023\/06\/femma-768x769.jpg 768w, https:\/\/www.muvika.com\/site\/wp-content\/uploads\/2023\/06\/femma.jpg 959w\" sizes=\"(max-width: 300px) 100vw, 300px\" \/><\/p>\n<div style=\"clear: right;\">&#8220;Ohjelma on helppok\u00e4ytt\u00f6inen, paljon erilaisia lauluja ja et\u00e4hallinta.&#8221;<br \/>\n<strong>Femma Bar, Vantaa<\/strong><\/div>\n<p>[\/vc_column_text][vc_column_text]<\/p>\n<div style=\"clear: both;\"><\/div>\n<p><img decoding=\"async\" src=\"https:\/\/www.muvika.com\/site\/wp-content\/uploads\/2023\/06\/bestis-269x300.jpg\" alt=\"\" class=\"alignnone size-medium wp-image-5461\" style=\"float: left; margin: 10px 10px 10px 0;\" width=\"100\" srcset=\"https:\/\/www.muvika.com\/site\/wp-content\/uploads\/2023\/06\/bestis-269x300.jpg 269w, https:\/\/www.muvika.com\/site\/wp-content\/uploads\/2023\/06\/bestis-919x1024.jpg 919w, https:\/\/www.muvika.com\/site\/wp-content\/uploads\/2023\/06\/bestis-768x856.jpg 768w, https:\/\/www.muvika.com\/site\/wp-content\/uploads\/2023\/06\/bestis-1378x1536.jpg 1378w, https:\/\/www.muvika.com\/site\/wp-content\/uploads\/2023\/06\/bestis.jpg 1524w\" sizes=\"(max-width: 269px) 100vw, 269px\" \/>\u201cAsiakkaamme sek\u00e4 henkil\u00f6kuntamme ovat olleet tyytyv\u00e4isi\u00e4 karaokeenne. Biisivalikoima on riitt\u00e4v\u00e4 ja monipuolinen. Negatiivista palautetta ei ole tullut, jatketaan samaan malliin. Kiitos!\u201d<br \/>\n<strong>Mr. Hugo Bar, Helsinki<\/strong>[\/vc_column_text][vc_column_text]<\/p>\n<div style=\"clear: both;\"><\/div>\n<p><img decoding=\"async\" src=\"https:\/\/www.muvika.com\/site\/wp-content\/uploads\/2023\/06\/oldirishpubhelsinki-2.jpg\" alt=\"\" class=\"alignnone size-medium wp-image-5471\" style=\"float: left; margin: 10px 10px 30px 0;\" width=\"100\" \/>\u201cMuvika is an easy to use system with minimal issues! Both staff and guests find it easy to use with a big variety of both Finnish and International songs!\u201d<br \/>\n<strong>The Old Irish Pub, Helsinki<\/strong>[\/vc_column_text][vc_column_text]<\/p>\n<div style=\"clear: both;\"><\/div>\n<p><img decoding=\"async\" src=\"https:\/\/www.muvika.com\/site\/wp-content\/uploads\/2023\/06\/bestis-1-300x181.jpg\" alt=\"\" class=\"alignnone size-medium wp-image-5465\" style=\"float: left; margin: 10px 10px 10px 0;\" width=\"100\" srcset=\"https:\/\/www.muvika.com\/site\/wp-content\/uploads\/2023\/06\/bestis-1-300x181.jpg 300w, https:\/\/www.muvika.com\/site\/wp-content\/uploads\/2023\/06\/bestis-1-1024x619.jpg 1024w, https:\/\/www.muvika.com\/site\/wp-content\/uploads\/2023\/06\/bestis-1-768x464.jpg 768w, https:\/\/www.muvika.com\/site\/wp-content\/uploads\/2023\/06\/bestis-1.jpg 1440w\" sizes=\"(max-width: 300px) 100vw, 300px\" \/>\u201cErinomainen kokemus. Kiitos!\u201d<br \/>\n<strong>Bestis Karaoke Bar &amp; Nightclub, Espoo<\/strong>[\/vc_column_text][vc_column_text]<\/p>\n<div style=\"clear: both;\"><\/div>\n<p><img decoding=\"async\" src=\"https:\/\/www.muvika.com\/site\/wp-content\/uploads\/2023\/06\/wenla-300x298.jpg\" alt=\"\" class=\"alignnone size-medium wp-image-5471\" style=\"float: left; margin: 0 10px 10px 0;\" width=\"100\" srcset=\"https:\/\/www.muvika.com\/site\/wp-content\/uploads\/2023\/06\/wenla-300x298.jpg 300w, https:\/\/www.muvika.com\/site\/wp-content\/uploads\/2023\/06\/wenla-1024x1019.jpg 1024w, https:\/\/www.muvika.com\/site\/wp-content\/uploads\/2023\/06\/wenla-150x150.jpg 150w, https:\/\/www.muvika.com\/site\/wp-content\/uploads\/2023\/06\/wenla-768x764.jpg 768w, https:\/\/www.muvika.com\/site\/wp-content\/uploads\/2023\/06\/wenla.jpg 1359w\" sizes=\"(max-width: 300px) 100vw, 300px\" \/>\u201cK\u00e4tev\u00e4 ohjelma, helppo k\u00e4ytt\u00e4\u00e4!\u201d<br \/>\n<strong>Ravintola Wenla, Helsinki<\/strong>[\/vc_column_text][vc_column_text]<\/p>\n<div style=\"clear: both;\"><\/div>\n<p><img decoding=\"async\" src=\"https:\/\/www.muvika.com\/site\/wp-content\/uploads\/2023\/06\/swengi-300x138.png\" alt=\"\" class=\"alignnone size-medium wp-image-5479\" style=\"float: left; margin: 10px 10px 60px 0;\" width=\"100\" srcset=\"https:\/\/www.muvika.com\/site\/wp-content\/uploads\/2023\/06\/swengi-300x138.png 300w, https:\/\/www.muvika.com\/site\/wp-content\/uploads\/2023\/06\/swengi.png 553w\" sizes=\"(max-width: 300px) 100vw, 300px\" \/>\u201cMuvika Karaoke sopii hyvin Swengiin, helppo k\u00e4ytt\u00e4\u00e4 ja yli 100 000 karaokekappaletta. Asiakkaat pit\u00e4v\u00e4t Muvikasta.\u201d<br \/>\n<strong>Karaoke Nightclub Swengi, Helsinki<\/strong>[\/vc_column_text][vc_column_text css=&#8221;.vc_custom_1481039506413{margin-bottom: 4px !important;}&#8221;]<\/p>\n<p>&nbsp;<\/p>\n<h4 style=\"text-align: center;\">S\u00e4hk\u00f6inen karaokelista<\/h4>\n<p>[\/vc_column_text][vc_single_image image=&#8221;4941&#8243; img_size=&#8221;full&#8221; alignment=&#8221;center&#8221; onclick=&#8221;link_image&#8221; el_class=&#8221;smaller_heading&#8221;][\/vc_column][\/vc_row]<\/p>\n","protected":false},"excerpt":{"rendered":"<p>[vc_row][vc_column width=&#8221;7\/12&#8243;][vc_column_text] Mik\u00e4 on Muvika Karaoke Pro? Muvika Karaoke Pro on karaokepalvelu julkiseen ammattik\u00e4ytt\u00f6\u00f6n ravintoloissa, tapahtumissa ja muissa julkisissa tiloissa ja tilaisuuksissa. Saat k\u00e4ytt\u00f6\u00f6si tuhansia karaokekappaleita yhdell\u00e4 edullisella kuukausimaksulla. Muvika Karaoke Pro toimii joko tietokoneella, tabletilla tai Muvika Box Pro -laitteella. &nbsp; [\/vc_column_text][vc_tta_accordion style=&#8221;flat&#8221; color=&#8221;green&#8221; active_section=&#8221;1&#8243; no_fill=&#8221;true&#8221; title=&#8221;Ominaisuuksia&#8221;][vc_tta_section title=&#8221;Karaokekappaleet&#8221; tab_id=&#8221;1481037044865-8bbbbcec-0d76&#8243;][vc_column_text]K\u00e4yt\u00f6ss\u00e4si [&hellip;]<\/p>\n","protected":false},"author":1,"featured_media":2431,"parent":0,"menu_order":0,"comment_status":"closed","ping_status":"closed","template":"page-templates\/template-fullwidth.php","meta":{"_mi_skip_tracking":false},"yoast_head":"<!-- This site is optimized with the Yoast SEO plugin v20.3 - https:\/\/yoast.com\/wordpress\/plugins\/seo\/ -->\n<title>Muvika ravintoloille ja yhdistyksille - MUVIKA<\/title>\n<meta name=\"description\" content=\"Uusi vallankumouksellinen striimaava karaokej\u00e4rjestelm\u00e4 ravintoloille ja DJ:lle.\" \/>\n<meta name=\"robots\" content=\"index, follow, max-snippet:-1, max-image-preview:large, max-video-preview:-1\" \/>\n<link rel=\"canonical\" href=\"https:\/\/www.muvika.com\/site\/muvika-pro\/\" \/>\n<meta property=\"og:locale\" content=\"en_US\" \/>\n<meta property=\"og:type\" content=\"article\" \/>\n<meta property=\"og:title\" content=\"Muvika ravintoloille ja yhdistyksille - MUVIKA\" \/>\n<meta property=\"og:description\" content=\"Uusi vallankumouksellinen striimaava karaokej\u00e4rjestelm\u00e4 ravintoloille ja DJ:lle.\" \/>\n<meta property=\"og:url\" content=\"https:\/\/www.muvika.com\/site\/fi\/muvika-pro\/\" \/>\n<meta property=\"og:site_name\" content=\"MUVIKA\" \/>\n<meta property=\"article:publisher\" content=\"https:\/\/www.facebook.com\/muvikasuomi\/\" \/>\n<meta property=\"article:modified_time\" content=\"2025-09-02T09:37:59+00:00\" \/>\n<meta property=\"og:image\" content=\"https:\/\/www.muvika.com\/site\/wp-content\/uploads\/2016\/12\/pro-header.jpg\" \/>\n\t<meta property=\"og:image:width\" content=\"1600\" \/>\n\t<meta property=\"og:image:height\" content=\"562\" \/>\n\t<meta property=\"og:image:type\" content=\"image\/jpeg\" \/>\n<meta name=\"twitter:card\" content=\"summary_large_image\" \/>\n<meta name=\"twitter:label1\" content=\"Est. reading time\" \/>\n\t<meta name=\"twitter:data1\" content=\"5 minutes\" \/>\n<script type=\"application\/ld+json\" class=\"yoast-schema-graph\">{\"@context\":\"https:\/\/schema.org\",\"@graph\":[{\"@type\":\"WebPage\",\"@id\":\"https:\/\/www.muvika.com\/site\/fi\/muvika-pro\/\",\"url\":\"https:\/\/www.muvika.com\/site\/fi\/muvika-pro\/\",\"name\":\"Muvika ravintoloille ja yhdistyksille - MUVIKA\",\"isPartOf\":{\"@id\":\"https:\/\/www.muvika.com\/site\/#website\"},\"datePublished\":\"2016-12-06T14:25:38+00:00\",\"dateModified\":\"2025-09-02T09:37:59+00:00\",\"description\":\"Uusi vallankumouksellinen striimaava karaokej\u00e4rjestelm\u00e4 ravintoloille ja DJ:lle.\",\"breadcrumb\":{\"@id\":\"https:\/\/www.muvika.com\/site\/fi\/muvika-pro\/#breadcrumb\"},\"inLanguage\":\"en-US\",\"potentialAction\":[{\"@type\":\"ReadAction\",\"target\":[\"https:\/\/www.muvika.com\/site\/fi\/muvika-pro\/\"]}]},{\"@type\":\"BreadcrumbList\",\"@id\":\"https:\/\/www.muvika.com\/site\/fi\/muvika-pro\/#breadcrumb\",\"itemListElement\":[{\"@type\":\"ListItem\",\"position\":1,\"name\":\"Home\",\"item\":\"https:\/\/www.muvika.com\/site\/\"},{\"@type\":\"ListItem\",\"position\":2,\"name\":\"Muvika ravintoloille ja yhdistyksille\"}]},{\"@type\":\"WebSite\",\"@id\":\"https:\/\/www.muvika.com\/site\/#website\",\"url\":\"https:\/\/www.muvika.com\/site\/\",\"name\":\"MUVIKA\",\"description\":\"Streaming online karaoke service\",\"publisher\":{\"@id\":\"https:\/\/www.muvika.com\/site\/#organization\"},\"potentialAction\":[{\"@type\":\"SearchAction\",\"target\":{\"@type\":\"EntryPoint\",\"urlTemplate\":\"https:\/\/www.muvika.com\/site\/?s={search_term_string}\"},\"query-input\":\"required name=search_term_string\"}],\"inLanguage\":\"en-US\"},{\"@type\":\"Organization\",\"@id\":\"https:\/\/www.muvika.com\/site\/#organization\",\"name\":\"Muvika Oy\",\"url\":\"https:\/\/www.muvika.com\/site\/\",\"logo\":{\"@type\":\"ImageObject\",\"inLanguage\":\"en-US\",\"@id\":\"https:\/\/www.muvika.com\/site\/#\/schema\/logo\/image\/\",\"url\":\"https:\/\/www.muvika.com\/site\/wp-content\/uploads\/2014\/11\/MUVIKA-karaoke-logo-no-shadow.png\",\"contentUrl\":\"https:\/\/www.muvika.com\/site\/wp-content\/uploads\/2014\/11\/MUVIKA-karaoke-logo-no-shadow.png\",\"width\":2048,\"height\":1288,\"caption\":\"Muvika Oy\"},\"image\":{\"@id\":\"https:\/\/www.muvika.com\/site\/#\/schema\/logo\/image\/\"},\"sameAs\":[\"https:\/\/www.facebook.com\/muvikasuomi\/\"]}]}<\/script>\n<!-- \/ Yoast SEO plugin. -->","yoast_head_json":{"title":"Muvika ravintoloille ja yhdistyksille - MUVIKA","description":"Uusi vallankumouksellinen striimaava karaokej\u00e4rjestelm\u00e4 ravintoloille ja DJ:lle.","robots":{"index":"index","follow":"follow","max-snippet":"max-snippet:-1","max-image-preview":"max-image-preview:large","max-video-preview":"max-video-preview:-1"},"canonical":"https:\/\/www.muvika.com\/site\/muvika-pro\/","og_locale":"en_US","og_type":"article","og_title":"Muvika ravintoloille ja yhdistyksille - MUVIKA","og_description":"Uusi vallankumouksellinen striimaava karaokej\u00e4rjestelm\u00e4 ravintoloille ja DJ:lle.","og_url":"https:\/\/www.muvika.com\/site\/fi\/muvika-pro\/","og_site_name":"MUVIKA","article_publisher":"https:\/\/www.facebook.com\/muvikasuomi\/","article_modified_time":"2025-09-02T09:37:59+00:00","og_image":[{"width":1600,"height":562,"url":"https:\/\/www.muvika.com\/site\/wp-content\/uploads\/2016\/12\/pro-header.jpg","type":"image\/jpeg"}],"twitter_card":"summary_large_image","twitter_misc":{"Est. reading time":"5 minutes"},"schema":{"@context":"https:\/\/schema.org","@graph":[{"@type":"WebPage","@id":"https:\/\/www.muvika.com\/site\/fi\/muvika-pro\/","url":"https:\/\/www.muvika.com\/site\/fi\/muvika-pro\/","name":"Muvika ravintoloille ja yhdistyksille - MUVIKA","isPartOf":{"@id":"https:\/\/www.muvika.com\/site\/#website"},"datePublished":"2016-12-06T14:25:38+00:00","dateModified":"2025-09-02T09:37:59+00:00","description":"Uusi vallankumouksellinen striimaava karaokej\u00e4rjestelm\u00e4 ravintoloille ja DJ:lle.","breadcrumb":{"@id":"https:\/\/www.muvika.com\/site\/fi\/muvika-pro\/#breadcrumb"},"inLanguage":"en-US","potentialAction":[{"@type":"ReadAction","target":["https:\/\/www.muvika.com\/site\/fi\/muvika-pro\/"]}]},{"@type":"BreadcrumbList","@id":"https:\/\/www.muvika.com\/site\/fi\/muvika-pro\/#breadcrumb","itemListElement":[{"@type":"ListItem","position":1,"name":"Home","item":"https:\/\/www.muvika.com\/site\/"},{"@type":"ListItem","position":2,"name":"Muvika ravintoloille ja yhdistyksille"}]},{"@type":"WebSite","@id":"https:\/\/www.muvika.com\/site\/#website","url":"https:\/\/www.muvika.com\/site\/","name":"MUVIKA","description":"Streaming online karaoke service","publisher":{"@id":"https:\/\/www.muvika.com\/site\/#organization"},"potentialAction":[{"@type":"SearchAction","target":{"@type":"EntryPoint","urlTemplate":"https:\/\/www.muvika.com\/site\/?s={search_term_string}"},"query-input":"required name=search_term_string"}],"inLanguage":"en-US"},{"@type":"Organization","@id":"https:\/\/www.muvika.com\/site\/#organization","name":"Muvika Oy","url":"https:\/\/www.muvika.com\/site\/","logo":{"@type":"ImageObject","inLanguage":"en-US","@id":"https:\/\/www.muvika.com\/site\/#\/schema\/logo\/image\/","url":"https:\/\/www.muvika.com\/site\/wp-content\/uploads\/2014\/11\/MUVIKA-karaoke-logo-no-shadow.png","contentUrl":"https:\/\/www.muvika.com\/site\/wp-content\/uploads\/2014\/11\/MUVIKA-karaoke-logo-no-shadow.png","width":2048,"height":1288,"caption":"Muvika Oy"},"image":{"@id":"https:\/\/www.muvika.com\/site\/#\/schema\/logo\/image\/"},"sameAs":["https:\/\/www.facebook.com\/muvikasuomi\/"]}]}},"_links":{"self":[{"href":"https:\/\/www.muvika.com\/site\/wp-json\/wp\/v2\/pages\/2429"}],"collection":[{"href":"https:\/\/www.muvika.com\/site\/wp-json\/wp\/v2\/pages"}],"about":[{"href":"https:\/\/www.muvika.com\/site\/wp-json\/wp\/v2\/types\/page"}],"author":[{"embeddable":true,"href":"https:\/\/www.muvika.com\/site\/wp-json\/wp\/v2\/users\/1"}],"replies":[{"embeddable":true,"href":"https:\/\/www.muvika.com\/site\/wp-json\/wp\/v2\/comments?post=2429"}],"version-history":[{"count":75,"href":"https:\/\/www.muvika.com\/site\/wp-json\/wp\/v2\/pages\/2429\/revisions"}],"predecessor-version":[{"id":6247,"href":"https:\/\/www.muvika.com\/site\/wp-json\/wp\/v2\/pages\/2429\/revisions\/6247"}],"wp:featuredmedia":[{"embeddable":true,"href":"https:\/\/www.muvika.com\/site\/wp-json\/wp\/v2\/media\/2431"}],"wp:attachment":[{"href":"https:\/\/www.muvika.com\/site\/wp-json\/wp\/v2\/media?parent=2429"}],"curies":[{"name":"wp","href":"https:\/\/api.w.org\/{rel}","templated":true}]}}