{"id":4089,"date":"2019-01-21T16:21:40","date_gmt":"2019-01-21T14:21:40","guid":{"rendered":"http:\/\/www.muvika.com\/site\/?page_id=4089"},"modified":"2023-09-29T09:40:43","modified_gmt":"2023-09-29T07:40:43","slug":"luo-muvika-tili-ja-aloita-ilmainen-kuukausi","status":"publish","type":"page","link":"https:\/\/www.muvika.com\/site\/fi\/luo-muvika-tili-ja-aloita-ilmainen-kuukausi\/","title":{"rendered":"Luo Muvika-tili ja aloita ilmainen kuukausi!"},"content":{"rendered":"<p>[vc_row css=&#8221;.vc_custom_1548087457578{margin-top: -30px !important;}&#8221;][vc_column width=&#8221;1\/3&#8243;][vc_column_text]<\/p>\n<h5 style=\"text-align: center;\">1. Luo Muvika-tili<\/h5>\n<p>[\/vc_column_text][\/vc_column][vc_column width=&#8221;1\/3&#8243;][vc_column_text]<\/p>\n<h5 style=\"text-align: center;\">2. Aloita ilmainen kuukausi<\/h5>\n<p style=\"text-align: center;\">Voit k\u00e4ytt\u00e4\u00e4 Muvika-palvelua kuukauden ajan ilmaiseksi t\u00e4ysin rajoittamatta.<\/p>\n<p>[\/vc_column_text][\/vc_column][vc_column width=&#8221;1\/3&#8243;][vc_column_text]<\/p>\n<h5 style=\"text-align: center;\">3. Laulamaan!<\/h5>\n<p style=\"text-align: center;\">Laulajaprofiilisi, suosikkisi ja soittolistasi ovat k\u00e4ytett\u00e4viss\u00e4 miss\u00e4 tahansa, milloin tahansa!<\/p>\n<p>[\/vc_column_text][\/vc_column][\/vc_row][vc_row][vc_column width=&#8221;2\/3&#8243;][vc_column_text]<iframe loading=\"lazy\" width=\"100%\" height=\"490\" style=\"border: 0px #ffffff none;\" class=\"registration_iframe\" src=\"https:\/\/player.muvika.com\/karaoke\/load?page=account&amp;register&amp;source=fb_form\" name=\"muvika-register\" scrolling=\"no\" frameborder=\"0\" marginheight=\"0px\" marginwidth=\"0px\" allowfullscreen=\"allowfullscreen\"><\/iframe>[\/vc_column_text][\/vc_column][vc_column width=&#8221;1\/3&#8243;][vc_single_image image=&#8221;891&#8243; img_size=&#8221;medium&#8221; alignment=&#8221;center&#8221;][vc_column_text]<\/p>\n<p style=\"text-align: center;\">\u2022 L\u00e4hes 150 000 lisensoitua karaokebiisi\u00e4 \u2022<br \/>\n\u2022 S\u00e4velkorkeuden s\u00e4\u00e4t\u00f6 \u2022<br \/>\n\u2022 SmartQ-jonoautomatiikka \u2022<br \/>\n\u2022 Tallenna suosikkibiisisi \u2022<br \/>\n\u2022 Biisitoiveet ja karaokelistat k\u00e4nnyk\u00e4st\u00e4 \u2022<br \/>\n\u2022 K\u00e4ytt\u00f6\u00f6notto parissa minuutissa \u2022<\/p>\n<p>[\/vc_column_text][\/vc_column][\/vc_row]<\/p>\n","protected":false},"excerpt":{"rendered":"<p>[vc_row css=&#8221;.vc_custom_1548087457578{margin-top: -30px !important;}&#8221;][vc_column width=&#8221;1\/3&#8243;][vc_column_text] 1. Luo Muvika-tili [\/vc_column_text][\/vc_column][vc_column width=&#8221;1\/3&#8243;][vc_column_text] 2. Aloita ilmainen kuukausi Voit k\u00e4ytt\u00e4\u00e4 Muvika-palvelua kuukauden ajan ilmaiseksi t\u00e4ysin rajoittamatta. [\/vc_column_text][\/vc_column][vc_column width=&#8221;1\/3&#8243;][vc_column_text] 3. Laulamaan! Laulajaprofiilisi, suosikkisi ja soittolistasi ovat k\u00e4ytett\u00e4viss\u00e4 miss\u00e4 tahansa, milloin tahansa! [\/vc_column_text][\/vc_column][\/vc_row][vc_row][vc_column width=&#8221;2\/3&#8243;][vc_column_text][\/vc_column_text][\/vc_column][vc_column width=&#8221;1\/3&#8243;][vc_single_image image=&#8221;891&#8243; img_size=&#8221;medium&#8221; alignment=&#8221;center&#8221;][vc_column_text] \u2022 L\u00e4hes 150 000 lisensoitua karaokebiisi\u00e4 \u2022 \u2022 [&hellip;]<\/p>\n","protected":false},"author":1,"featured_media":0,"parent":0,"menu_order":0,"comment_status":"closed","ping_status":"closed","template":"page-templates\/template-fullwidth.php","meta":{"_mi_skip_tracking":false},"yoast_head":"<!-- This site is optimized with the Yoast SEO plugin v20.3 - https:\/\/yoast.com\/wordpress\/plugins\/seo\/ -->\n<title>Luo Muvika-tili ja aloita ilmainen kuukausi! - MUVIKA<\/title>\n<meta name=\"robots\" content=\"index, follow, max-snippet:-1, max-image-preview:large, max-video-preview:-1\" \/>\n<link rel=\"canonical\" href=\"https:\/\/www.muvika.com\/site\/luo-muvika-tili-ja-aloita-ilmainen-kuukausi\/\" \/>\n<meta property=\"og:locale\" content=\"en_US\" \/>\n<meta property=\"og:type\" content=\"article\" \/>\n<meta property=\"og:title\" content=\"Luo Muvika-tili ja aloita ilmainen kuukausi! - MUVIKA\" \/>\n<meta property=\"og:description\" content=\"[vc_row css=&#8221;.vc_custom_1548087457578{margin-top: -30px !important;}&#8221;][vc_column width=&#8221;1\/3&#8243;][vc_column_text] 1. Luo Muvika-tili [\/vc_column_text][\/vc_column][vc_column width=&#8221;1\/3&#8243;][vc_column_text] 2. Aloita ilmainen kuukausi Voit k\u00e4ytt\u00e4\u00e4 Muvika-palvelua kuukauden ajan ilmaiseksi t\u00e4ysin rajoittamatta. [\/vc_column_text][\/vc_column][vc_column width=&#8221;1\/3&#8243;][vc_column_text] 3. Laulamaan! Laulajaprofiilisi, suosikkisi ja soittolistasi ovat k\u00e4ytett\u00e4viss\u00e4 miss\u00e4 tahansa, milloin tahansa! [\/vc_column_text][\/vc_column][\/vc_row][vc_row][vc_column width=&#8221;2\/3&#8243;][vc_column_text][\/vc_column_text][\/vc_column][vc_column width=&#8221;1\/3&#8243;][vc_single_image image=&#8221;891&#8243; img_size=&#8221;medium&#8221; alignment=&#8221;center&#8221;][vc_column_text] \u2022 L\u00e4hes 150 000 lisensoitua karaokebiisi\u00e4 \u2022 \u2022 [&hellip;]\" \/>\n<meta property=\"og:url\" content=\"https:\/\/www.muvika.com\/site\/fi\/luo-muvika-tili-ja-aloita-ilmainen-kuukausi\/\" \/>\n<meta property=\"og:site_name\" content=\"MUVIKA\" \/>\n<meta property=\"article:publisher\" content=\"https:\/\/www.facebook.com\/muvikasuomi\/\" \/>\n<meta property=\"article:modified_time\" content=\"2023-09-29T07:40:43+00:00\" \/>\n<meta property=\"og:image\" content=\"https:\/\/www.muvika.com\/site\/wp-content\/uploads\/2016\/12\/Muvika-tv-mainos-2.jpg\" \/>\n\t<meta property=\"og:image:width\" content=\"1920\" \/>\n\t<meta property=\"og:image:height\" content=\"1080\" \/>\n\t<meta property=\"og:image:type\" content=\"image\/jpeg\" \/>\n<meta name=\"twitter:card\" content=\"summary_large_image\" \/>\n<meta name=\"twitter:label1\" content=\"Est. reading time\" \/>\n\t<meta name=\"twitter:data1\" content=\"1 minute\" \/>\n<script type=\"application\/ld+json\" class=\"yoast-schema-graph\">{\"@context\":\"https:\/\/schema.org\",\"@graph\":[{\"@type\":\"WebPage\",\"@id\":\"https:\/\/www.muvika.com\/site\/fi\/luo-muvika-tili-ja-aloita-ilmainen-kuukausi\/\",\"url\":\"https:\/\/www.muvika.com\/site\/fi\/luo-muvika-tili-ja-aloita-ilmainen-kuukausi\/\",\"name\":\"Luo Muvika-tili ja aloita ilmainen kuukausi! - MUVIKA\",\"isPartOf\":{\"@id\":\"https:\/\/www.muvika.com\/site\/#website\"},\"datePublished\":\"2019-01-21T14:21:40+00:00\",\"dateModified\":\"2023-09-29T07:40:43+00:00\",\"breadcrumb\":{\"@id\":\"https:\/\/www.muvika.com\/site\/fi\/luo-muvika-tili-ja-aloita-ilmainen-kuukausi\/#breadcrumb\"},\"inLanguage\":\"en-US\",\"potentialAction\":[{\"@type\":\"ReadAction\",\"target\":[\"https:\/\/www.muvika.com\/site\/fi\/luo-muvika-tili-ja-aloita-ilmainen-kuukausi\/\"]}]},{\"@type\":\"BreadcrumbList\",\"@id\":\"https:\/\/www.muvika.com\/site\/fi\/luo-muvika-tili-ja-aloita-ilmainen-kuukausi\/#breadcrumb\",\"itemListElement\":[{\"@type\":\"ListItem\",\"position\":1,\"name\":\"Home\",\"item\":\"https:\/\/www.muvika.com\/site\/\"},{\"@type\":\"ListItem\",\"position\":2,\"name\":\"Luo Muvika-tili ja aloita ilmainen kuukausi!\"}]},{\"@type\":\"WebSite\",\"@id\":\"https:\/\/www.muvika.com\/site\/#website\",\"url\":\"https:\/\/www.muvika.com\/site\/\",\"name\":\"MUVIKA\",\"description\":\"Streaming online karaoke service\",\"publisher\":{\"@id\":\"https:\/\/www.muvika.com\/site\/#organization\"},\"potentialAction\":[{\"@type\":\"SearchAction\",\"target\":{\"@type\":\"EntryPoint\",\"urlTemplate\":\"https:\/\/www.muvika.com\/site\/?s={search_term_string}\"},\"query-input\":\"required name=search_term_string\"}],\"inLanguage\":\"en-US\"},{\"@type\":\"Organization\",\"@id\":\"https:\/\/www.muvika.com\/site\/#organization\",\"name\":\"Muvika Oy\",\"url\":\"https:\/\/www.muvika.com\/site\/\",\"logo\":{\"@type\":\"ImageObject\",\"inLanguage\":\"en-US\",\"@id\":\"https:\/\/www.muvika.com\/site\/#\/schema\/logo\/image\/\",\"url\":\"https:\/\/www.muvika.com\/site\/wp-content\/uploads\/2014\/11\/MUVIKA-karaoke-logo-no-shadow.png\",\"contentUrl\":\"https:\/\/www.muvika.com\/site\/wp-content\/uploads\/2014\/11\/MUVIKA-karaoke-logo-no-shadow.png\",\"width\":2048,\"height\":1288,\"caption\":\"Muvika Oy\"},\"image\":{\"@id\":\"https:\/\/www.muvika.com\/site\/#\/schema\/logo\/image\/\"},\"sameAs\":[\"https:\/\/www.facebook.com\/muvikasuomi\/\"]}]}<\/script>\n<!-- \/ Yoast SEO plugin. -->","yoast_head_json":{"title":"Luo Muvika-tili ja aloita ilmainen kuukausi! - MUVIKA","robots":{"index":"index","follow":"follow","max-snippet":"max-snippet:-1","max-image-preview":"max-image-preview:large","max-video-preview":"max-video-preview:-1"},"canonical":"https:\/\/www.muvika.com\/site\/luo-muvika-tili-ja-aloita-ilmainen-kuukausi\/","og_locale":"en_US","og_type":"article","og_title":"Luo Muvika-tili ja aloita ilmainen kuukausi! - MUVIKA","og_description":"[vc_row css=&#8221;.vc_custom_1548087457578{margin-top: -30px !important;}&#8221;][vc_column width=&#8221;1\/3&#8243;][vc_column_text] 1. Luo Muvika-tili [\/vc_column_text][\/vc_column][vc_column width=&#8221;1\/3&#8243;][vc_column_text] 2. Aloita ilmainen kuukausi Voit k\u00e4ytt\u00e4\u00e4 Muvika-palvelua kuukauden ajan ilmaiseksi t\u00e4ysin rajoittamatta. [\/vc_column_text][\/vc_column][vc_column width=&#8221;1\/3&#8243;][vc_column_text] 3. Laulamaan! Laulajaprofiilisi, suosikkisi ja soittolistasi ovat k\u00e4ytett\u00e4viss\u00e4 miss\u00e4 tahansa, milloin tahansa! [\/vc_column_text][\/vc_column][\/vc_row][vc_row][vc_column width=&#8221;2\/3&#8243;][vc_column_text][\/vc_column_text][\/vc_column][vc_column width=&#8221;1\/3&#8243;][vc_single_image image=&#8221;891&#8243; img_size=&#8221;medium&#8221; alignment=&#8221;center&#8221;][vc_column_text] \u2022 L\u00e4hes 150 000 lisensoitua karaokebiisi\u00e4 \u2022 \u2022 [&hellip;]","og_url":"https:\/\/www.muvika.com\/site\/fi\/luo-muvika-tili-ja-aloita-ilmainen-kuukausi\/","og_site_name":"MUVIKA","article_publisher":"https:\/\/www.facebook.com\/muvikasuomi\/","article_modified_time":"2023-09-29T07:40:43+00:00","og_image":[{"width":1920,"height":1080,"url":"https:\/\/www.muvika.com\/site\/wp-content\/uploads\/2016\/12\/Muvika-tv-mainos-2.jpg","type":"image\/jpeg"}],"twitter_card":"summary_large_image","twitter_misc":{"Est. reading time":"1 minute"},"schema":{"@context":"https:\/\/schema.org","@graph":[{"@type":"WebPage","@id":"https:\/\/www.muvika.com\/site\/fi\/luo-muvika-tili-ja-aloita-ilmainen-kuukausi\/","url":"https:\/\/www.muvika.com\/site\/fi\/luo-muvika-tili-ja-aloita-ilmainen-kuukausi\/","name":"Luo Muvika-tili ja aloita ilmainen kuukausi! - MUVIKA","isPartOf":{"@id":"https:\/\/www.muvika.com\/site\/#website"},"datePublished":"2019-01-21T14:21:40+00:00","dateModified":"2023-09-29T07:40:43+00:00","breadcrumb":{"@id":"https:\/\/www.muvika.com\/site\/fi\/luo-muvika-tili-ja-aloita-ilmainen-kuukausi\/#breadcrumb"},"inLanguage":"en-US","potentialAction":[{"@type":"ReadAction","target":["https:\/\/www.muvika.com\/site\/fi\/luo-muvika-tili-ja-aloita-ilmainen-kuukausi\/"]}]},{"@type":"BreadcrumbList","@id":"https:\/\/www.muvika.com\/site\/fi\/luo-muvika-tili-ja-aloita-ilmainen-kuukausi\/#breadcrumb","itemListElement":[{"@type":"ListItem","position":1,"name":"Home","item":"https:\/\/www.muvika.com\/site\/"},{"@type":"ListItem","position":2,"name":"Luo Muvika-tili ja aloita ilmainen kuukausi!"}]},{"@type":"WebSite","@id":"https:\/\/www.muvika.com\/site\/#website","url":"https:\/\/www.muvika.com\/site\/","name":"MUVIKA","description":"Streaming online karaoke service","publisher":{"@id":"https:\/\/www.muvika.com\/site\/#organization"},"potentialAction":[{"@type":"SearchAction","target":{"@type":"EntryPoint","urlTemplate":"https:\/\/www.muvika.com\/site\/?s={search_term_string}"},"query-input":"required name=search_term_string"}],"inLanguage":"en-US"},{"@type":"Organization","@id":"https:\/\/www.muvika.com\/site\/#organization","name":"Muvika Oy","url":"https:\/\/www.muvika.com\/site\/","logo":{"@type":"ImageObject","inLanguage":"en-US","@id":"https:\/\/www.muvika.com\/site\/#\/schema\/logo\/image\/","url":"https:\/\/www.muvika.com\/site\/wp-content\/uploads\/2014\/11\/MUVIKA-karaoke-logo-no-shadow.png","contentUrl":"https:\/\/www.muvika.com\/site\/wp-content\/uploads\/2014\/11\/MUVIKA-karaoke-logo-no-shadow.png","width":2048,"height":1288,"caption":"Muvika Oy"},"image":{"@id":"https:\/\/www.muvika.com\/site\/#\/schema\/logo\/image\/"},"sameAs":["https:\/\/www.facebook.com\/muvikasuomi\/"]}]}},"_links":{"self":[{"href":"https:\/\/www.muvika.com\/site\/wp-json\/wp\/v2\/pages\/4089"}],"collection":[{"href":"https:\/\/www.muvika.com\/site\/wp-json\/wp\/v2\/pages"}],"about":[{"href":"https:\/\/www.muvika.com\/site\/wp-json\/wp\/v2\/types\/page"}],"author":[{"embeddable":true,"href":"https:\/\/www.muvika.com\/site\/wp-json\/wp\/v2\/users\/1"}],"replies":[{"embeddable":true,"href":"https:\/\/www.muvika.com\/site\/wp-json\/wp\/v2\/comments?post=4089"}],"version-history":[{"count":3,"href":"https:\/\/www.muvika.com\/site\/wp-json\/wp\/v2\/pages\/4089\/revisions"}],"predecessor-version":[{"id":5645,"href":"https:\/\/www.muvika.com\/site\/wp-json\/wp\/v2\/pages\/4089\/revisions\/5645"}],"wp:attachment":[{"href":"https:\/\/www.muvika.com\/site\/wp-json\/wp\/v2\/media?parent=4089"}],"curies":[{"name":"wp","href":"https:\/\/api.w.org\/{rel}","templated":true}]}}