{"id":5953,"date":"2024-11-25T15:48:03","date_gmt":"2024-11-25T13:48:03","guid":{"rendered":"https:\/\/www.muvika.com\/site\/?page_id=5953"},"modified":"2025-12-01T07:41:31","modified_gmt":"2025-12-01T05:41:31","slug":"black-friday","status":"publish","type":"page","link":"https:\/\/www.muvika.com\/site\/fi\/black-friday\/","title":{"rendered":"Black Friday"},"content":{"rendered":"<div style=\"color: white; font-size: 150%; padding-top: 50px; padding-bottom: 100px;\">\nBlack Friday -kampanja on p\u00e4\u00e4ttynyt. Palaamme asiaan ensi vuonna!\n<\/div>\n<p><!--\n\n\n<div style=\"width: 100%; text-align: center;\"><img decoding=\"async\" src=\"\/graphics\/images\/svg\/muvika-logo.svg\" alt=\"Muvika logo\" style=\"width: 50%;\" \/>\n\n\n<h1 class=\"blackfriday-header\">BLACK FRIDAY -TARJOUS<\/h1>\n\n\n\n\n<h1 class=\"blackfriday-highlight\">\nEnsimm\u00e4iset kaksi kuukautta\n1 \u20ac \/ kuukausi!<\/h1>\n\n\n[vc_btn title=\"LUO TUNNUS JA LUNASTA TARJOUS\" color=\"success\" align=\"center\" link=\"url:https%3A%2F%2Fplayer.muvika.com%2Fkaraoke%2F#%2Fstartregister|||\"]\nVain uusille tilaajille. Tilaus jatkuu 9,95 \u20ac \/ kk tarjouskuukausien j\u00e4lkeen ellei sit\u00e4 keskeytet\u00e4. Keskeytyksen voit tehd\u00e4 milloin tahansa. Tarjous on voimassa 1.12.2025 asti.\n\n\n<div style=\"height: 10rem;\"><\/div>\n\n\n<\/div>\n\n\n--><\/p>\n","protected":false},"excerpt":{"rendered":"<p>Black Friday -kampanja on p\u00e4\u00e4ttynyt. Palaamme asiaan ensi vuonna!<\/p>\n","protected":false},"author":3,"featured_media":0,"parent":0,"menu_order":0,"comment_status":"closed","ping_status":"closed","template":"","meta":{"_mi_skip_tracking":false},"yoast_head":"<!-- This site is optimized with the Yoast SEO plugin v20.3 - https:\/\/yoast.com\/wordpress\/plugins\/seo\/ -->\n<title>Black Friday - MUVIKA<\/title>\n<meta name=\"robots\" content=\"index, follow, max-snippet:-1, max-image-preview:large, max-video-preview:-1\" \/>\n<link rel=\"canonical\" href=\"https:\/\/www.muvika.com\/site\/black-friday\/\" \/>\n<meta property=\"og:locale\" content=\"en_US\" \/>\n<meta property=\"og:type\" content=\"article\" \/>\n<meta property=\"og:title\" content=\"Black Friday - MUVIKA\" \/>\n<meta property=\"og:description\" content=\"Black Friday -kampanja on p\u00e4\u00e4ttynyt. Palaamme asiaan ensi vuonna!\" \/>\n<meta property=\"og:url\" content=\"https:\/\/www.muvika.com\/site\/fi\/black-friday\/\" \/>\n<meta property=\"og:site_name\" content=\"MUVIKA\" \/>\n<meta property=\"article:publisher\" content=\"https:\/\/www.facebook.com\/muvikasuomi\/\" \/>\n<meta property=\"article:modified_time\" content=\"2025-12-01T05:41:31+00:00\" \/>\n<meta property=\"og:image\" content=\"https:\/\/www.muvika.com\/site\/wp-content\/uploads\/2016\/12\/Muvika-tv-mainos-2.jpg\" \/>\n\t<meta property=\"og:image:width\" content=\"1920\" \/>\n\t<meta property=\"og:image:height\" content=\"1080\" \/>\n\t<meta property=\"og:image:type\" content=\"image\/jpeg\" \/>\n<meta name=\"twitter:card\" content=\"summary_large_image\" \/>\n<meta name=\"twitter:label1\" content=\"Est. reading time\" \/>\n\t<meta name=\"twitter:data1\" content=\"1 minute\" \/>\n<script type=\"application\/ld+json\" class=\"yoast-schema-graph\">{\"@context\":\"https:\/\/schema.org\",\"@graph\":[{\"@type\":\"WebPage\",\"@id\":\"https:\/\/www.muvika.com\/site\/fi\/black-friday\/\",\"url\":\"https:\/\/www.muvika.com\/site\/fi\/black-friday\/\",\"name\":\"Black Friday - MUVIKA\",\"isPartOf\":{\"@id\":\"https:\/\/www.muvika.com\/site\/#website\"},\"datePublished\":\"2024-11-25T13:48:03+00:00\",\"dateModified\":\"2025-12-01T05:41:31+00:00\",\"breadcrumb\":{\"@id\":\"https:\/\/www.muvika.com\/site\/fi\/black-friday\/#breadcrumb\"},\"inLanguage\":\"en-US\",\"potentialAction\":[{\"@type\":\"ReadAction\",\"target\":[\"https:\/\/www.muvika.com\/site\/fi\/black-friday\/\"]}]},{\"@type\":\"BreadcrumbList\",\"@id\":\"https:\/\/www.muvika.com\/site\/fi\/black-friday\/#breadcrumb\",\"itemListElement\":[{\"@type\":\"ListItem\",\"position\":1,\"name\":\"Home\",\"item\":\"https:\/\/www.muvika.com\/site\/\"},{\"@type\":\"ListItem\",\"position\":2,\"name\":\"Black Friday\"}]},{\"@type\":\"WebSite\",\"@id\":\"https:\/\/www.muvika.com\/site\/#website\",\"url\":\"https:\/\/www.muvika.com\/site\/\",\"name\":\"MUVIKA\",\"description\":\"Streaming online karaoke service\",\"publisher\":{\"@id\":\"https:\/\/www.muvika.com\/site\/#organization\"},\"potentialAction\":[{\"@type\":\"SearchAction\",\"target\":{\"@type\":\"EntryPoint\",\"urlTemplate\":\"https:\/\/www.muvika.com\/site\/?s={search_term_string}\"},\"query-input\":\"required name=search_term_string\"}],\"inLanguage\":\"en-US\"},{\"@type\":\"Organization\",\"@id\":\"https:\/\/www.muvika.com\/site\/#organization\",\"name\":\"Muvika Oy\",\"url\":\"https:\/\/www.muvika.com\/site\/\",\"logo\":{\"@type\":\"ImageObject\",\"inLanguage\":\"en-US\",\"@id\":\"https:\/\/www.muvika.com\/site\/#\/schema\/logo\/image\/\",\"url\":\"https:\/\/www.muvika.com\/site\/wp-content\/uploads\/2014\/11\/MUVIKA-karaoke-logo-no-shadow.png\",\"contentUrl\":\"https:\/\/www.muvika.com\/site\/wp-content\/uploads\/2014\/11\/MUVIKA-karaoke-logo-no-shadow.png\",\"width\":2048,\"height\":1288,\"caption\":\"Muvika Oy\"},\"image\":{\"@id\":\"https:\/\/www.muvika.com\/site\/#\/schema\/logo\/image\/\"},\"sameAs\":[\"https:\/\/www.facebook.com\/muvikasuomi\/\"]}]}<\/script>\n<!-- \/ Yoast SEO plugin. -->","yoast_head_json":{"title":"Black Friday - MUVIKA","robots":{"index":"index","follow":"follow","max-snippet":"max-snippet:-1","max-image-preview":"max-image-preview:large","max-video-preview":"max-video-preview:-1"},"canonical":"https:\/\/www.muvika.com\/site\/black-friday\/","og_locale":"en_US","og_type":"article","og_title":"Black Friday - MUVIKA","og_description":"Black Friday -kampanja on p\u00e4\u00e4ttynyt. Palaamme asiaan ensi vuonna!","og_url":"https:\/\/www.muvika.com\/site\/fi\/black-friday\/","og_site_name":"MUVIKA","article_publisher":"https:\/\/www.facebook.com\/muvikasuomi\/","article_modified_time":"2025-12-01T05:41:31+00:00","og_image":[{"width":1920,"height":1080,"url":"https:\/\/www.muvika.com\/site\/wp-content\/uploads\/2016\/12\/Muvika-tv-mainos-2.jpg","type":"image\/jpeg"}],"twitter_card":"summary_large_image","twitter_misc":{"Est. reading time":"1 minute"},"schema":{"@context":"https:\/\/schema.org","@graph":[{"@type":"WebPage","@id":"https:\/\/www.muvika.com\/site\/fi\/black-friday\/","url":"https:\/\/www.muvika.com\/site\/fi\/black-friday\/","name":"Black Friday - MUVIKA","isPartOf":{"@id":"https:\/\/www.muvika.com\/site\/#website"},"datePublished":"2024-11-25T13:48:03+00:00","dateModified":"2025-12-01T05:41:31+00:00","breadcrumb":{"@id":"https:\/\/www.muvika.com\/site\/fi\/black-friday\/#breadcrumb"},"inLanguage":"en-US","potentialAction":[{"@type":"ReadAction","target":["https:\/\/www.muvika.com\/site\/fi\/black-friday\/"]}]},{"@type":"BreadcrumbList","@id":"https:\/\/www.muvika.com\/site\/fi\/black-friday\/#breadcrumb","itemListElement":[{"@type":"ListItem","position":1,"name":"Home","item":"https:\/\/www.muvika.com\/site\/"},{"@type":"ListItem","position":2,"name":"Black Friday"}]},{"@type":"WebSite","@id":"https:\/\/www.muvika.com\/site\/#website","url":"https:\/\/www.muvika.com\/site\/","name":"MUVIKA","description":"Streaming online karaoke service","publisher":{"@id":"https:\/\/www.muvika.com\/site\/#organization"},"potentialAction":[{"@type":"SearchAction","target":{"@type":"EntryPoint","urlTemplate":"https:\/\/www.muvika.com\/site\/?s={search_term_string}"},"query-input":"required name=search_term_string"}],"inLanguage":"en-US"},{"@type":"Organization","@id":"https:\/\/www.muvika.com\/site\/#organization","name":"Muvika Oy","url":"https:\/\/www.muvika.com\/site\/","logo":{"@type":"ImageObject","inLanguage":"en-US","@id":"https:\/\/www.muvika.com\/site\/#\/schema\/logo\/image\/","url":"https:\/\/www.muvika.com\/site\/wp-content\/uploads\/2014\/11\/MUVIKA-karaoke-logo-no-shadow.png","contentUrl":"https:\/\/www.muvika.com\/site\/wp-content\/uploads\/2014\/11\/MUVIKA-karaoke-logo-no-shadow.png","width":2048,"height":1288,"caption":"Muvika Oy"},"image":{"@id":"https:\/\/www.muvika.com\/site\/#\/schema\/logo\/image\/"},"sameAs":["https:\/\/www.facebook.com\/muvikasuomi\/"]}]}},"_links":{"self":[{"href":"https:\/\/www.muvika.com\/site\/wp-json\/wp\/v2\/pages\/5953"}],"collection":[{"href":"https:\/\/www.muvika.com\/site\/wp-json\/wp\/v2\/pages"}],"about":[{"href":"https:\/\/www.muvika.com\/site\/wp-json\/wp\/v2\/types\/page"}],"author":[{"embeddable":true,"href":"https:\/\/www.muvika.com\/site\/wp-json\/wp\/v2\/users\/3"}],"replies":[{"embeddable":true,"href":"https:\/\/www.muvika.com\/site\/wp-json\/wp\/v2\/comments?post=5953"}],"version-history":[{"count":50,"href":"https:\/\/www.muvika.com\/site\/wp-json\/wp\/v2\/pages\/5953\/revisions"}],"predecessor-version":[{"id":6287,"href":"https:\/\/www.muvika.com\/site\/wp-json\/wp\/v2\/pages\/5953\/revisions\/6287"}],"wp:attachment":[{"href":"https:\/\/www.muvika.com\/site\/wp-json\/wp\/v2\/media?parent=5953"}],"curies":[{"name":"wp","href":"https:\/\/api.w.org\/{rel}","templated":true}]}}