{"id":799,"date":"2014-09-17T02:26:36","date_gmt":"2014-09-17T02:26:36","guid":{"rendered":"http:\/\/srv1.muvika.com\/site\/contact-us-2-2\/"},"modified":"2021-10-25T17:47:52","modified_gmt":"2021-10-25T15:47:52","slug":"ota_yhteytta","status":"publish","type":"page","link":"https:\/\/www.muvika.com\/site\/fi\/ota_yhteytta\/","title":{"rendered":"Ota yhteytt\u00e4"},"content":{"rendered":"<p>[vc_row][vc_column][vc_column_text]<\/p>\n<h2>Yritys<\/h2>\n<p>Muvika Oy on vuonna 2011 perustettu suomalainen teknologiayhti\u00f6, joka on keskittynyt musiikkiviihdepalveluihin ja -sovelluksiin. Sen kehitt\u00e4m\u00e4 Muvika Online Karaoke -palvelu ja suoratoistava Muvika Box -laite on kokonaisuus, jota vastaavaa ei maailmasta l\u00f6ydy.<\/p>\n<p>Muvikan omistajilla ja henkil\u00f6st\u00f6ll\u00e4 on pitk\u00e4llinen kokemus karaoke- ja musiikkituotannosta, nettipalveluista, ohjelmistoista ja tietoturvasta.[\/vc_column_text][\/vc_column][\/vc_row][vc_row][vc_column width=&#8221;1\/3&#8243;][vc_column_text]<\/p>\n<h2>Ota meihin yhteytt\u00e4<\/h2>\n<p>Etk\u00f6 l\u00f6yt\u00e4nyt vastausta johonkin kysymykseesi, tai haluat muuta lis\u00e4tietoa palvelustamme? T\u00e4yt\u00e4 oheinen lomake ja vastaamme sinulle pian.<\/p>\n<p><strong>Huom. Tilauksiin liittyviss\u00e4 asioissa <a href=\"https:\/\/muvika.com\/karaoke\/login\">kirjaudu palveluun<\/a> ja j\u00e4t\u00e4 palaute tai ole yhteydess\u00e4 asiakaspalveluun.<\/strong><\/p>\n<p>Asiakaspalvelumme tavoitat puhelimitse 010 326 3130 (ark. 9-18) tai s\u00e4hk\u00f6postitse asiakaspalvelu@muvika.com[\/vc_column_text][\/vc_column][vc_column width=&#8221;2\/3&#8243;]\n<div class=\"wpcf7 no-js\" id=\"wpcf7-f1055-o1\" lang=\"en-US\" dir=\"ltr\">\n<div class=\"screen-reader-response\"><p role=\"status\" aria-live=\"polite\" aria-atomic=\"true\"><\/p> <ul><\/ul><\/div>\n<form action=\"\/site\/wp-json\/wp\/v2\/pages\/799#wpcf7-f1055-o1\" method=\"post\" class=\"wpcf7-form init\" aria-label=\"Contact form\" novalidate=\"novalidate\" data-status=\"init\">\n<div style=\"display: none;\">\n<input type=\"hidden\" name=\"_wpcf7\" value=\"1055\" \/>\n<input type=\"hidden\" name=\"_wpcf7_version\" value=\"5.7.5.1\" \/>\n<input type=\"hidden\" name=\"_wpcf7_locale\" value=\"en_US\" \/>\n<input type=\"hidden\" name=\"_wpcf7_unit_tag\" value=\"wpcf7-f1055-o1\" \/>\n<input type=\"hidden\" name=\"_wpcf7_container_post\" value=\"0\" \/>\n<input type=\"hidden\" name=\"_wpcf7_posted_data_hash\" value=\"\" \/>\n<input type=\"hidden\" name=\"_wpcf7_recaptcha_response\" value=\"\" \/>\n<\/div>\n<div class=\"row\">\n\t<div class=\"col-md-4\">\n\t\t<p><span class=\"wpcf7-form-control-wrap\" data-name=\"your-name\"><input size=\"40\" class=\"wpcf7-form-control wpcf7-text wpcf7-validates-as-required\" aria-required=\"true\" aria-invalid=\"false\" placeholder=\"Nimi (pakollinen kentt\u00e4)\" value=\"\" type=\"text\" name=\"your-name\" \/><\/span>\n\t\t<\/p>\n\t<\/div>\n\t<div class=\"col-md-4\">\n\t\t<p><span class=\"wpcf7-form-control-wrap\" data-name=\"your-email\"><input size=\"40\" class=\"wpcf7-form-control wpcf7-text wpcf7-email wpcf7-validates-as-required wpcf7-validates-as-email\" aria-required=\"true\" aria-invalid=\"false\" placeholder=\"Email (pakollinen kentt\u00e4)\" value=\"\" type=\"email\" name=\"your-email\" \/><\/span>\n\t\t<\/p>\n\t<\/div>\n\t<div class=\"col-md-4\">\n\t\t<p><span class=\"wpcf7-form-control-wrap\" data-name=\"your-subject\"><input size=\"40\" class=\"wpcf7-form-control wpcf7-text wpcf7-validates-as-required\" aria-required=\"true\" aria-invalid=\"false\" placeholder=\"Aihe (pakollinen kentt\u00e4)\" value=\"\" type=\"text\" name=\"your-subject\" \/><\/span>\n\t\t<\/p>\n\t<\/div>\n<\/div>\n<p><span class=\"wpcf7-form-control-wrap\" data-name=\"your-message\"><textarea cols=\"40\" rows=\"5\" class=\"wpcf7-form-control wpcf7-textarea wpcf7-validates-as-required\" aria-required=\"true\" aria-invalid=\"false\" placeholder=\"Viesti (pakollinen kentt\u00e4)\" name=\"your-message\"><\/textarea><\/span>\n<\/p>\n<div class=\"submit-area\">\n\t<p><span class=\"wpcf7-form-control-wrap\" data-name=\"random-math-quiz\"><label><span class=\"wpcf7-quiz-label\">Paljonko on 5+12?<\/span> <input size=\"40\" class=\"wpcf7-form-control wpcf7-quiz\" autocomplete=\"off\" aria-required=\"true\" aria-invalid=\"false\" type=\"text\" name=\"random-math-quiz\" \/><\/label><input type=\"hidden\" name=\"_wpcf7_quiz_answer_random-math-quiz\" value=\"9b2f6350735369cdc7accfcacd56a22f\" \/><\/span><br \/>\n<input class=\"wpcf7-form-control has-spinner wpcf7-submit\" type=\"submit\" value=\"L\u00e4het\u00e4 lomake\" \/>\n\t<\/p>\n<\/div><div class=\"wpcf7-response-output\" aria-hidden=\"true\"><\/div>\n<\/form>\n<\/div>\n[\/vc_column][\/vc_row]<\/p>\n","protected":false},"excerpt":{"rendered":"<p>[vc_row][vc_column][vc_column_text] Yritys Muvika Oy on vuonna 2011 perustettu suomalainen teknologiayhti\u00f6, joka on keskittynyt musiikkiviihdepalveluihin ja -sovelluksiin. Sen kehitt\u00e4m\u00e4 Muvika Online Karaoke -palvelu ja suoratoistava Muvika Box -laite on kokonaisuus, jota vastaavaa ei maailmasta l\u00f6ydy. Muvikan omistajilla ja henkil\u00f6st\u00f6ll\u00e4 on pitk\u00e4llinen kokemus karaoke- ja musiikkituotannosta, nettipalveluista, ohjelmistoista ja tietoturvasta.[\/vc_column_text][\/vc_column][\/vc_row][vc_row][vc_column width=&#8221;1\/3&#8243;][vc_column_text] Ota [&hellip;]<\/p>\n","protected":false},"author":1,"featured_media":2555,"parent":0,"menu_order":0,"comment_status":"closed","ping_status":"closed","template":"page-templates\/template-fullwidth.php","meta":{"_mi_skip_tracking":false},"yoast_head":"<!-- This site is optimized with the Yoast SEO plugin v20.3 - https:\/\/yoast.com\/wordpress\/plugins\/seo\/ -->\n<title>Ota yhteytt\u00e4 - MUVIKA<\/title>\n<meta name=\"robots\" content=\"index, follow, max-snippet:-1, max-image-preview:large, max-video-preview:-1\" \/>\n<link rel=\"canonical\" href=\"https:\/\/www.muvika.com\/site\/ota_yhteytta\/\" \/>\n<meta property=\"og:locale\" content=\"en_US\" \/>\n<meta property=\"og:type\" content=\"article\" \/>\n<meta property=\"og:title\" content=\"Ota yhteytt\u00e4 - MUVIKA\" \/>\n<meta property=\"og:description\" content=\"[vc_row][vc_column][vc_column_text] Yritys Muvika Oy on vuonna 2011 perustettu suomalainen teknologiayhti\u00f6, joka on keskittynyt musiikkiviihdepalveluihin ja -sovelluksiin. Sen kehitt\u00e4m\u00e4 Muvika Online Karaoke -palvelu ja suoratoistava Muvika Box -laite on kokonaisuus, jota vastaavaa ei maailmasta l\u00f6ydy. Muvikan omistajilla ja henkil\u00f6st\u00f6ll\u00e4 on pitk\u00e4llinen kokemus karaoke- ja musiikkituotannosta, nettipalveluista, ohjelmistoista ja tietoturvasta.[\/vc_column_text][\/vc_column][\/vc_row][vc_row][vc_column width=&#8221;1\/3&#8243;][vc_column_text] Ota [&hellip;]\" \/>\n<meta property=\"og:url\" content=\"https:\/\/www.muvika.com\/site\/fi\/ota_yhteytta\/\" \/>\n<meta property=\"og:site_name\" content=\"MUVIKA\" \/>\n<meta property=\"article:publisher\" content=\"https:\/\/www.facebook.com\/muvikasuomi\/\" \/>\n<meta property=\"article:modified_time\" content=\"2021-10-25T15:47:52+00:00\" \/>\n<meta property=\"og:image\" content=\"https:\/\/www.muvika.com\/site\/wp-content\/uploads\/2016\/12\/Muvika-tv-mainos-2.jpg\" \/>\n\t<meta property=\"og:image:width\" content=\"1920\" \/>\n\t<meta property=\"og:image:height\" content=\"1080\" \/>\n\t<meta property=\"og:image:type\" content=\"image\/jpeg\" \/>\n<meta name=\"twitter:card\" content=\"summary_large_image\" \/>\n<meta name=\"twitter:label1\" content=\"Est. reading time\" \/>\n\t<meta name=\"twitter:data1\" content=\"1 minute\" \/>\n<script type=\"application\/ld+json\" class=\"yoast-schema-graph\">{\"@context\":\"https:\/\/schema.org\",\"@graph\":[{\"@type\":\"WebPage\",\"@id\":\"https:\/\/www.muvika.com\/site\/fi\/ota_yhteytta\/\",\"url\":\"https:\/\/www.muvika.com\/site\/fi\/ota_yhteytta\/\",\"name\":\"Ota yhteytt\u00e4 - MUVIKA\",\"isPartOf\":{\"@id\":\"https:\/\/www.muvika.com\/site\/#website\"},\"datePublished\":\"2014-09-17T02:26:36+00:00\",\"dateModified\":\"2021-10-25T15:47:52+00:00\",\"breadcrumb\":{\"@id\":\"https:\/\/www.muvika.com\/site\/fi\/ota_yhteytta\/#breadcrumb\"},\"inLanguage\":\"en-US\",\"potentialAction\":[{\"@type\":\"ReadAction\",\"target\":[\"https:\/\/www.muvika.com\/site\/fi\/ota_yhteytta\/\"]}]},{\"@type\":\"BreadcrumbList\",\"@id\":\"https:\/\/www.muvika.com\/site\/fi\/ota_yhteytta\/#breadcrumb\",\"itemListElement\":[{\"@type\":\"ListItem\",\"position\":1,\"name\":\"Home\",\"item\":\"https:\/\/www.muvika.com\/site\/\"},{\"@type\":\"ListItem\",\"position\":2,\"name\":\"Ota yhteytt\u00e4\"}]},{\"@type\":\"WebSite\",\"@id\":\"https:\/\/www.muvika.com\/site\/#website\",\"url\":\"https:\/\/www.muvika.com\/site\/\",\"name\":\"MUVIKA\",\"description\":\"Streaming online karaoke service\",\"publisher\":{\"@id\":\"https:\/\/www.muvika.com\/site\/#organization\"},\"potentialAction\":[{\"@type\":\"SearchAction\",\"target\":{\"@type\":\"EntryPoint\",\"urlTemplate\":\"https:\/\/www.muvika.com\/site\/?s={search_term_string}\"},\"query-input\":\"required name=search_term_string\"}],\"inLanguage\":\"en-US\"},{\"@type\":\"Organization\",\"@id\":\"https:\/\/www.muvika.com\/site\/#organization\",\"name\":\"Muvika Oy\",\"url\":\"https:\/\/www.muvika.com\/site\/\",\"logo\":{\"@type\":\"ImageObject\",\"inLanguage\":\"en-US\",\"@id\":\"https:\/\/www.muvika.com\/site\/#\/schema\/logo\/image\/\",\"url\":\"https:\/\/www.muvika.com\/site\/wp-content\/uploads\/2014\/11\/MUVIKA-karaoke-logo-no-shadow.png\",\"contentUrl\":\"https:\/\/www.muvika.com\/site\/wp-content\/uploads\/2014\/11\/MUVIKA-karaoke-logo-no-shadow.png\",\"width\":2048,\"height\":1288,\"caption\":\"Muvika Oy\"},\"image\":{\"@id\":\"https:\/\/www.muvika.com\/site\/#\/schema\/logo\/image\/\"},\"sameAs\":[\"https:\/\/www.facebook.com\/muvikasuomi\/\"]}]}<\/script>\n<!-- \/ Yoast SEO plugin. -->","yoast_head_json":{"title":"Ota yhteytt\u00e4 - MUVIKA","robots":{"index":"index","follow":"follow","max-snippet":"max-snippet:-1","max-image-preview":"max-image-preview:large","max-video-preview":"max-video-preview:-1"},"canonical":"https:\/\/www.muvika.com\/site\/ota_yhteytta\/","og_locale":"en_US","og_type":"article","og_title":"Ota yhteytt\u00e4 - MUVIKA","og_description":"[vc_row][vc_column][vc_column_text] Yritys Muvika Oy on vuonna 2011 perustettu suomalainen teknologiayhti\u00f6, joka on keskittynyt musiikkiviihdepalveluihin ja -sovelluksiin. Sen kehitt\u00e4m\u00e4 Muvika Online Karaoke -palvelu ja suoratoistava Muvika Box -laite on kokonaisuus, jota vastaavaa ei maailmasta l\u00f6ydy. Muvikan omistajilla ja henkil\u00f6st\u00f6ll\u00e4 on pitk\u00e4llinen kokemus karaoke- ja musiikkituotannosta, nettipalveluista, ohjelmistoista ja tietoturvasta.[\/vc_column_text][\/vc_column][\/vc_row][vc_row][vc_column width=&#8221;1\/3&#8243;][vc_column_text] Ota [&hellip;]","og_url":"https:\/\/www.muvika.com\/site\/fi\/ota_yhteytta\/","og_site_name":"MUVIKA","article_publisher":"https:\/\/www.facebook.com\/muvikasuomi\/","article_modified_time":"2021-10-25T15:47:52+00:00","og_image":[{"width":1920,"height":1080,"url":"https:\/\/www.muvika.com\/site\/wp-content\/uploads\/2016\/12\/Muvika-tv-mainos-2.jpg","type":"image\/jpeg"}],"twitter_card":"summary_large_image","twitter_misc":{"Est. reading time":"1 minute"},"schema":{"@context":"https:\/\/schema.org","@graph":[{"@type":"WebPage","@id":"https:\/\/www.muvika.com\/site\/fi\/ota_yhteytta\/","url":"https:\/\/www.muvika.com\/site\/fi\/ota_yhteytta\/","name":"Ota yhteytt\u00e4 - MUVIKA","isPartOf":{"@id":"https:\/\/www.muvika.com\/site\/#website"},"datePublished":"2014-09-17T02:26:36+00:00","dateModified":"2021-10-25T15:47:52+00:00","breadcrumb":{"@id":"https:\/\/www.muvika.com\/site\/fi\/ota_yhteytta\/#breadcrumb"},"inLanguage":"en-US","potentialAction":[{"@type":"ReadAction","target":["https:\/\/www.muvika.com\/site\/fi\/ota_yhteytta\/"]}]},{"@type":"BreadcrumbList","@id":"https:\/\/www.muvika.com\/site\/fi\/ota_yhteytta\/#breadcrumb","itemListElement":[{"@type":"ListItem","position":1,"name":"Home","item":"https:\/\/www.muvika.com\/site\/"},{"@type":"ListItem","position":2,"name":"Ota yhteytt\u00e4"}]},{"@type":"WebSite","@id":"https:\/\/www.muvika.com\/site\/#website","url":"https:\/\/www.muvika.com\/site\/","name":"MUVIKA","description":"Streaming online karaoke service","publisher":{"@id":"https:\/\/www.muvika.com\/site\/#organization"},"potentialAction":[{"@type":"SearchAction","target":{"@type":"EntryPoint","urlTemplate":"https:\/\/www.muvika.com\/site\/?s={search_term_string}"},"query-input":"required name=search_term_string"}],"inLanguage":"en-US"},{"@type":"Organization","@id":"https:\/\/www.muvika.com\/site\/#organization","name":"Muvika Oy","url":"https:\/\/www.muvika.com\/site\/","logo":{"@type":"ImageObject","inLanguage":"en-US","@id":"https:\/\/www.muvika.com\/site\/#\/schema\/logo\/image\/","url":"https:\/\/www.muvika.com\/site\/wp-content\/uploads\/2014\/11\/MUVIKA-karaoke-logo-no-shadow.png","contentUrl":"https:\/\/www.muvika.com\/site\/wp-content\/uploads\/2014\/11\/MUVIKA-karaoke-logo-no-shadow.png","width":2048,"height":1288,"caption":"Muvika Oy"},"image":{"@id":"https:\/\/www.muvika.com\/site\/#\/schema\/logo\/image\/"},"sameAs":["https:\/\/www.facebook.com\/muvikasuomi\/"]}]}},"_links":{"self":[{"href":"https:\/\/www.muvika.com\/site\/wp-json\/wp\/v2\/pages\/799"}],"collection":[{"href":"https:\/\/www.muvika.com\/site\/wp-json\/wp\/v2\/pages"}],"about":[{"href":"https:\/\/www.muvika.com\/site\/wp-json\/wp\/v2\/types\/page"}],"author":[{"embeddable":true,"href":"https:\/\/www.muvika.com\/site\/wp-json\/wp\/v2\/users\/1"}],"replies":[{"embeddable":true,"href":"https:\/\/www.muvika.com\/site\/wp-json\/wp\/v2\/comments?post=799"}],"version-history":[{"count":0,"href":"https:\/\/www.muvika.com\/site\/wp-json\/wp\/v2\/pages\/799\/revisions"}],"wp:featuredmedia":[{"embeddable":true,"href":"https:\/\/www.muvika.com\/site\/wp-json\/wp\/v2\/media\/2555"}],"wp:attachment":[{"href":"https:\/\/www.muvika.com\/site\/wp-json\/wp\/v2\/media?parent=799"}],"curies":[{"name":"wp","href":"https:\/\/api.w.org\/{rel}","templated":true}]}}