{"id":809,"date":"2014-09-17T02:14:56","date_gmt":"2014-09-17T02:14:56","guid":{"rendered":"http:\/\/srv1.muvika.com\/site\/frequently-asked-questions-2\/"},"modified":"2025-11-27T15:40:55","modified_gmt":"2025-11-27T13:40:55","slug":"faq","status":"publish","type":"page","link":"https:\/\/www.muvika.com\/site\/fi\/faq\/","title":{"rendered":"FAQ"},"content":{"rendered":"<p>[vc_row][vc_column][vc_column_text]<\/p>\n<h2>Usein kysyttyj\u00e4 kysymyksi\u00e4<\/h2>\n<p>[\/vc_column_text][\/vc_column][\/vc_row][vc_row el_class=&#8221;section-content faqs-section&#8221;][vc_column][vc_tta_accordion style=&#8221;flat&#8221; color=&#8221;green&#8221; active_section=&#8221;1&#8243; no_fill=&#8221;true&#8221;][vc_tta_section title=&#8221;Mik\u00e4 on Muvika Online Karaoken ja Muvika Box -laitteen ero?&#8221; tab_id=&#8221;1545041890294-f7eef5a6-535d&#8221;][vc_column_text]Muvika Karaokea k\u00e4ytet\u00e4\u00e4n joko Muvika Online Karaoke -palvelun nettisivulta tai Muvika Box -laitteella.<\/p>\n<p>Muvika Online Karaokea voi k\u00e4ytt\u00e4\u00e4 tietokoneella, tabletilla tai k\u00e4nnyk\u00e4ll\u00e4. Musiikin toistaa k\u00e4ytt\u00e4m\u00e4si laite, jonka voit sitten halutessasi kytke\u00e4 kodin \u00e4\u00e4nentoistoon.<\/p>\n<p>Muvika Box on laite, jossa yhdistyv\u00e4t mikseri ja kaukos\u00e4\u00e4timell\u00e4 ohjattava helppok\u00e4ytt\u00f6inen karaokesovellus. Mikrofonit kytket\u00e4\u00e4n suoraan Muvika Boxiin, joka puolestaan kytket\u00e4\u00e4n nettiin, tv:hen ja kodin \u00e4\u00e4nentoistoon. Jos siis haluat miksata laulu\u00e4\u00e4nesi musiikkiin, eik\u00e4 sinulla ei ole kotona valmista laitteistoa, Muvika Box on sopiva ratkaisu.[\/vc_column_text][\/vc_tta_section][vc_tta_section title=&#8221;P\u00e4rj\u00e4\u00e4nk\u00f6 ilman Muvika Boxia?&#8221; tab_id=&#8221;1545041890341-91ad2648-35bf&#8221;][vc_column_text]Muvika Online Karaoke toimii erinomaisesti my\u00f6s ilman Muvika Boxia, jos sinulla on muu lauluk\u00e4ytt\u00f6\u00f6n suunniteltu laitekokonaisuus, johon kuuluvat\u00a0mikseri, mikrofoni ja \u00e4\u00e4nentoistoj\u00e4rjestelm\u00e4. Erityisesti karaokeen suunniteltua laitteistoa ei tarvita, koska s\u00e4velkorkeuden s\u00e4\u00e4t\u00f6 voidaan tehd\u00e4 suoraan Muvika Online Karaoke \u2013palvelussa. P\u00e4\u00e4telaitteena voi toimia\u00a0esimerkiksi tietokone, tabletti tai k\u00e4nnykk\u00e4, joka kytket\u00e4\u00e4n \u00e4\u00e4nentoistoj\u00e4rjestelm\u00e4\u00e4n ja halutessasi my\u00f6s televisioon, jotta saat isomman kuvan k\u00e4ytt\u00f6\u00f6n.\u00a0P\u00e4\u00e4telaitteesi ohjekirjasta pit\u00e4isi selvit\u00e4, voiko sen kytke\u00e4 televisioon.<\/p>\n<p>Jos sinulla ei ole kotona valmista laitteistoa, ja\u00a0haluat laulu\u00e4\u00e4nen kuulumaan kaiuttimista, Muvika Box on t\u00e4ydellinen\u00a0ratkaisu tilanteeseen.<\/p>\n<p>Muvikan asiakaspalvelu auttaa my\u00f6s mielell\u00e4\u00e4n laitekokoonpanoihin liittyviss\u00e4 kysymyksiss\u00e4.[\/vc_column_text][\/vc_tta_section][vc_tta_section title=&#8221;Toimiiko Muvika Online Karaoke -palvelu ja videot p\u00e4\u00e4telaitteessani? Mit\u00e4 jos ei toimi?&#8221; tab_id=&#8221;1545041945545-542b080f-78be&#8221;][vc_column_text]Videotoisto toimii useimmilla p\u00e4\u00e4telaitteilla suoraan. Jos ei, tilanne korjautuu yleens\u00e4 p\u00e4ivitt\u00e4m\u00e4ll\u00e4 selain uusimpaan versioon.[\/vc_column_text][\/vc_tta_section][vc_tta_section title=&#8221;Paljonko Muvikan palvelussa on karaokevideoita ja milt\u00e4 tuottajilta?&#8221; tab_id=&#8221;1545041960617-01b63bd1-53f4&#8243;][vc_column_text]Kappaleita on t\u00e4ll\u00e4 hetkell\u00e4 yli 150 000. Tarkka lukum\u00e4\u00e4r\u00e4 muuttuu koko ajan, koska kappaleita lis\u00e4t\u00e4\u00e4n palveluun sit\u00e4 mukaa, kun uutuuksia tulee karaoketuottajilta. Muvika tekee l\u00e4heist\u00e4 yhteisty\u00f6t\u00e4 tuottajien kanssa, joten valikoima on k\u00e4yt\u00e4nn\u00f6ss\u00e4 niin laaja kuin se voi olla.<\/p>\n<p>Katalogistamme l\u00f6ytyy mm. seuraavien tuottajien kappaleita:<\/p>\n<ul>\n<li style=\"font-weight: bold;\">Melplay* <span style=\"font-weight: bold; background: yellow;\">UUSI!<\/span><\/li>\n<li style=\"font-weight: bold;\">Feelment* <span style=\"background: yellow;\">UUSI!<\/span><\/li>\n<li>Finnkaraoke<\/li>\n<li>Laulavakoira<\/li>\n<li>Tatsia<\/li>\n<li>Magnum<\/li>\n<li>KSF<\/li>\n<li>Karaoke Festival<\/li>\n<li>Edel<\/li>\n<li>Party Tyme<\/li>\n<li>Power<\/li>\n<li>Finlanders<\/li>\n<li>Poptori<\/li>\n<li>Klamydia Karaoke<\/li>\n<li>Finnhits Karaoke<\/li>\n<li>Warner MTG<\/li>\n<li>Svenska Karaoke Fabriken<\/li>\n<li>Tauski Karaoke<\/li>\n<li>Pelika Digital<\/li>\n<li>Mana Banana<\/li>\n<li>Karaoke Channel<\/li>\n<li>United Karaoke Systems<\/li>\n<li>Raskasta Joulua<\/li>\n<li>S\u00e4velsoi<\/li>\n<li>Hevikaraoke<\/li>\n<li>Cover Karaoke<\/li>\n<li>Raskasta Iskelm\u00e4\u00e4<\/li>\n<li>Jurvan Musiikkipaja<\/li>\n<li>Exlibris<\/li>\n<li>Putte Karaoke<\/li>\n<li>Reijo P\u00e4kkil\u00e4<\/li>\n<li>Karaoke Butik<\/li>\n<li>Digitrax<\/li>\n<li>SunFly<\/li>\n<li>Stingray<\/li>\n<\/ul>\n<p>*) Vain kotikaraokessa, ei ammattik\u00e4ytt\u00f6\u00f6n[\/vc_column_text][\/vc_tta_section][vc_tta_section title=&#8221;Mill\u00e4 kielill\u00e4 kappaleita l\u00f6ytyy?&#8221; tab_id=&#8221;1545041974348-b2446d3c-cc2f&#8221;][vc_column_text]Eniten sis\u00e4lt\u00f6\u00e4 on englanniksi, suomeksi ja ruotsiksi. Kappaleita on my\u00f6s espanjaksi, portugaliksi, saksaksi ja ranskaksi.[\/vc_column_text][\/vc_tta_section][vc_tta_section title=&#8221;L\u00f6ytyyk\u00f6 jostain lista kaikista kappaleista?&#8221; tab_id=&#8221;1545041988353-9043e63d-1639&#8243;][vc_column_text]Emme julkaise kappalelistoja sellaisenaan, koska katalogi kasvaa l\u00e4hes p\u00e4ivitt\u00e4in, emmek\u00e4 halua, ett\u00e4 nettiin j\u00e4\u00e4 kiert\u00e4m\u00e4\u00e4n vanhentuneita listauksia. Luomalla tunnuksen p\u00e4\u00e4set selaamaan koko kappalevalikoimaa.[\/vc_column_text][\/vc_tta_section][vc_tta_section title=&#8221;Jos ostan lahjakortin?&#8221; tab_id=&#8221;1702917277730-01709efb-b002&#8243;][vc_column_text]Lahjakortin voi antaa toiselle tai k\u00e4ytt\u00e4\u00e4 itse. Lahjakortin k\u00e4ytt\u00f6 ostamisen j\u00e4lkeen ei vaadi maksukortti- tai pankkitietoja. Lahjakortissa oleva k\u00e4ytt\u00f6aika ei kulu ennen kuin lahjakortin on aktivoinut.[\/vc_column_text][\/vc_tta_section][\/vc_tta_accordion][\/vc_column][\/vc_row]<\/p>\n","protected":false},"excerpt":{"rendered":"<p>[vc_row][vc_column][vc_column_text] Usein kysyttyj\u00e4 kysymyksi\u00e4 [\/vc_column_text][\/vc_column][\/vc_row][vc_row el_class=&#8221;section-content faqs-section&#8221;][vc_column][vc_tta_accordion style=&#8221;flat&#8221; color=&#8221;green&#8221; active_section=&#8221;1&#8243; no_fill=&#8221;true&#8221;][vc_tta_section title=&#8221;Mik\u00e4 on Muvika Online Karaoken ja Muvika Box -laitteen ero?&#8221; tab_id=&#8221;1545041890294-f7eef5a6-535d&#8221;][vc_column_text]Muvika Karaokea k\u00e4ytet\u00e4\u00e4n joko Muvika Online Karaoke -palvelun nettisivulta tai Muvika Box -laitteella. Muvika Online Karaokea voi k\u00e4ytt\u00e4\u00e4 tietokoneella, tabletilla tai k\u00e4nnyk\u00e4ll\u00e4. Musiikin toistaa k\u00e4ytt\u00e4m\u00e4si laite, jonka voit sitten [&hellip;]<\/p>\n","protected":false},"author":1,"featured_media":0,"parent":0,"menu_order":0,"comment_status":"closed","ping_status":"closed","template":"page-templates\/template-fullwidth.php","meta":{"_mi_skip_tracking":false},"yoast_head":"<!-- This site is optimized with the Yoast SEO plugin v20.3 - https:\/\/yoast.com\/wordpress\/plugins\/seo\/ -->\n<title>FAQ - MUVIKA<\/title>\n<meta name=\"robots\" content=\"index, follow, max-snippet:-1, max-image-preview:large, max-video-preview:-1\" \/>\n<link rel=\"canonical\" href=\"https:\/\/www.muvika.com\/site\/faq\/\" \/>\n<meta property=\"og:locale\" content=\"en_US\" \/>\n<meta property=\"og:type\" content=\"article\" \/>\n<meta property=\"og:title\" content=\"FAQ - MUVIKA\" \/>\n<meta property=\"og:description\" content=\"[vc_row][vc_column][vc_column_text] Usein kysyttyj\u00e4 kysymyksi\u00e4 [\/vc_column_text][\/vc_column][\/vc_row][vc_row el_class=&#8221;section-content faqs-section&#8221;][vc_column][vc_tta_accordion style=&#8221;flat&#8221; color=&#8221;green&#8221; active_section=&#8221;1&#8243; no_fill=&#8221;true&#8221;][vc_tta_section title=&#8221;Mik\u00e4 on Muvika Online Karaoken ja Muvika Box -laitteen ero?&#8221; tab_id=&#8221;1545041890294-f7eef5a6-535d&#8221;][vc_column_text]Muvika Karaokea k\u00e4ytet\u00e4\u00e4n joko Muvika Online Karaoke -palvelun nettisivulta tai Muvika Box -laitteella. Muvika Online Karaokea voi k\u00e4ytt\u00e4\u00e4 tietokoneella, tabletilla tai k\u00e4nnyk\u00e4ll\u00e4. Musiikin toistaa k\u00e4ytt\u00e4m\u00e4si laite, jonka voit sitten [&hellip;]\" \/>\n<meta property=\"og:url\" content=\"https:\/\/www.muvika.com\/site\/fi\/faq\/\" \/>\n<meta property=\"og:site_name\" content=\"MUVIKA\" \/>\n<meta property=\"article:publisher\" content=\"https:\/\/www.facebook.com\/muvikasuomi\/\" \/>\n<meta property=\"article:modified_time\" content=\"2025-11-27T13:40:55+00:00\" \/>\n<meta property=\"og:image\" content=\"https:\/\/www.muvika.com\/site\/wp-content\/uploads\/2016\/12\/Muvika-tv-mainos-2.jpg\" \/>\n\t<meta property=\"og:image:width\" content=\"1920\" \/>\n\t<meta property=\"og:image:height\" content=\"1080\" \/>\n\t<meta property=\"og:image:type\" content=\"image\/jpeg\" \/>\n<meta name=\"twitter:card\" content=\"summary_large_image\" \/>\n<meta name=\"twitter:label1\" content=\"Est. reading time\" \/>\n\t<meta name=\"twitter:data1\" content=\"2 minutes\" \/>\n<script type=\"application\/ld+json\" class=\"yoast-schema-graph\">{\"@context\":\"https:\/\/schema.org\",\"@graph\":[{\"@type\":\"WebPage\",\"@id\":\"https:\/\/www.muvika.com\/site\/fi\/faq\/\",\"url\":\"https:\/\/www.muvika.com\/site\/fi\/faq\/\",\"name\":\"FAQ - MUVIKA\",\"isPartOf\":{\"@id\":\"https:\/\/www.muvika.com\/site\/#website\"},\"datePublished\":\"2014-09-17T02:14:56+00:00\",\"dateModified\":\"2025-11-27T13:40:55+00:00\",\"breadcrumb\":{\"@id\":\"https:\/\/www.muvika.com\/site\/fi\/faq\/#breadcrumb\"},\"inLanguage\":\"en-US\",\"potentialAction\":[{\"@type\":\"ReadAction\",\"target\":[\"https:\/\/www.muvika.com\/site\/fi\/faq\/\"]}]},{\"@type\":\"BreadcrumbList\",\"@id\":\"https:\/\/www.muvika.com\/site\/fi\/faq\/#breadcrumb\",\"itemListElement\":[{\"@type\":\"ListItem\",\"position\":1,\"name\":\"Home\",\"item\":\"https:\/\/www.muvika.com\/site\/\"},{\"@type\":\"ListItem\",\"position\":2,\"name\":\"FAQ\"}]},{\"@type\":\"WebSite\",\"@id\":\"https:\/\/www.muvika.com\/site\/#website\",\"url\":\"https:\/\/www.muvika.com\/site\/\",\"name\":\"MUVIKA\",\"description\":\"Streaming online karaoke service\",\"publisher\":{\"@id\":\"https:\/\/www.muvika.com\/site\/#organization\"},\"potentialAction\":[{\"@type\":\"SearchAction\",\"target\":{\"@type\":\"EntryPoint\",\"urlTemplate\":\"https:\/\/www.muvika.com\/site\/?s={search_term_string}\"},\"query-input\":\"required name=search_term_string\"}],\"inLanguage\":\"en-US\"},{\"@type\":\"Organization\",\"@id\":\"https:\/\/www.muvika.com\/site\/#organization\",\"name\":\"Muvika Oy\",\"url\":\"https:\/\/www.muvika.com\/site\/\",\"logo\":{\"@type\":\"ImageObject\",\"inLanguage\":\"en-US\",\"@id\":\"https:\/\/www.muvika.com\/site\/#\/schema\/logo\/image\/\",\"url\":\"https:\/\/www.muvika.com\/site\/wp-content\/uploads\/2014\/11\/MUVIKA-karaoke-logo-no-shadow.png\",\"contentUrl\":\"https:\/\/www.muvika.com\/site\/wp-content\/uploads\/2014\/11\/MUVIKA-karaoke-logo-no-shadow.png\",\"width\":2048,\"height\":1288,\"caption\":\"Muvika Oy\"},\"image\":{\"@id\":\"https:\/\/www.muvika.com\/site\/#\/schema\/logo\/image\/\"},\"sameAs\":[\"https:\/\/www.facebook.com\/muvikasuomi\/\"]}]}<\/script>\n<!-- \/ Yoast SEO plugin. -->","yoast_head_json":{"title":"FAQ - MUVIKA","robots":{"index":"index","follow":"follow","max-snippet":"max-snippet:-1","max-image-preview":"max-image-preview:large","max-video-preview":"max-video-preview:-1"},"canonical":"https:\/\/www.muvika.com\/site\/faq\/","og_locale":"en_US","og_type":"article","og_title":"FAQ - MUVIKA","og_description":"[vc_row][vc_column][vc_column_text] Usein kysyttyj\u00e4 kysymyksi\u00e4 [\/vc_column_text][\/vc_column][\/vc_row][vc_row el_class=&#8221;section-content faqs-section&#8221;][vc_column][vc_tta_accordion style=&#8221;flat&#8221; color=&#8221;green&#8221; active_section=&#8221;1&#8243; no_fill=&#8221;true&#8221;][vc_tta_section title=&#8221;Mik\u00e4 on Muvika Online Karaoken ja Muvika Box -laitteen ero?&#8221; tab_id=&#8221;1545041890294-f7eef5a6-535d&#8221;][vc_column_text]Muvika Karaokea k\u00e4ytet\u00e4\u00e4n joko Muvika Online Karaoke -palvelun nettisivulta tai Muvika Box -laitteella. Muvika Online Karaokea voi k\u00e4ytt\u00e4\u00e4 tietokoneella, tabletilla tai k\u00e4nnyk\u00e4ll\u00e4. Musiikin toistaa k\u00e4ytt\u00e4m\u00e4si laite, jonka voit sitten [&hellip;]","og_url":"https:\/\/www.muvika.com\/site\/fi\/faq\/","og_site_name":"MUVIKA","article_publisher":"https:\/\/www.facebook.com\/muvikasuomi\/","article_modified_time":"2025-11-27T13:40:55+00:00","og_image":[{"width":1920,"height":1080,"url":"https:\/\/www.muvika.com\/site\/wp-content\/uploads\/2016\/12\/Muvika-tv-mainos-2.jpg","type":"image\/jpeg"}],"twitter_card":"summary_large_image","twitter_misc":{"Est. reading time":"2 minutes"},"schema":{"@context":"https:\/\/schema.org","@graph":[{"@type":"WebPage","@id":"https:\/\/www.muvika.com\/site\/fi\/faq\/","url":"https:\/\/www.muvika.com\/site\/fi\/faq\/","name":"FAQ - MUVIKA","isPartOf":{"@id":"https:\/\/www.muvika.com\/site\/#website"},"datePublished":"2014-09-17T02:14:56+00:00","dateModified":"2025-11-27T13:40:55+00:00","breadcrumb":{"@id":"https:\/\/www.muvika.com\/site\/fi\/faq\/#breadcrumb"},"inLanguage":"en-US","potentialAction":[{"@type":"ReadAction","target":["https:\/\/www.muvika.com\/site\/fi\/faq\/"]}]},{"@type":"BreadcrumbList","@id":"https:\/\/www.muvika.com\/site\/fi\/faq\/#breadcrumb","itemListElement":[{"@type":"ListItem","position":1,"name":"Home","item":"https:\/\/www.muvika.com\/site\/"},{"@type":"ListItem","position":2,"name":"FAQ"}]},{"@type":"WebSite","@id":"https:\/\/www.muvika.com\/site\/#website","url":"https:\/\/www.muvika.com\/site\/","name":"MUVIKA","description":"Streaming online karaoke service","publisher":{"@id":"https:\/\/www.muvika.com\/site\/#organization"},"potentialAction":[{"@type":"SearchAction","target":{"@type":"EntryPoint","urlTemplate":"https:\/\/www.muvika.com\/site\/?s={search_term_string}"},"query-input":"required name=search_term_string"}],"inLanguage":"en-US"},{"@type":"Organization","@id":"https:\/\/www.muvika.com\/site\/#organization","name":"Muvika Oy","url":"https:\/\/www.muvika.com\/site\/","logo":{"@type":"ImageObject","inLanguage":"en-US","@id":"https:\/\/www.muvika.com\/site\/#\/schema\/logo\/image\/","url":"https:\/\/www.muvika.com\/site\/wp-content\/uploads\/2014\/11\/MUVIKA-karaoke-logo-no-shadow.png","contentUrl":"https:\/\/www.muvika.com\/site\/wp-content\/uploads\/2014\/11\/MUVIKA-karaoke-logo-no-shadow.png","width":2048,"height":1288,"caption":"Muvika Oy"},"image":{"@id":"https:\/\/www.muvika.com\/site\/#\/schema\/logo\/image\/"},"sameAs":["https:\/\/www.facebook.com\/muvikasuomi\/"]}]}},"_links":{"self":[{"href":"https:\/\/www.muvika.com\/site\/wp-json\/wp\/v2\/pages\/809"}],"collection":[{"href":"https:\/\/www.muvika.com\/site\/wp-json\/wp\/v2\/pages"}],"about":[{"href":"https:\/\/www.muvika.com\/site\/wp-json\/wp\/v2\/types\/page"}],"author":[{"embeddable":true,"href":"https:\/\/www.muvika.com\/site\/wp-json\/wp\/v2\/users\/1"}],"replies":[{"embeddable":true,"href":"https:\/\/www.muvika.com\/site\/wp-json\/wp\/v2\/comments?post=809"}],"version-history":[{"count":15,"href":"https:\/\/www.muvika.com\/site\/wp-json\/wp\/v2\/pages\/809\/revisions"}],"predecessor-version":[{"id":6285,"href":"https:\/\/www.muvika.com\/site\/wp-json\/wp\/v2\/pages\/809\/revisions\/6285"}],"wp:attachment":[{"href":"https:\/\/www.muvika.com\/site\/wp-json\/wp\/v2\/media?parent=809"}],"curies":[{"name":"wp","href":"https:\/\/api.w.org\/{rel}","templated":true}]}}