{"id":813,"date":"2014-08-29T08:53:15","date_gmt":"2014-08-29T08:53:15","guid":{"rendered":"http:\/\/srv1.muvika.com\/site\/about-us-3\/"},"modified":"2024-12-02T13:43:02","modified_gmt":"2024-12-02T11:43:02","slug":"muvika-karaoke","status":"publish","type":"page","link":"https:\/\/www.muvika.com\/site\/fi\/muvika-karaoke\/","title":{"rendered":"Muvika Karaoke"},"content":{"rendered":"<p>[vc_row][vc_column width=&#8221;2\/3&#8243;][vc_column_text]<\/p>\n<h3>Mik\u00e4 on Muvika Karaoke?<\/h3>\n<p>Muvika Karaoken avulla saat k\u00e4ytt\u00f6\u00f6si tuhansia karaokekappaleita yhdell\u00e4 edullisella kuukausimaksulla. Muvika Karaokea k\u00e4ytet\u00e4\u00e4n joko Muvika Online Karaoke -palvelun nettisivulta tai Muvika Box -laitteella.<\/p>\n<p>Kappaleita palvelussa on t\u00e4ll\u00e4 hetkell\u00e4 yli 100 000. M\u00e4\u00e4r\u00e4 kasvaa jatkuvasti, kun lis\u00e4\u00e4mme uutuuksia ja toivotuimpia vanhempia hittej\u00e4 valikoimaan.<strong><\/strong><\/p>\n<p><iframe loading=\"lazy\" title=\"Muvika - Oon treenannu kotona\" width=\"750\" height=\"422\" src=\"https:\/\/www.youtube.com\/embed\/l9Z3b_Xtxu0?feature=oembed\" frameborder=\"0\" allow=\"accelerometer; autoplay; clipboard-write; encrypted-media; gyroscope; picture-in-picture; web-share\" referrerpolicy=\"strict-origin-when-cross-origin\" allowfullscreen><\/iframe><\/p>\n<h3>Muvika Online Karaoke<\/h3>\n<p>Muvika Online Karaoke -palvelua voi k\u00e4ytt\u00e4\u00e4 tietokoneella, tabletilla ja k\u00e4nnyk\u00e4ll\u00e4. Palvelussa on kaikki t\u00e4rkeimm\u00e4t karaokeominaisuudet, kuten etenev\u00e4 tekstitys, s\u00e4velkorkeuden s\u00e4\u00e4t\u00f6, opaslauluraidat, kappalehaku ja soittolistatoiminnot.<\/p>\n<p>K\u00e4yt\u00f6ss\u00e4si on jatkuvasti koko tuhansien kappaleiden valikoima, johon uusimmat hitit p\u00e4ivittyv\u00e4t automaattisesti. Kaikki kappaleet Muvikan palvelussa ovat korkealuokkaisia lisensoituja karaokevideoita. Eniten kappaleita on suomeksi, englanniksi ja ruotsiksi.<\/p>\n<p>Palvelun hinta on 9,95 euroa kuukaudessa. Ensimm\u00e4inen kuukausi on ilmainen. Et sitoudu mihink\u00e4\u00e4n, ja tilaus on keskeytett\u00e4viss\u00e4 milloin tahansa.<\/p>\n<p>Saatavilla on my\u00f6s helppo kahden vuorokauden kertatilaus hintaan 5 euroa<strong>.<\/strong><\/p>\n<p>Katso <a href=\"https:\/\/www.muvika.com\/site\/fi\/muvika-karaoke\/muvika-online-karaoke\/\">lis\u00e4tietoa Muvika Online Karaoken ominaisuuksista<\/a>.<\/p>\n<p>[\/vc_column_text][vc_btn title=&#8221;Aloita nyt!&#8221; color=&#8221;success&#8221; align=&#8221;left&#8221; link=&#8221;url:http%3A%2F%2Fplayer.muvika.com%2Fkaraoke%2Fregistration_start|||&#8221;]<\/p>\n<p><!--\n\n\n<div style=\"text-align:center; xpadding-top: 40px; xpadding-bottom: 40px;\">\n\n\n<h1 style=\"font-family: 'Century Gothic', CenturyGothic, Roboto, Helvetica, Arial, sans-serif; color: black; font-weight: bold; font-size: 3em !important; text-shadow:0px 0px 15px #000;\">NYT BLACK FRIDAY -TARJOUS!<\/h1>\n\n\n[vc_btn title=\"KATSO!\" color=\"success\" align=\"center\" link=\"url:https%3A%2F%2Fwww.muvika.com%2Fsite%2Ffi%2Fblack-friday|||\"]\n<\/div>\n\n\n--><\/p>\n<p>[vc_column_text]<\/p>\n<h3 style=\"padding-top: 10px;\">Muvika Box<\/h3>\n<p>Muvika Box on kotikaraokelaite, jossa yhdistyy mikseri ja Muvika Karaoke -soitin. Se on siis samaan aikaan sek\u00e4 p\u00e4\u00e4telaite, jossa toimii Muvikan karaokeohjelmisto, ett\u00e4 my\u00f6s \u00e4\u00e4nimikseri, jolla saat laulu\u00e4\u00e4nen kuulumaan kaiuttimista.<\/p>\n<p>Paketissa mukana tuleva mikrofoni kytket\u00e4\u00e4n\u00a0Muvika Boxiin, itse boksi televisioon, kodin \u00e4\u00e4nentoistoon ja internetiin, ja t\u00e4ydellinen kotikaraoke on valmis alkamaan. Laitetta ohjataan kaukos\u00e4\u00e4timell\u00e4 suoraan kotisohvalta.[\/vc_column_text][vc_btn title=&#8221;Lue lis\u00e4\u00e4 Muvika Boxista&#8221; color=&#8221;success&#8221; link=&#8221;url:http%3A%2F%2Fwww.muvika.com%2Fsite%2Ffi%2Fmuvika-karaoke%2Fmuvika-box-karaokelaite%2F|||&#8221; css=&#8221;.vc_custom_1544974799114{margin-right: 4px !important;}&#8221;][vc_btn title=&#8221;Osta heti Muvika-kaupasta!&#8221; color=&#8221;success&#8221; link=&#8221;url:https%3A%2F%2Fplayer.muvika.com%2Fshop|||&#8221;][\/vc_column][vc_column width=&#8221;1\/3&#8243;][vc_btn title=&#8221;Ilmainen kuukausi&#8221; color=&#8221;sky&#8221; align=&#8221;center&#8221; button_block=&#8221;true&#8221; link=&#8221;url:http%3A%2F%2Fwww.muvika.com%2Fsite%2Ffi%2Fmuvika-karaoke%2Filmainen-kuukausi%2F|||&#8221;][vc_btn title=&#8221;Karaokelevyt&#8221; color=&#8221;sky&#8221; align=&#8221;center&#8221; button_block=&#8221;true&#8221; link=&#8221;url:http%3A%2F%2Fwww.muvika.com%2Fsite%2Ffi%2Fmuvika-karaoke%2Fkaraokelevyt%2F|||&#8221;][vc_btn title=&#8221;Muvika Online Karaoke&#8221; color=&#8221;sky&#8221; align=&#8221;center&#8221; button_block=&#8221;true&#8221; link=&#8221;url:http%3A%2F%2Fwww.muvika.com%2Fsite%2Ffi%2Fmuvika-karaoke%2Fmuvika-online-karaoke%2F|||&#8221;][vc_btn title=&#8221;Muvika Box -karaokelaite&#8221; color=&#8221;sky&#8221; align=&#8221;center&#8221; button_block=&#8221;true&#8221; link=&#8221;url:http%3A%2F%2Fwww.muvika.com%2Fsite%2Ffi%2Fmuvika-karaoke%2Fmuvika-box-karaokelaite%2F|||&#8221;][vc_single_image image=&#8221;4867&#8243; img_size=&#8221;large&#8221; add_caption=&#8221;yes&#8221; alignment=&#8221;center&#8221; onclick=&#8221;link_image&#8221;][vc_single_image image=&#8221;2699&#8243; img_size=&#8221;large&#8221; add_caption=&#8221;yes&#8221; alignment=&#8221;center&#8221; onclick=&#8221;link_image&#8221;][vc_btn title=&#8221;Luo tili nyt!&#8221; color=&#8221;success&#8221; align=&#8221;center&#8221; link=&#8221;url:http%3A%2F%2Fplayer.muvika.com%2Fkaraoke%2Fregistration_start|||&#8221;][vc_column_text css=&#8221;.vc_custom_1544973962076{margin-top: -10px !important;}&#8221;]<\/p>\n<p style=\"text-align: center;\">Ensimm\u00e4inen kuukausi ilmaiseksi.<\/p>\n<p>[\/vc_column_text][\/vc_column][\/vc_row]<\/p>\n","protected":false},"excerpt":{"rendered":"<p>[vc_row][vc_column width=&#8221;2\/3&#8243;][vc_column_text] Mik\u00e4 on Muvika Karaoke? Muvika Karaoken avulla saat k\u00e4ytt\u00f6\u00f6si tuhansia karaokekappaleita yhdell\u00e4 edullisella kuukausimaksulla. Muvika Karaokea k\u00e4ytet\u00e4\u00e4n joko Muvika Online Karaoke -palvelun nettisivulta tai Muvika Box -laitteella. Kappaleita palvelussa on t\u00e4ll\u00e4 hetkell\u00e4 yli 100 000. M\u00e4\u00e4r\u00e4 kasvaa jatkuvasti, kun lis\u00e4\u00e4mme uutuuksia ja toivotuimpia vanhempia hittej\u00e4 valikoimaan. Muvika Online [&hellip;]<\/p>\n","protected":false},"author":1,"featured_media":2555,"parent":0,"menu_order":0,"comment_status":"closed","ping_status":"closed","template":"page-templates\/template-fullwidth.php","meta":{"_mi_skip_tracking":false},"yoast_head":"<!-- This site is optimized with the Yoast SEO plugin v20.3 - https:\/\/yoast.com\/wordpress\/plugins\/seo\/ -->\n<title>Muvika Karaoke - MUVIKA<\/title>\n<meta name=\"robots\" content=\"index, follow, max-snippet:-1, max-image-preview:large, max-video-preview:-1\" \/>\n<link rel=\"canonical\" href=\"https:\/\/www.muvika.com\/site\/muvika-karaoke\/\" \/>\n<meta property=\"og:locale\" content=\"en_US\" \/>\n<meta property=\"og:type\" content=\"article\" \/>\n<meta property=\"og:title\" content=\"Muvika Karaoke - MUVIKA\" \/>\n<meta property=\"og:description\" content=\"[vc_row][vc_column width=&#8221;2\/3&#8243;][vc_column_text] Mik\u00e4 on Muvika Karaoke? Muvika Karaoken avulla saat k\u00e4ytt\u00f6\u00f6si tuhansia karaokekappaleita yhdell\u00e4 edullisella kuukausimaksulla. Muvika Karaokea k\u00e4ytet\u00e4\u00e4n joko Muvika Online Karaoke -palvelun nettisivulta tai Muvika Box -laitteella. Kappaleita palvelussa on t\u00e4ll\u00e4 hetkell\u00e4 yli 100 000. M\u00e4\u00e4r\u00e4 kasvaa jatkuvasti, kun lis\u00e4\u00e4mme uutuuksia ja toivotuimpia vanhempia hittej\u00e4 valikoimaan. Muvika Online [&hellip;]\" \/>\n<meta property=\"og:url\" content=\"https:\/\/www.muvika.com\/site\/fi\/muvika-karaoke\/\" \/>\n<meta property=\"og:site_name\" content=\"MUVIKA\" \/>\n<meta property=\"article:publisher\" content=\"https:\/\/www.facebook.com\/muvikasuomi\/\" \/>\n<meta property=\"article:modified_time\" content=\"2024-12-02T11:43:02+00:00\" \/>\n<meta property=\"og:image\" content=\"https:\/\/www.muvika.com\/site\/wp-content\/uploads\/2016\/12\/Muvika-tv-mainos-2.jpg\" \/>\n\t<meta property=\"og:image:width\" content=\"1920\" \/>\n\t<meta property=\"og:image:height\" content=\"1080\" \/>\n\t<meta property=\"og:image:type\" content=\"image\/jpeg\" \/>\n<meta name=\"twitter:card\" content=\"summary_large_image\" \/>\n<meta name=\"twitter:label1\" content=\"Est. reading time\" \/>\n\t<meta name=\"twitter:data1\" content=\"2 minutes\" \/>\n<script type=\"application\/ld+json\" class=\"yoast-schema-graph\">{\"@context\":\"https:\/\/schema.org\",\"@graph\":[{\"@type\":\"WebPage\",\"@id\":\"https:\/\/www.muvika.com\/site\/fi\/muvika-karaoke\/\",\"url\":\"https:\/\/www.muvika.com\/site\/fi\/muvika-karaoke\/\",\"name\":\"Muvika Karaoke - MUVIKA\",\"isPartOf\":{\"@id\":\"https:\/\/www.muvika.com\/site\/#website\"},\"datePublished\":\"2014-08-29T08:53:15+00:00\",\"dateModified\":\"2024-12-02T11:43:02+00:00\",\"breadcrumb\":{\"@id\":\"https:\/\/www.muvika.com\/site\/fi\/muvika-karaoke\/#breadcrumb\"},\"inLanguage\":\"en-US\",\"potentialAction\":[{\"@type\":\"ReadAction\",\"target\":[\"https:\/\/www.muvika.com\/site\/fi\/muvika-karaoke\/\"]}]},{\"@type\":\"BreadcrumbList\",\"@id\":\"https:\/\/www.muvika.com\/site\/fi\/muvika-karaoke\/#breadcrumb\",\"itemListElement\":[{\"@type\":\"ListItem\",\"position\":1,\"name\":\"Home\",\"item\":\"https:\/\/www.muvika.com\/site\/\"},{\"@type\":\"ListItem\",\"position\":2,\"name\":\"Muvika Karaoke\"}]},{\"@type\":\"WebSite\",\"@id\":\"https:\/\/www.muvika.com\/site\/#website\",\"url\":\"https:\/\/www.muvika.com\/site\/\",\"name\":\"MUVIKA\",\"description\":\"Streaming online karaoke service\",\"publisher\":{\"@id\":\"https:\/\/www.muvika.com\/site\/#organization\"},\"potentialAction\":[{\"@type\":\"SearchAction\",\"target\":{\"@type\":\"EntryPoint\",\"urlTemplate\":\"https:\/\/www.muvika.com\/site\/?s={search_term_string}\"},\"query-input\":\"required name=search_term_string\"}],\"inLanguage\":\"en-US\"},{\"@type\":\"Organization\",\"@id\":\"https:\/\/www.muvika.com\/site\/#organization\",\"name\":\"Muvika Oy\",\"url\":\"https:\/\/www.muvika.com\/site\/\",\"logo\":{\"@type\":\"ImageObject\",\"inLanguage\":\"en-US\",\"@id\":\"https:\/\/www.muvika.com\/site\/#\/schema\/logo\/image\/\",\"url\":\"https:\/\/www.muvika.com\/site\/wp-content\/uploads\/2014\/11\/MUVIKA-karaoke-logo-no-shadow.png\",\"contentUrl\":\"https:\/\/www.muvika.com\/site\/wp-content\/uploads\/2014\/11\/MUVIKA-karaoke-logo-no-shadow.png\",\"width\":2048,\"height\":1288,\"caption\":\"Muvika Oy\"},\"image\":{\"@id\":\"https:\/\/www.muvika.com\/site\/#\/schema\/logo\/image\/\"},\"sameAs\":[\"https:\/\/www.facebook.com\/muvikasuomi\/\"]}]}<\/script>\n<!-- \/ Yoast SEO plugin. -->","yoast_head_json":{"title":"Muvika Karaoke - MUVIKA","robots":{"index":"index","follow":"follow","max-snippet":"max-snippet:-1","max-image-preview":"max-image-preview:large","max-video-preview":"max-video-preview:-1"},"canonical":"https:\/\/www.muvika.com\/site\/muvika-karaoke\/","og_locale":"en_US","og_type":"article","og_title":"Muvika Karaoke - MUVIKA","og_description":"[vc_row][vc_column width=&#8221;2\/3&#8243;][vc_column_text] Mik\u00e4 on Muvika Karaoke? Muvika Karaoken avulla saat k\u00e4ytt\u00f6\u00f6si tuhansia karaokekappaleita yhdell\u00e4 edullisella kuukausimaksulla. Muvika Karaokea k\u00e4ytet\u00e4\u00e4n joko Muvika Online Karaoke -palvelun nettisivulta tai Muvika Box -laitteella. Kappaleita palvelussa on t\u00e4ll\u00e4 hetkell\u00e4 yli 100 000. M\u00e4\u00e4r\u00e4 kasvaa jatkuvasti, kun lis\u00e4\u00e4mme uutuuksia ja toivotuimpia vanhempia hittej\u00e4 valikoimaan. Muvika Online [&hellip;]","og_url":"https:\/\/www.muvika.com\/site\/fi\/muvika-karaoke\/","og_site_name":"MUVIKA","article_publisher":"https:\/\/www.facebook.com\/muvikasuomi\/","article_modified_time":"2024-12-02T11:43:02+00:00","og_image":[{"width":1920,"height":1080,"url":"https:\/\/www.muvika.com\/site\/wp-content\/uploads\/2016\/12\/Muvika-tv-mainos-2.jpg","type":"image\/jpeg"}],"twitter_card":"summary_large_image","twitter_misc":{"Est. reading time":"2 minutes"},"schema":{"@context":"https:\/\/schema.org","@graph":[{"@type":"WebPage","@id":"https:\/\/www.muvika.com\/site\/fi\/muvika-karaoke\/","url":"https:\/\/www.muvika.com\/site\/fi\/muvika-karaoke\/","name":"Muvika Karaoke - MUVIKA","isPartOf":{"@id":"https:\/\/www.muvika.com\/site\/#website"},"datePublished":"2014-08-29T08:53:15+00:00","dateModified":"2024-12-02T11:43:02+00:00","breadcrumb":{"@id":"https:\/\/www.muvika.com\/site\/fi\/muvika-karaoke\/#breadcrumb"},"inLanguage":"en-US","potentialAction":[{"@type":"ReadAction","target":["https:\/\/www.muvika.com\/site\/fi\/muvika-karaoke\/"]}]},{"@type":"BreadcrumbList","@id":"https:\/\/www.muvika.com\/site\/fi\/muvika-karaoke\/#breadcrumb","itemListElement":[{"@type":"ListItem","position":1,"name":"Home","item":"https:\/\/www.muvika.com\/site\/"},{"@type":"ListItem","position":2,"name":"Muvika Karaoke"}]},{"@type":"WebSite","@id":"https:\/\/www.muvika.com\/site\/#website","url":"https:\/\/www.muvika.com\/site\/","name":"MUVIKA","description":"Streaming online karaoke service","publisher":{"@id":"https:\/\/www.muvika.com\/site\/#organization"},"potentialAction":[{"@type":"SearchAction","target":{"@type":"EntryPoint","urlTemplate":"https:\/\/www.muvika.com\/site\/?s={search_term_string}"},"query-input":"required name=search_term_string"}],"inLanguage":"en-US"},{"@type":"Organization","@id":"https:\/\/www.muvika.com\/site\/#organization","name":"Muvika Oy","url":"https:\/\/www.muvika.com\/site\/","logo":{"@type":"ImageObject","inLanguage":"en-US","@id":"https:\/\/www.muvika.com\/site\/#\/schema\/logo\/image\/","url":"https:\/\/www.muvika.com\/site\/wp-content\/uploads\/2014\/11\/MUVIKA-karaoke-logo-no-shadow.png","contentUrl":"https:\/\/www.muvika.com\/site\/wp-content\/uploads\/2014\/11\/MUVIKA-karaoke-logo-no-shadow.png","width":2048,"height":1288,"caption":"Muvika Oy"},"image":{"@id":"https:\/\/www.muvika.com\/site\/#\/schema\/logo\/image\/"},"sameAs":["https:\/\/www.facebook.com\/muvikasuomi\/"]}]}},"_links":{"self":[{"href":"https:\/\/www.muvika.com\/site\/wp-json\/wp\/v2\/pages\/813"}],"collection":[{"href":"https:\/\/www.muvika.com\/site\/wp-json\/wp\/v2\/pages"}],"about":[{"href":"https:\/\/www.muvika.com\/site\/wp-json\/wp\/v2\/types\/page"}],"author":[{"embeddable":true,"href":"https:\/\/www.muvika.com\/site\/wp-json\/wp\/v2\/users\/1"}],"replies":[{"embeddable":true,"href":"https:\/\/www.muvika.com\/site\/wp-json\/wp\/v2\/comments?post=813"}],"version-history":[{"count":17,"href":"https:\/\/www.muvika.com\/site\/wp-json\/wp\/v2\/pages\/813\/revisions"}],"predecessor-version":[{"id":6059,"href":"https:\/\/www.muvika.com\/site\/wp-json\/wp\/v2\/pages\/813\/revisions\/6059"}],"wp:featuredmedia":[{"embeddable":true,"href":"https:\/\/www.muvika.com\/site\/wp-json\/wp\/v2\/media\/2555"}],"wp:attachment":[{"href":"https:\/\/www.muvika.com\/site\/wp-json\/wp\/v2\/media?parent=813"}],"curies":[{"name":"wp","href":"https:\/\/api.w.org\/{rel}","templated":true}]}}