{"id":819,"date":"2014-08-26T16:16:19","date_gmt":"2014-08-26T14:16:19","guid":{"rendered":"http:\/\/srv1.muvika.com\/site\/home-4\/"},"modified":"2025-01-03T14:02:15","modified_gmt":"2025-01-03T12:02:15","slug":"home","status":"publish","type":"page","link":"https:\/\/www.muvika.com\/site\/fi\/home\/","title":{"rendered":"Etusivu"},"content":{"rendered":"<p>[vc_row el_id=&#8221;slider&#8221; fullwidth=&#8221;yes&#8221; el_class=&#8221;slider1&#8243;][vc_column][rev_slider_vc alias=&#8221;home_fullscreen&#8221;][\/vc_column][\/vc_row]<\/p>\n<p><!--\n[vc_row][vc_column][vc_column_text]\n\n\n<div style=\"text-align:center; padding-top: 40px; padding-bottom: 40px;\">\n\n\n<h1 style=\"font-family: 'Century Gothic', CenturyGothic, Roboto, Helvetica, Arial, sans-serif; color: rgb(191,0,0); font-weight: bold; font-size: 3em !important; xtext-shadow:0px 0px 15px #000;\">KARAOKEHARRASTAJAN JOULULAHJAT NYT!<\/h1>\n\n\n[vc_btn title=\"KATSO\" color=\"success\" align=\"center\" link=\"url:https%3A%2F%2Fwww.muvika.com%2Fsite%2Ffi%2Fkaraokea-joululahjaksi|||\"]\n<\/div>\n\n\n[\/vc_column_text][\/vc_column][\/vc_row]\n--><\/p>\n<p>[vc_row][vc_column width=&#8221;1\/2&#8243;][vc_column_text css_animation=&#8221;bounceInDown&#8221;]<\/p>\n<div class=\"title-section white padding\">\n<div class=\"container triggerAnimation animated bounceIn\" data-animate=\"bounceIn\">\n<h2 style=\"text-align: center;\">T\u00e4ydellinen nettikaraoke!<\/h2>\n<p style=\"text-align: center;\">Muvika Karaoke on netiss\u00e4 toimiva karaokepalvelu, jolla saat k\u00e4ytt\u00f6\u00f6si yli 100 000 karaokekappaletta yhdell\u00e4 edullisella kuukausimaksulla.<\/p>\n<p style=\"text-align: center;\">Palvelua k\u00e4ytet\u00e4\u00e4n joko nettisivulta tai Muvika Box -laitteella.<\/p>\n<p style=\"text-align: center;\">Ei en\u00e4\u00e4 hankalia fyysisi\u00e4 levyj\u00e4 &#8211; k\u00e4yt\u00e4 karaokesoittimena tietokonetta, k\u00e4nnykk\u00e4\u00e4, tablettia tai Muvika Boxia.<\/p>\n<\/div>\n<\/div>\n<p>[\/vc_column_text][\/vc_column][vc_column width=&#8221;1\/2&#8243;][vc_single_image image=&#8221;4847&#8243; img_size=&#8221;full&#8221; alignment=&#8221;center&#8221; css_animation=&#8221;bounceInUp&#8221; css=&#8221;.vc_custom_1646041689474{margin-top: -40px !important;}&#8221;][\/vc_column][\/vc_row][vc_row full_width=&#8221;stretch_row_content&#8221;][vc_column width=&#8221;1\/12&#8243;][\/vc_column][vc_column width=&#8221;1\/6&#8243; css=&#8221;.vc_custom_1545051157925{padding-right: 5px !important;padding-left: 5px !important;}&#8221;][vc_icon icon_fontawesome=&#8221;fa fa-microphone&#8221; color=&#8221;white&#8221; background_style=&#8221;rounded&#8221; background_color=&#8221;green&#8221; size=&#8221;xl&#8221; align=&#8221;center&#8221; link=&#8221;url:http%3A%2F%2Fwww.muvika.com%2Fsite%2Ffi%2Fmuvika-karaoke%2F|||&#8221;][vc_column_text css=&#8221;.vc_custom_1545051133618{margin-top: -30px !important;}&#8221;]<\/p>\n<h5 style=\"text-align: center;\">Muvika Karaoke?<\/h5>\n<p style=\"text-align: center;\">Muvika Karaoken avulla saat k\u00e4ytt\u00f6\u00f6si yli 100 000 karaokekappaletta yhdell\u00e4 edullisella\u2026<\/p>\n<p>[\/vc_column_text][vc_btn title=&#8221;Lue lis\u00e4\u00e4!&#8221; color=&#8221;primary&#8221; align=&#8221;center&#8221; link=&#8221;url:https%3A%2F%2Fwww.muvika.com%2Fsite%2Ffi%2Fmuvika-karaoke%2F|||&#8221; css=&#8221;.vc_custom_1556078284640{margin-top: -30px !important;}&#8221;][\/vc_column][vc_column width=&#8221;1\/6&#8243; css=&#8221;.vc_custom_1545051162731{padding-right: 5px !important;padding-left: 5px !important;}&#8221;][vc_icon icon_fontawesome=&#8221;fa fa-star&#8221; color=&#8221;white&#8221; background_style=&#8221;rounded&#8221; background_color=&#8221;green&#8221; size=&#8221;xl&#8221; align=&#8221;center&#8221; link=&#8221;url:http%3A%2F%2Fwww.muvika.com%2Fsite%2Ffi%2Fmuvika-karaoke%2Filmainen-kuukausi%2F|||&#8221;][vc_column_text css=&#8221;.vc_custom_1545051138141{margin-top: -30px !important;}&#8221;]<\/p>\n<h5 style=\"text-align: center;\">Ilmainen kuukausi!<\/h5>\n<p style=\"text-align: center;\">Kun rekister\u00f6idyt Muvika Online Karaoken k\u00e4ytt\u00e4j\u00e4ksi, saat palvelun ilmaiseksi k\u00e4ytt\u00f6\u00f6n\u2026<\/p>\n<p>[\/vc_column_text][vc_btn title=&#8221;Lue lis\u00e4\u00e4!&#8221; color=&#8221;primary&#8221; align=&#8221;center&#8221; link=&#8221;url:https%3A%2F%2Fwww.muvika.com%2Fsite%2Ffi%2Fmuvika-karaoke%2Filmainen-kuukausi%2F|||&#8221; css=&#8221;.vc_custom_1556078293627{margin-top: -30px !important;}&#8221;][\/vc_column][vc_column width=&#8221;1\/6&#8243; css=&#8221;.vc_custom_1545051167044{padding-right: 5px !important;padding-left: 5px !important;}&#8221;][vc_icon icon_fontawesome=&#8221;fa fa-dot-circle-o&#8221; color=&#8221;white&#8221; background_style=&#8221;rounded&#8221; background_color=&#8221;green&#8221; size=&#8221;xl&#8221; align=&#8221;center&#8221; link=&#8221;url:http%3A%2F%2Fwww.muvika.com%2Fsite%2Ffi%2Fmuvika-karaoke%2Fkaraokelevyt%2F|||&#8221;][vc_column_text css=&#8221;.vc_custom_1545051143131{margin-top: -30px !important;}&#8221;]<\/p>\n<h5 style=\"text-align: center;\">Karaokelevyt?<\/h5>\n<p style=\"text-align: center;\">Kuten musiikissa ja elokuvissa, karaokessa on k\u00e4ynniss\u00e4 muutos cd- ja dvd-levymyynnist\u00e4\u2026<\/p>\n<p>[\/vc_column_text][vc_btn title=&#8221;Lue lis\u00e4\u00e4!&#8221; color=&#8221;primary&#8221; align=&#8221;center&#8221; link=&#8221;url:https%3A%2F%2Fwww.muvika.com%2Fsite%2Ffi%2Fmuvika-karaoke%2Fkaraokelevyt%2F|||&#8221; css=&#8221;.vc_custom_1556078302349{margin-top: -30px !important;}&#8221;][\/vc_column][vc_column width=&#8221;1\/6&#8243; css=&#8221;.vc_custom_1545051171125{padding-right: 5px !important;padding-left: 5px !important;}&#8221;][vc_icon icon_fontawesome=&#8221;fa fa-play-circle&#8221; color=&#8221;white&#8221; background_style=&#8221;rounded&#8221; background_color=&#8221;green&#8221; size=&#8221;xl&#8221; align=&#8221;center&#8221; link=&#8221;url:http%3A%2F%2Fwww.muvika.com%2Fsite%2Ffi%2Fmuvika-karaoke%2Fmuvika-online-karaoke%2F|||&#8221;][vc_column_text css=&#8221;.vc_custom_1545051147631{margin-top: -30px !important;}&#8221;]<\/p>\n<h5 style=\"text-align: center;\">Online Karaoke!<\/h5>\n<p style=\"text-align: center;\">Muvika Online Karaoke -palvelun nettisivun avulla voit j\u00e4rjest\u00e4\u00e4 karaokeillan omalla\u2026<\/p>\n<p>[\/vc_column_text][vc_btn title=&#8221;Lue lis\u00e4\u00e4!&#8221; color=&#8221;primary&#8221; align=&#8221;center&#8221; link=&#8221;url:https%3A%2F%2Fwww.muvika.com%2Fsite%2Ffi%2Fmuvika-karaoke%2Fmuvika-online-karaoke%2F|||&#8221; css=&#8221;.vc_custom_1556078310853{margin-top: -30px !important;}&#8221;][\/vc_column][vc_column width=&#8221;1\/6&#8243; css=&#8221;.vc_custom_1545051175520{padding-right: 5px !important;padding-left: 5px !important;}&#8221;][vc_icon icon_fontawesome=&#8221;fa fa-volume-up&#8221; color=&#8221;white&#8221; background_style=&#8221;rounded&#8221; background_color=&#8221;green&#8221; size=&#8221;xl&#8221; align=&#8221;center&#8221; link=&#8221;url:http%3A%2F%2Fwww.muvika.com%2Fsite%2Ffi%2Fmuvika-karaoke%2Fmuvika-box-karaokelaite%2F|||&#8221;][vc_column_text css=&#8221;.vc_custom_1545051152969{margin-top: -30px !important;}&#8221;]<\/p>\n<h5 style=\"text-align: center;\">Muvika Box -karaokelaite<\/h5>\n<p style=\"text-align: center;\">Parhaan karaoke-el\u00e4myksen tuottaa oman laulu\u00e4\u00e4nen miksaus musiikkiin. Siihen tarvitaan\u2026<\/p>\n<p>[\/vc_column_text][vc_btn title=&#8221;Lue lis\u00e4\u00e4!&#8221; color=&#8221;primary&#8221; align=&#8221;center&#8221; link=&#8221;url:https%3A%2F%2Fwww.muvika.com%2Fsite%2Ffi%2Fmuvika-karaoke%2Fmuvika-box-karaokelaite%2F|||&#8221; css=&#8221;.vc_custom_1556078317264{margin-top: -30px !important;}&#8221;][\/vc_column][vc_column width=&#8221;1\/12&#8243;][\/vc_column][\/vc_row][vc_row][vc_column][vc_separator el_width=&#8221;90&#8243; css=&#8221;.vc_custom_1544979250354{margin-top: 30px !important;margin-bottom: 30px !important;}&#8221;][\/vc_column][\/vc_row][vc_row][vc_column][vc_column_text]<\/p>\n<h2 style=\"text-align: center;\">Muvika-palvelun k\u00e4ytt\u00f6\u00f6notto on helppoa<\/h2>\n<p>[\/vc_column_text][\/vc_column][\/vc_row][vc_row css=&#8221;.vc_custom_1544979108242{margin-top: -30px !important;}&#8221;][vc_column width=&#8221;1\/2&#8243;][vc_single_image image=&#8221;4857&#8243; img_size=&#8221;large&#8221; alignment=&#8221;center&#8221; style=&#8221;vc_box_shadow&#8221; onclick=&#8221;link_image&#8221;][\/vc_column][vc_column width=&#8221;1\/2&#8243;][vc_column_text]<\/p>\n<h5>1. Luo Muvika-tili<\/h5>\n<h5>2. Aloita ilmainen kuukausi<\/h5>\n<p>Voit k\u00e4ytt\u00e4\u00e4 Muvika-palvelua kuukauden ajan ilmaiseksi t\u00e4ysin rajoittamatta.<\/p>\n<h5>3. Laulamaan!<\/h5>\n<p>Laulajaprofiilisi, suosikkisi ja soittolistasi ovat k\u00e4ytett\u00e4viss\u00e4 miss\u00e4 tahansa, milloin tahansa![\/vc_column_text][\/vc_column][\/vc_row]<\/p>\n","protected":false},"excerpt":{"rendered":"<p>[vc_row el_id=&#8221;slider&#8221; fullwidth=&#8221;yes&#8221; el_class=&#8221;slider1&#8243;][vc_column][rev_slider_vc alias=&#8221;home_fullscreen&#8221;][\/vc_column][\/vc_row] [vc_row][vc_column width=&#8221;1\/2&#8243;][vc_column_text css_animation=&#8221;bounceInDown&#8221;] T\u00e4ydellinen nettikaraoke! Muvika Karaoke on netiss\u00e4 toimiva karaokepalvelu, jolla saat k\u00e4ytt\u00f6\u00f6si yli 100 000 karaokekappaletta yhdell\u00e4 edullisella kuukausimaksulla. Palvelua k\u00e4ytet\u00e4\u00e4n joko nettisivulta tai Muvika Box -laitteella. Ei en\u00e4\u00e4 hankalia fyysisi\u00e4 levyj\u00e4 &#8211; k\u00e4yt\u00e4 karaokesoittimena tietokonetta, k\u00e4nnykk\u00e4\u00e4, tablettia tai Muvika Boxia. [\/vc_column_text][\/vc_column][vc_column width=&#8221;1\/2&#8243;][vc_single_image [&hellip;]<\/p>\n","protected":false},"author":1,"featured_media":0,"parent":0,"menu_order":0,"comment_status":"closed","ping_status":"closed","template":"page-templates\/template-fullwidth.php","meta":{"_mi_skip_tracking":false},"yoast_head":"<!-- This site is optimized with the Yoast SEO plugin v20.3 - https:\/\/yoast.com\/wordpress\/plugins\/seo\/ -->\n<title>Etusivu - MUVIKA<\/title>\n<meta name=\"robots\" content=\"index, follow, max-snippet:-1, max-image-preview:large, max-video-preview:-1\" \/>\n<link rel=\"canonical\" href=\"https:\/\/www.muvika.com\/site\/\" \/>\n<meta property=\"og:locale\" content=\"en_US\" \/>\n<meta property=\"og:type\" content=\"article\" \/>\n<meta property=\"og:title\" content=\"Etusivu - MUVIKA\" \/>\n<meta property=\"og:description\" content=\"[vc_row el_id=&#8221;slider&#8221; fullwidth=&#8221;yes&#8221; el_class=&#8221;slider1&#8243;][vc_column][rev_slider_vc alias=&#8221;home_fullscreen&#8221;][\/vc_column][\/vc_row] [vc_row][vc_column width=&#8221;1\/2&#8243;][vc_column_text css_animation=&#8221;bounceInDown&#8221;] T\u00e4ydellinen nettikaraoke! Muvika Karaoke on netiss\u00e4 toimiva karaokepalvelu, jolla saat k\u00e4ytt\u00f6\u00f6si yli 100 000 karaokekappaletta yhdell\u00e4 edullisella kuukausimaksulla. Palvelua k\u00e4ytet\u00e4\u00e4n joko nettisivulta tai Muvika Box -laitteella. Ei en\u00e4\u00e4 hankalia fyysisi\u00e4 levyj\u00e4 &#8211; k\u00e4yt\u00e4 karaokesoittimena tietokonetta, k\u00e4nnykk\u00e4\u00e4, tablettia tai Muvika Boxia. [\/vc_column_text][\/vc_column][vc_column width=&#8221;1\/2&#8243;][vc_single_image [&hellip;]\" \/>\n<meta property=\"og:url\" content=\"https:\/\/www.muvika.com\/site\/fi\/\" \/>\n<meta property=\"og:site_name\" content=\"MUVIKA\" \/>\n<meta property=\"article:publisher\" content=\"https:\/\/www.facebook.com\/muvikasuomi\/\" \/>\n<meta property=\"article:modified_time\" content=\"2025-01-03T12:02:15+00:00\" \/>\n<meta property=\"og:image\" content=\"https:\/\/www.muvika.com\/site\/wp-content\/uploads\/2016\/12\/Muvika-tv-mainos-2.jpg\" \/>\n\t<meta property=\"og:image:width\" content=\"1920\" \/>\n\t<meta property=\"og:image:height\" content=\"1080\" \/>\n\t<meta property=\"og:image:type\" content=\"image\/jpeg\" \/>\n<meta name=\"twitter:card\" content=\"summary_large_image\" \/>\n<meta name=\"twitter:label1\" content=\"Est. reading time\" \/>\n\t<meta name=\"twitter:data1\" content=\"2 minutes\" \/>\n<script type=\"application\/ld+json\" class=\"yoast-schema-graph\">{\"@context\":\"https:\/\/schema.org\",\"@graph\":[{\"@type\":\"WebPage\",\"@id\":\"https:\/\/www.muvika.com\/site\/fi\/\",\"url\":\"https:\/\/www.muvika.com\/site\/fi\/\",\"name\":\"Etusivu - MUVIKA\",\"isPartOf\":{\"@id\":\"https:\/\/www.muvika.com\/site\/#website\"},\"datePublished\":\"2014-08-26T14:16:19+00:00\",\"dateModified\":\"2025-01-03T12:02:15+00:00\",\"breadcrumb\":{\"@id\":\"https:\/\/www.muvika.com\/site\/fi\/#breadcrumb\"},\"inLanguage\":\"en-US\",\"potentialAction\":[{\"@type\":\"ReadAction\",\"target\":[\"https:\/\/www.muvika.com\/site\/fi\/\"]}]},{\"@type\":\"BreadcrumbList\",\"@id\":\"https:\/\/www.muvika.com\/site\/fi\/#breadcrumb\",\"itemListElement\":[{\"@type\":\"ListItem\",\"position\":1,\"name\":\"Home\",\"item\":\"https:\/\/www.muvika.com\/site\/\"},{\"@type\":\"ListItem\",\"position\":2,\"name\":\"Etusivu\"}]},{\"@type\":\"WebSite\",\"@id\":\"https:\/\/www.muvika.com\/site\/#website\",\"url\":\"https:\/\/www.muvika.com\/site\/\",\"name\":\"MUVIKA\",\"description\":\"Streaming online karaoke service\",\"publisher\":{\"@id\":\"https:\/\/www.muvika.com\/site\/#organization\"},\"potentialAction\":[{\"@type\":\"SearchAction\",\"target\":{\"@type\":\"EntryPoint\",\"urlTemplate\":\"https:\/\/www.muvika.com\/site\/?s={search_term_string}\"},\"query-input\":\"required name=search_term_string\"}],\"inLanguage\":\"en-US\"},{\"@type\":\"Organization\",\"@id\":\"https:\/\/www.muvika.com\/site\/#organization\",\"name\":\"Muvika Oy\",\"url\":\"https:\/\/www.muvika.com\/site\/\",\"logo\":{\"@type\":\"ImageObject\",\"inLanguage\":\"en-US\",\"@id\":\"https:\/\/www.muvika.com\/site\/#\/schema\/logo\/image\/\",\"url\":\"https:\/\/www.muvika.com\/site\/wp-content\/uploads\/2014\/11\/MUVIKA-karaoke-logo-no-shadow.png\",\"contentUrl\":\"https:\/\/www.muvika.com\/site\/wp-content\/uploads\/2014\/11\/MUVIKA-karaoke-logo-no-shadow.png\",\"width\":2048,\"height\":1288,\"caption\":\"Muvika Oy\"},\"image\":{\"@id\":\"https:\/\/www.muvika.com\/site\/#\/schema\/logo\/image\/\"},\"sameAs\":[\"https:\/\/www.facebook.com\/muvikasuomi\/\"]}]}<\/script>\n<!-- \/ Yoast SEO plugin. -->","yoast_head_json":{"title":"Etusivu - MUVIKA","robots":{"index":"index","follow":"follow","max-snippet":"max-snippet:-1","max-image-preview":"max-image-preview:large","max-video-preview":"max-video-preview:-1"},"canonical":"https:\/\/www.muvika.com\/site\/","og_locale":"en_US","og_type":"article","og_title":"Etusivu - MUVIKA","og_description":"[vc_row el_id=&#8221;slider&#8221; fullwidth=&#8221;yes&#8221; el_class=&#8221;slider1&#8243;][vc_column][rev_slider_vc alias=&#8221;home_fullscreen&#8221;][\/vc_column][\/vc_row] [vc_row][vc_column width=&#8221;1\/2&#8243;][vc_column_text css_animation=&#8221;bounceInDown&#8221;] T\u00e4ydellinen nettikaraoke! Muvika Karaoke on netiss\u00e4 toimiva karaokepalvelu, jolla saat k\u00e4ytt\u00f6\u00f6si yli 100 000 karaokekappaletta yhdell\u00e4 edullisella kuukausimaksulla. Palvelua k\u00e4ytet\u00e4\u00e4n joko nettisivulta tai Muvika Box -laitteella. Ei en\u00e4\u00e4 hankalia fyysisi\u00e4 levyj\u00e4 &#8211; k\u00e4yt\u00e4 karaokesoittimena tietokonetta, k\u00e4nnykk\u00e4\u00e4, tablettia tai Muvika Boxia. [\/vc_column_text][\/vc_column][vc_column width=&#8221;1\/2&#8243;][vc_single_image [&hellip;]","og_url":"https:\/\/www.muvika.com\/site\/fi\/","og_site_name":"MUVIKA","article_publisher":"https:\/\/www.facebook.com\/muvikasuomi\/","article_modified_time":"2025-01-03T12:02:15+00:00","og_image":[{"width":1920,"height":1080,"url":"https:\/\/www.muvika.com\/site\/wp-content\/uploads\/2016\/12\/Muvika-tv-mainos-2.jpg","type":"image\/jpeg"}],"twitter_card":"summary_large_image","twitter_misc":{"Est. reading time":"2 minutes"},"schema":{"@context":"https:\/\/schema.org","@graph":[{"@type":"WebPage","@id":"https:\/\/www.muvika.com\/site\/fi\/","url":"https:\/\/www.muvika.com\/site\/fi\/","name":"Etusivu - MUVIKA","isPartOf":{"@id":"https:\/\/www.muvika.com\/site\/#website"},"datePublished":"2014-08-26T14:16:19+00:00","dateModified":"2025-01-03T12:02:15+00:00","breadcrumb":{"@id":"https:\/\/www.muvika.com\/site\/fi\/#breadcrumb"},"inLanguage":"en-US","potentialAction":[{"@type":"ReadAction","target":["https:\/\/www.muvika.com\/site\/fi\/"]}]},{"@type":"BreadcrumbList","@id":"https:\/\/www.muvika.com\/site\/fi\/#breadcrumb","itemListElement":[{"@type":"ListItem","position":1,"name":"Home","item":"https:\/\/www.muvika.com\/site\/"},{"@type":"ListItem","position":2,"name":"Etusivu"}]},{"@type":"WebSite","@id":"https:\/\/www.muvika.com\/site\/#website","url":"https:\/\/www.muvika.com\/site\/","name":"MUVIKA","description":"Streaming online karaoke service","publisher":{"@id":"https:\/\/www.muvika.com\/site\/#organization"},"potentialAction":[{"@type":"SearchAction","target":{"@type":"EntryPoint","urlTemplate":"https:\/\/www.muvika.com\/site\/?s={search_term_string}"},"query-input":"required name=search_term_string"}],"inLanguage":"en-US"},{"@type":"Organization","@id":"https:\/\/www.muvika.com\/site\/#organization","name":"Muvika Oy","url":"https:\/\/www.muvika.com\/site\/","logo":{"@type":"ImageObject","inLanguage":"en-US","@id":"https:\/\/www.muvika.com\/site\/#\/schema\/logo\/image\/","url":"https:\/\/www.muvika.com\/site\/wp-content\/uploads\/2014\/11\/MUVIKA-karaoke-logo-no-shadow.png","contentUrl":"https:\/\/www.muvika.com\/site\/wp-content\/uploads\/2014\/11\/MUVIKA-karaoke-logo-no-shadow.png","width":2048,"height":1288,"caption":"Muvika Oy"},"image":{"@id":"https:\/\/www.muvika.com\/site\/#\/schema\/logo\/image\/"},"sameAs":["https:\/\/www.facebook.com\/muvikasuomi\/"]}]}},"_links":{"self":[{"href":"https:\/\/www.muvika.com\/site\/wp-json\/wp\/v2\/pages\/819"}],"collection":[{"href":"https:\/\/www.muvika.com\/site\/wp-json\/wp\/v2\/pages"}],"about":[{"href":"https:\/\/www.muvika.com\/site\/wp-json\/wp\/v2\/types\/page"}],"author":[{"embeddable":true,"href":"https:\/\/www.muvika.com\/site\/wp-json\/wp\/v2\/users\/1"}],"replies":[{"embeddable":true,"href":"https:\/\/www.muvika.com\/site\/wp-json\/wp\/v2\/comments?post=819"}],"version-history":[{"count":12,"href":"https:\/\/www.muvika.com\/site\/wp-json\/wp\/v2\/pages\/819\/revisions"}],"predecessor-version":[{"id":6129,"href":"https:\/\/www.muvika.com\/site\/wp-json\/wp\/v2\/pages\/819\/revisions\/6129"}],"wp:attachment":[{"href":"https:\/\/www.muvika.com\/site\/wp-json\/wp\/v2\/media?parent=819"}],"curies":[{"name":"wp","href":"https:\/\/api.w.org\/{rel}","templated":true}]}}